{"id":2386,"date":"2021-09-02T17:28:32","date_gmt":"2021-09-02T17:28:32","guid":{"rendered":"https:\/\/diskproject.eu\/?page_id=2386"},"modified":"2023-01-30T12:27:00","modified_gmt":"2023-01-30T12:27:00","slug":"proyecto","status":"publish","type":"page","link":"https:\/\/diskproject.eu\/es\/proyecto\/","title":{"rendered":"Proyecto"},"content":{"rendered":"\t\t<div data-elementor-type=\"wp-page\" data-elementor-id=\"2386\" class=\"elementor elementor-2386 elementor-2153\">\n\t\t\t\t\t\t\t\t\t<section class=\"elementor-section elementor-top-section elementor-element elementor-element-72f65d1d elementor-section-boxed elementor-section-height-default elementor-section-height-default\" data-id=\"72f65d1d\" data-element_type=\"section\">\n\t\t\t\t\t\t<div class=\"elementor-container elementor-column-gap-default\">\n\t\t\t\t\t<div class=\"elementor-column elementor-col-100 elementor-top-column elementor-element elementor-element-6a9d881\" data-id=\"6a9d881\" data-element_type=\"column\">\n\t\t\t<div class=\"elementor-widget-wrap elementor-element-populated\">\n\t\t\t\t\t\t\t\t<div class=\"elementor-element elementor-element-23d9fe3d elementor-widget elementor-widget-text-editor\" data-id=\"23d9fe3d\" data-element_type=\"widget\" data-widget_type=\"text-editor.default\">\n\t\t\t\t<div class=\"elementor-widget-container\">\n\t\t\t\t\t\t\t\n<p>La soledad, el aislamiento y la exclusi\u00f3n social son importantes factores de riesgo que pueden provocar un deterioro en la salud de las personas mayores, especialmente en ausencia de redes familiares o por un apoyo familiar insuficiente. El proyecto DISK pretende tratar estos problemas mediante la promoci\u00f3n del envejecimiento activo, animando a los mayores a adoptar una serie de buenas pr\u00e1cticas para preservar su salud mediante el uso de las nuevas tecnolog\u00edas.<div class=\"wp-block-image\"><figure class=\"alignleft size-full is-resized\"><img loading=\"lazy\" src=\"https:\/\/diskproject.eu\/wp-content\/uploads\/2022\/02\/18813.png\" alt=\"\" class=\"wp-image-3023\" width=\"372\" height=\"206\" srcset=\"https:\/\/diskproject.eu\/wp-content\/uploads\/2022\/02\/18813.png 438w, https:\/\/diskproject.eu\/wp-content\/uploads\/2022\/02\/18813-300x166.png 300w\" sizes=\"(max-width: 372px) 100vw, 372px\" \/><figcaption><a href=\"https:\/\/www.freepik.com\/vectors\/computer-cartoon\">image by: freepik.com<\/a><\/figcaption><\/figure><\/div> <\/p>\n\n\n\n<p>M\u00e1s concretamente, el proyecto pretende crear y evaluar una plataforma que re\u00fana varios cursos formativos para mejorar la memoria y las habilidades de aprendizaje de las personas mayores, as\u00ed como para familiarizarse con servicios pr\u00e1cticos relacionados con la compra online, diversas reservas, etc. Gracias a esta formaci\u00f3n, esperamos mejorar la capacidad cognitiva y la salud de los mayores y frenar el declive de la memoria y de las capacidades cognitivas. Adem\u00e1s, la gran flexibilidad de las herramientas tecnol\u00f3gicas permitir\u00e1 que el contenido de la formaci\u00f3n sea variado, adapt\u00e1ndose a las necesidades individuales de aprendizaje (por ejemplo, lengua extranjera frente a servicios cotidianos, etc.).<\/p>\n\n\n\n<p>Resultados intelectuales<\/p>\n\n\n\n<p>En la pr\u00e1ctica, los principales resultados que se conseguir\u00e1n durante el proyecto DISK y su finalizaci\u00f3n son:<\/p>\n\n\n\n<p>IO1: Plataforma de Recursos Educativos Abiertos: proporcionar\u00e1 acceso p\u00fablico a todos los materiales de ense\u00f1anza y formaci\u00f3n que se subir\u00e1n a la plataforma online (incluido los cursos de aprendizaje electr\u00f3nico para todos los diferentes actores clave, la gu\u00eda de participaci\u00f3n comunitaria, etc.)<\/p>\n\n\n\n<p>IO2: Contenido de entrenamiento cognitivo: los juegos y cuestionarios para el entrenamiento cognitivo formar\u00e1n parte de un paquete completo. Estos ejercicios se pueden practicar online en la plataforma del proyecto y est\u00e1n dise\u00f1ados para estimular las capacidades cognitivas y la plasticidad cerebral de los mayores.<br>IO3: Gu\u00eda y recomendaciones pol\u00edticas: incluye una recomendaci\u00f3n pol\u00edtica y directrices sobre el uso futuro de los itinerarios creados para los mayores.<br>Proyecto Disk<\/p>\n\n\n\n<p>La soledad, el aislamiento y la exclusi\u00f3n social son importantes factores de riesgo que pueden provocar un deterioro en la salud de las personas mayores, especialmente en ausencia de redes familiares o por un apoyo familiar insuficiente. El proyecto DISK pretende tratar estos problemas mediante la promoci\u00f3n del envejecimiento activo, animando a los mayores a adoptar una serie de buenas pr\u00e1cticas que les permita preservar su salud utilizando las nuevas tecnolog\u00edas.<\/p>\n\t\t\t\t\t\t<\/div>\n\t\t\t\t<\/div>\n\t\t\t\t\t<\/div>\n\t\t<\/div>\n\t\t\t\t\t\t\t<\/div>\n\t\t<\/section>\n\t\t\t\t<section class=\"elementor-section elementor-top-section elementor-element elementor-element-57b7bf8 elementor-section-boxed elementor-section-height-default elementor-section-height-default\" data-id=\"57b7bf8\" data-element_type=\"section\">\n\t\t\t\t\t\t<div class=\"elementor-container elementor-column-gap-default\">\n\t\t\t\t\t<div class=\"elementor-column elementor-col-100 elementor-top-column elementor-element elementor-element-bce0429\" data-id=\"bce0429\" data-element_type=\"column\">\n\t\t\t<div class=\"elementor-widget-wrap elementor-element-populated\">\n\t\t\t\t\t\t\t\t<div class=\"elementor-element elementor-element-9d6a5d9 elementor-widget elementor-widget-text-editor\" data-id=\"9d6a5d9\" data-element_type=\"widget\" data-widget_type=\"text-editor.default\">\n\t\t\t\t<div class=\"elementor-widget-container\">\n\t\t\t\t\t\t\t<p><strong>Directrices para la formaci\u00f3n del futuro<\/strong><\/p><\/p> \n\u00a1Desbloquee el futuro con nuestras Directrices para mayores! Haga clic a continuaci\u00f3n para descargar el resumen de nuestras futuras directrices para seguir apoyando los resultados de este proyecto.<\/p><\/p>  \nDescargar el resumen de las directrices: \n\t\t\t\t\t\t<\/div>\n\t\t\t\t<\/div>\n\t\t\t\t\t<\/div>\n\t\t<\/div>\n\t\t\t\t\t\t\t<\/div>\n\t\t<\/section>\n\t\t\t\t<section class=\"elementor-section elementor-top-section elementor-element elementor-element-fefc411 elementor-section-boxed elementor-section-height-default elementor-section-height-default\" data-id=\"fefc411\" data-element_type=\"section\">\n\t\t\t\t\t\t<div class=\"elementor-container elementor-column-gap-default\">\n\t\t\t\t\t<div class=\"elementor-column elementor-col-100 elementor-top-column elementor-element elementor-element-70a9ea2\" data-id=\"70a9ea2\" data-element_type=\"column\">\n\t\t\t<div class=\"elementor-widget-wrap elementor-element-populated\">\n\t\t\t\t\t\t\t\t<div class=\"elementor-element elementor-element-31b5c6e elementor-widget elementor-widget-button\" data-id=\"31b5c6e\" data-element_type=\"widget\" data-widget_type=\"button.default\">\n\t\t\t\t<div class=\"elementor-widget-container\">\n\t\t\t\t\t<div class=\"elementor-button-wrapper\">\n\t\t\t<a href=\"https:\/\/diskproject.eu\/wp-content\/uploads\/2023\/01\/SPA_Future-Guidelines_Summary.pdf\" target=\"_blank\" class=\"elementor-button-link elementor-button elementor-size-sm\" role=\"button\">\n\t\t\t\t\t\t<span class=\"elementor-button-content-wrapper\">\n\t\t\t\t\t\t<span class=\"elementor-button-text\">Pulse aqu\u00ed<\/span>\n\t\t<\/span>\n\t\t\t\t\t<\/a>\n\t\t<\/div>\n\t\t\t\t<\/div>\n\t\t\t\t<\/div>\n\t\t\t\t\t<\/div>\n\t\t<\/div>\n\t\t\t\t\t\t\t<\/div>\n\t\t<\/section>\n\t\t\t\t<section class=\"elementor-section elementor-top-section elementor-element elementor-element-e120fe9 elementor-section-boxed elementor-section-height-default elementor-section-height-default\" data-id=\"e120fe9\" data-element_type=\"section\">\n\t\t\t\t\t\t<div class=\"elementor-container elementor-column-gap-default\">\n\t\t\t\t\t<div class=\"elementor-column elementor-col-100 elementor-top-column elementor-element elementor-element-f809f5e\" data-id=\"f809f5e\" data-element_type=\"column\">\n\t\t\t<div class=\"elementor-widget-wrap elementor-element-populated\">\n\t\t\t\t\t\t\t\t<div class=\"elementor-element elementor-element-ad22720 elementor-widget elementor-widget-text-editor\" data-id=\"ad22720\" data-element_type=\"widget\" data-widget_type=\"text-editor.default\">\n\t\t\t\t<div class=\"elementor-widget-container\">\n\t\t\t\t\t\t\t<p><strong>Recomendaciones pol\u00edticas<\/strong><\/p><\/p> \nAyude a configurar el futuro de la atenci\u00f3n a las personas mayores con nuestras Recomendaciones pol\u00edticas. Descargue el resumen de las orientaciones pol\u00edticas en favor de un envejecimiento activo para todos.<\/p><\/p>  \nDescargar el Resumen de Recomendaciones: \t\t\t\t\t\t<\/div>\n\t\t\t\t<\/div>\n\t\t\t\t<div class=\"elementor-element elementor-element-1f50445 elementor-widget elementor-widget-button\" data-id=\"1f50445\" data-element_type=\"widget\" data-widget_type=\"button.default\">\n\t\t\t\t<div class=\"elementor-widget-container\">\n\t\t\t\t\t<div class=\"elementor-button-wrapper\">\n\t\t\t<a href=\"https:\/\/diskproject.eu\/wp-content\/uploads\/2023\/01\/SPA_Policy-recommendations_ES.docx.pdf\" target=\"_blank\" class=\"elementor-button-link elementor-button elementor-size-sm\" role=\"button\">\n\t\t\t\t\t\t<span class=\"elementor-button-content-wrapper\">\n\t\t\t\t\t\t<span class=\"elementor-button-text\">Pulse aqu\u00ed<\/span>\n\t\t<\/span>\n\t\t\t\t\t<\/a>\n\t\t<\/div>\n\t\t\t\t<\/div>\n\t\t\t\t<\/div>\n\t\t\t\t\t<\/div>\n\t\t<\/div>\n\t\t\t\t\t\t\t<\/div>\n\t\t<\/section>\n\t\t\t\t<section class=\"elementor-section elementor-top-section elementor-element elementor-element-6ddea92 elementor-section-boxed elementor-section-height-default elementor-section-height-default\" data-id=\"6ddea92\" data-element_type=\"section\">\n\t\t\t\t\t\t<div class=\"elementor-container elementor-column-gap-default\">\n\t\t\t\t\t<div class=\"elementor-column elementor-col-100 elementor-top-column elementor-element elementor-element-1630cba\" data-id=\"1630cba\" data-element_type=\"column\">\n\t\t\t<div class=\"elementor-widget-wrap\">\n\t\t\t\t\t\t\t\t\t<\/div>\n\t\t<\/div>\n\t\t\t\t\t\t\t<\/div>\n\t\t<\/section>\n\t\t\t\t\t\t\t<\/div>\n\t\t","protected":false},"excerpt":{"rendered":"<p>La soledad, el aislamiento y la exclusi\u00f3n social son importantes factores de riesgo que pueden provocar un deterioro en la salud de las personas mayores, especialmente en ausencia de redes [&hellip;]<\/p>\n","protected":false},"author":1,"featured_media":0,"parent":0,"menu_order":0,"comment_status":"closed","ping_status":"closed","template":"","meta":[],"_links":{"self":[{"href":"https:\/\/diskproject.eu\/es\/wp-json\/wp\/v2\/pages\/2386"}],"collection":[{"href":"https:\/\/diskproject.eu\/es\/wp-json\/wp\/v2\/pages"}],"about":[{"href":"https:\/\/diskproject.eu\/es\/wp-json\/wp\/v2\/types\/page"}],"author":[{"embeddable":true,"href":"https:\/\/diskproject.eu\/es\/wp-json\/wp\/v2\/users\/1"}],"replies":[{"embeddable":true,"href":"https:\/\/diskproject.eu\/es\/wp-json\/wp\/v2\/comments?post=2386"}],"version-history":[{"count":40,"href":"https:\/\/diskproject.eu\/es\/wp-json\/wp\/v2\/pages\/2386\/revisions"}],"predecessor-version":[{"id":8210,"href":"https:\/\/diskproject.eu\/es\/wp-json\/wp\/v2\/pages\/2386\/revisions\/8210"}],"wp:attachment":[{"href":"https:\/\/diskproject.eu\/es\/wp-json\/wp\/v2\/media?parent=2386"}],"curies":[{"name":"wp","href":"https:\/\/api.w.org\/{rel}","templated":true}]}}