{"id":2434,"date":"2021-09-03T10:01:35","date_gmt":"2021-09-03T10:01:35","guid":{"rendered":"https:\/\/diskproject.eu\/?page_id=2434"},"modified":"2022-04-28T12:33:47","modified_gmt":"2022-04-28T12:33:47","slug":"fuori-dal-sommerso","status":"publish","type":"page","link":"https:\/\/diskproject.eu\/es\/socios\/fuori-dal-sommerso\/","title":{"rendered":"FUORI DAL SOMMERSO"},"content":{"rendered":"\t\t<div data-elementor-type=\"wp-page\" data-elementor-id=\"2434\" class=\"elementor elementor-2434 elementor-2224\">\n\t\t\t\t\t\t\t\t\t<section class=\"elementor-section elementor-top-section elementor-element elementor-element-ea809bc elementor-section-boxed elementor-section-height-default elementor-section-height-default\" data-id=\"ea809bc\" data-element_type=\"section\">\n\t\t\t\t\t\t<div class=\"elementor-container elementor-column-gap-default\">\n\t\t\t\t\t<div class=\"elementor-column elementor-col-33 elementor-top-column elementor-element elementor-element-7b0e248\" data-id=\"7b0e248\" data-element_type=\"column\">\n\t\t\t<div class=\"elementor-widget-wrap elementor-element-populated\">\n\t\t\t\t\t\t\t\t<div class=\"elementor-element elementor-element-bb7ba8d elementor-widget elementor-widget-image\" data-id=\"bb7ba8d\" data-element_type=\"widget\" data-widget_type=\"image.default\">\n\t\t\t\t<div class=\"elementor-widget-container\">\n\t\t\t\t\t\t\t\t\t\t\t\t\t\t\t<img width=\"188\" height=\"188\" src=\"https:\/\/diskproject.eu\/wp-content\/uploads\/2021\/05\/fuori-dal-sommerso-1.png\" class=\"attachment-medium size-medium\" alt=\"\" loading=\"lazy\" srcset=\"https:\/\/diskproject.eu\/wp-content\/uploads\/2021\/05\/fuori-dal-sommerso-1.png 188w, https:\/\/diskproject.eu\/wp-content\/uploads\/2021\/05\/fuori-dal-sommerso-1-150x150.png 150w, https:\/\/diskproject.eu\/wp-content\/uploads\/2021\/05\/fuori-dal-sommerso-1-75x75.png 75w\" sizes=\"(max-width: 188px) 100vw, 188px\" \/>\t\t\t\t\t\t\t\t\t\t\t\t\t\t\t<\/div>\n\t\t\t\t<\/div>\n\t\t\t\t\t<\/div>\n\t\t<\/div>\n\t\t\t\t<div class=\"elementor-column elementor-col-66 elementor-top-column elementor-element elementor-element-725b4b7\" data-id=\"725b4b7\" data-element_type=\"column\">\n\t\t\t<div class=\"elementor-widget-wrap elementor-element-populated\">\n\t\t\t\t\t\t\t\t<div class=\"elementor-element elementor-element-251dec8 elementor-widget elementor-widget-text-editor\" data-id=\"251dec8\" data-element_type=\"widget\" data-widget_type=\"text-editor.default\">\n\t\t\t\t<div class=\"elementor-widget-container\">\n\t\t\t\t\t\t\t<p>FUORI DAL SOMMERSO: La Cooperativa Fuori dal Sommerso es una organizaci\u00f3n sin \u00e1nimo de lucro fundada en Mesagne (en Puglia, en el Sur de Italia) en el 2001; cuenta con un equipo de 21 profesionales y trabaja en el \u00e1mbito de los adultos, el envejecimiento activo, y la integraci\u00f3n social y laboral de grupos vulnerables (en particular, personas con discapacidad).<\/p><p>Nuestra misi\u00f3n es mejorar la calidad de vida de los mayores manteniendo su independencia y su dignidad.<\/p><p>Nuestros servicios de apoyo ayudan a los mayores a satisfacer sus necesidades de la vida diaria en el hogar, lo que repercute en gran medida en su salud y en su capacidad para seguir viviendo de manera independiente. Con la ayuda de la comunidad, las personas mayores pueden prosperar en casa, donde son m\u00e1s felices. Nosotros somos la red de seguridad.<\/p><p>SOMMERSO ofrece un sistema de apoyo vital para las personas mayores vulnerables con opciones limitadas que, de otro modo, no tendr\u00edan acceso a los servicios o no podr\u00edan pagarlos.<\/p><p>En concreto, nuestros servicios principales son: ayuda a domicilio, distribuci\u00f3n de comidas y talleres para adultos. Es posible que podamos remitir a las personas discapacitadas a viviendas accesibles en silla de ruedas o al transporte o a otros servicios de nuestra ciudad. Adem\u00e1s, peri\u00f3dicamente organizamos eventos recreativos para ofrecer la oportunidad de una mayor interacci\u00f3n y socializaci\u00f3n entre nuestro grupo objetivo.<\/p><p>Por \u00faltimo, nos adherimos a la red europea Euro-net, que trabaja en el desarrollo de la formaci\u00f3n, movilidad y cooperaci\u00f3n europea para la regi\u00f3n Puglia.<\/p><p>Sommerso ofrece dos tipos de servicios de atenci\u00f3n domiciliaria para los mayores: <br \/>\u2981 rehabilitaci\u00f3n, servicios de apoyo, de promoci\u00f3n de la salud o de prevenci\u00f3n de la enfermedad, y cuidados t\u00e9cnicos de enfermer\u00eda, tanto para las afecciones cr\u00f3nicas como para las agudas (estos \u00faltimos m\u00e1s conocidos como programas de hospitalizaci\u00f3n a domicilio), terapia ocupacional y fisioterapia; <br \/>\u2981 La mayor\u00eda de los destinatarios de la atenci\u00f3n m\u00e9dica en casa ser\u00edan las personas mayores, personas que tienen enfermedades complejas y con enfermedades terminales. (Art 88 Regi\u00f3n Puglia)<br \/>En cambio, los servicios de ayuda a domicilio, tradicionalmente proporcionados por el sector de los servicios sociales, comprenden:<\/p><p>\u2981 Tareas dom\u00e9sticas, como comprar, cocinar, limpiar y tr\u00e1mites administrativos (como rellenar formularios y pagar facturas), actividades como socializar o dar un paseo y proveer cuidado personal (ayudar para ba\u00f1arse y vestirse, etc.);<br \/>\u2981 Estos servicios suelen sustituir a los cuidados informales; sin embargo, tambi\u00e9n pueden estimularlo (ayuda a familiares, vecinos o amigos) y proporcionan apoyo moral y psicol\u00f3gico (orientaci\u00f3n y asesoramiento);<br \/>\u2981 Una vez m\u00e1s, la mayor\u00eda de las personas que reciben servicios de ayuda a domicilio son personas mayores, muchas de las cuales viven solas. (Art 87 Regi\u00f3n Puglia)<br \/>Los asistentes de atenci\u00f3n domiciliaria, o ayudantes, son la base del personal de atenci\u00f3n domiciliaria, debido a la gran variedad de servicios que ofrecen. Estos servicios pueden oscilar entre la asistencia terap\u00e9utica y las actividades de la vida diaria, hasta la preparaci\u00f3n de la comida. Los auxiliares de atenci\u00f3n domiciliaria son los que visitan m\u00e1s a menudo y los que pasan m\u00e1s tiempo con las personas que recibe los cuidados.<\/p>\t\t\t\t\t\t<\/div>\n\t\t\t\t<\/div>\n\t\t\t\t\t<\/div>\n\t\t<\/div>\n\t\t\t\t\t\t\t<\/div>\n\t\t<\/section>\n\t\t\t\t\t\t\t<\/div>\n\t\t","protected":false},"excerpt":{"rendered":"<p>FUORI DAL SOMMERSO: La Cooperativa Fuori dal Sommerso es una organizaci\u00f3n sin \u00e1nimo de lucro fundada en Mesagne (en Puglia, en el Sur de Italia) en el 2001; cuenta con [&hellip;]<\/p>\n","protected":false},"author":2,"featured_media":0,"parent":2678,"menu_order":0,"comment_status":"closed","ping_status":"closed","template":"","meta":[],"_links":{"self":[{"href":"https:\/\/diskproject.eu\/es\/wp-json\/wp\/v2\/pages\/2434"}],"collection":[{"href":"https:\/\/diskproject.eu\/es\/wp-json\/wp\/v2\/pages"}],"about":[{"href":"https:\/\/diskproject.eu\/es\/wp-json\/wp\/v2\/types\/page"}],"author":[{"embeddable":true,"href":"https:\/\/diskproject.eu\/es\/wp-json\/wp\/v2\/users\/2"}],"replies":[{"embeddable":true,"href":"https:\/\/diskproject.eu\/es\/wp-json\/wp\/v2\/comments?post=2434"}],"version-history":[{"count":5,"href":"https:\/\/diskproject.eu\/es\/wp-json\/wp\/v2\/pages\/2434\/revisions"}],"predecessor-version":[{"id":2445,"href":"https:\/\/diskproject.eu\/es\/wp-json\/wp\/v2\/pages\/2434\/revisions\/2445"}],"up":[{"embeddable":true,"href":"https:\/\/diskproject.eu\/es\/wp-json\/wp\/v2\/pages\/2678"}],"wp:attachment":[{"href":"https:\/\/diskproject.eu\/es\/wp-json\/wp\/v2\/media?parent=2434"}],"curies":[{"name":"wp","href":"https:\/\/api.w.org\/{rel}","templated":true}]}}