{"id":2436,"date":"2021-09-03T10:03:26","date_gmt":"2021-09-03T10:03:26","guid":{"rendered":"https:\/\/diskproject.eu\/?page_id=2436"},"modified":"2022-04-28T12:36:21","modified_gmt":"2022-04-28T12:36:21","slug":"institut-de-haute-formation-aux-politiques","status":"publish","type":"page","link":"https:\/\/diskproject.eu\/es\/socios\/institut-de-haute-formation-aux-politiques\/","title":{"rendered":"Institut de Haute Formation aux Politiques"},"content":{"rendered":"\t\t<div data-elementor-type=\"wp-page\" data-elementor-id=\"2436\" class=\"elementor elementor-2436 elementor-2229\">\n\t\t\t\t\t\t\t\t\t<section class=\"elementor-section elementor-top-section elementor-element elementor-element-f5ba5a9 elementor-section-boxed elementor-section-height-default elementor-section-height-default\" data-id=\"f5ba5a9\" data-element_type=\"section\">\n\t\t\t\t\t\t<div class=\"elementor-container elementor-column-gap-default\">\n\t\t\t\t\t<div class=\"elementor-column elementor-col-33 elementor-top-column elementor-element elementor-element-20d0170\" data-id=\"20d0170\" data-element_type=\"column\">\n\t\t\t<div class=\"elementor-widget-wrap elementor-element-populated\">\n\t\t\t\t\t\t\t\t<div class=\"elementor-element elementor-element-b8a5256 elementor-widget elementor-widget-image\" data-id=\"b8a5256\" data-element_type=\"widget\" data-widget_type=\"image.default\">\n\t\t\t\t<div class=\"elementor-widget-container\">\n\t\t\t\t\t\t\t\t\t\t\t\t\t\t\t<img width=\"259\" height=\"83\" src=\"https:\/\/diskproject.eu\/wp-content\/uploads\/2021\/05\/ihf-1.png\" class=\"attachment-medium size-medium\" alt=\"\" loading=\"lazy\" \/>\t\t\t\t\t\t\t\t\t\t\t\t\t\t\t<\/div>\n\t\t\t\t<\/div>\n\t\t\t\t\t<\/div>\n\t\t<\/div>\n\t\t\t\t<div class=\"elementor-column elementor-col-66 elementor-top-column elementor-element elementor-element-60f84ed\" data-id=\"60f84ed\" data-element_type=\"column\">\n\t\t\t<div class=\"elementor-widget-wrap elementor-element-populated\">\n\t\t\t\t\t\t\t\t<div class=\"elementor-element elementor-element-815ebbf elementor-widget elementor-widget-text-editor\" data-id=\"815ebbf\" data-element_type=\"widget\" data-widget_type=\"text-editor.default\">\n\t\t\t\t<div class=\"elementor-widget-container\">\n\t\t\t\t\t\t\t<p>Institut de Haute Formation aux Politiques Communautaires asbl (IHF asbl)<br \/>es una organizaci\u00f3n sin \u00e1nimo de lucro establecida y que opera en Bruselas (B\u00e9lgica) desde el 2003 para promover el conocimiento de los valores europeos y reforzar la capacidad de aprovechar las oportunidades a nivel europeo de un p\u00fablico diverso de j\u00f3venes, comunidad empresarial y acad\u00e9mica, as\u00ed como de los interlocutores sociales como las asociaciones y la administraci\u00f3n p\u00fablica.<\/p><p>La misi\u00f3n de IHF es aumentar la concienciaci\u00f3n sobre la integraci\u00f3n en la UE y ofrecer oportunidades de desarrollo de capacidades sobre las posibilidades de colaboraci\u00f3n transnacional de la UE a los representantes de tres grupos clave de interesados:<\/p><p>\u2981 La sociedad civil, con un enfoque especial en el Tercer sector y en las ONG, especialmente las de nivel b\u00e1sico (es decir, peque\u00f1as asociaciones que operan fuera de las \u00e1reas urbanas);<br \/>\u2981 El sector p\u00fablico, en particular las autoridades locales y regionales<br \/>\u2981 La comunidad empresarial, con \u00e9nfasis en los empresarios individuales, microempresas y PYMES. <br \/>Tem\u00e1ticamente, IHF asbl trabaja en una amplia gama de \u00e1reas y temas, como el trabajo juvenil, el empoderamiento social, la promoci\u00f3n del esp\u00edritu empresarial para grupos fr\u00e1giles (desempleados, demandantes de empleo, mujeres, etc.), las pol\u00edticas p\u00fablicas y la educaci\u00f3n. En todas estas \u00e1reas, IHF asbl realiza una investigaci\u00f3n y an\u00e1lisis de pol\u00edticas p\u00fablicas, elaborando memorandos e informes sobre temas pol\u00edticos espec\u00edficos. IHF proporciona tambi\u00e9n soluciones de formaci\u00f3n a medida para grupos espec\u00edficos, como j\u00f3venes profesionales o personas en desventaja socioecon\u00f3mica. IHF asbl es muy proactivo en Bruselas y organiza eventos de visibilidad y sensibilizaci\u00f3n, a menudo en colaboraci\u00f3n con las partes interesadas institucionales.<\/p><p>IHF asbl funciona como plataforma de colaboraci\u00f3n entre profesionales internacionales sobre los asuntos de la UE y de la integraci\u00f3n de la UE procedentes de la administraci\u00f3n p\u00fablica internacional, la comunidad acad\u00e9mica y de investigaci\u00f3n y el sector privado. Ser una red internacional tan consolidada, permite a IHF asbl realizar significativas actividades de visibilidad y difusi\u00f3n.<\/p>\t\t\t\t\t\t<\/div>\n\t\t\t\t<\/div>\n\t\t\t\t\t<\/div>\n\t\t<\/div>\n\t\t\t\t\t\t\t<\/div>\n\t\t<\/section>\n\t\t\t\t\t\t\t<\/div>\n\t\t","protected":false},"excerpt":{"rendered":"<p>Institut de Haute Formation aux Politiques Communautaires asbl (IHF asbl) es una organizaci\u00f3n sin \u00e1nimo de lucro establecida y que opera en Bruselas (B\u00e9lgica) desde el 2003 para promover el [&hellip;]<\/p>\n","protected":false},"author":2,"featured_media":0,"parent":2678,"menu_order":0,"comment_status":"closed","ping_status":"closed","template":"","meta":[],"_links":{"self":[{"href":"https:\/\/diskproject.eu\/es\/wp-json\/wp\/v2\/pages\/2436"}],"collection":[{"href":"https:\/\/diskproject.eu\/es\/wp-json\/wp\/v2\/pages"}],"about":[{"href":"https:\/\/diskproject.eu\/es\/wp-json\/wp\/v2\/types\/page"}],"author":[{"embeddable":true,"href":"https:\/\/diskproject.eu\/es\/wp-json\/wp\/v2\/users\/2"}],"replies":[{"embeddable":true,"href":"https:\/\/diskproject.eu\/es\/wp-json\/wp\/v2\/comments?post=2436"}],"version-history":[{"count":5,"href":"https:\/\/diskproject.eu\/es\/wp-json\/wp\/v2\/pages\/2436\/revisions"}],"predecessor-version":[{"id":2441,"href":"https:\/\/diskproject.eu\/es\/wp-json\/wp\/v2\/pages\/2436\/revisions\/2441"}],"up":[{"embeddable":true,"href":"https:\/\/diskproject.eu\/es\/wp-json\/wp\/v2\/pages\/2678"}],"wp:attachment":[{"href":"https:\/\/diskproject.eu\/es\/wp-json\/wp\/v2\/media?parent=2436"}],"curies":[{"name":"wp","href":"https:\/\/api.w.org\/{rel}","templated":true}]}}