{"id":2678,"date":"2021-09-04T07:37:01","date_gmt":"2021-09-04T07:37:01","guid":{"rendered":"https:\/\/diskproject.eu\/?page_id=2678"},"modified":"2022-09-15T08:46:11","modified_gmt":"2022-09-15T08:46:11","slug":"socios","status":"publish","type":"page","link":"https:\/\/diskproject.eu\/es\/socios\/","title":{"rendered":"Socios"},"content":{"rendered":"\t\t<div data-elementor-type=\"wp-page\" data-elementor-id=\"2678\" class=\"elementor elementor-2678 elementor-2159\">\n\t\t\t\t\t\t\t\t\t<section class=\"elementor-section elementor-top-section elementor-element elementor-element-12e0642 elementor-section-boxed elementor-section-height-default elementor-section-height-default\" data-id=\"12e0642\" data-element_type=\"section\">\n\t\t\t\t\t\t<div class=\"elementor-container elementor-column-gap-default\">\n\t\t\t\t\t<div class=\"elementor-column elementor-col-33 elementor-top-column elementor-element elementor-element-0a46e2e\" data-id=\"0a46e2e\" data-element_type=\"column\">\n\t\t\t<div class=\"elementor-widget-wrap elementor-element-populated\">\n\t\t\t\t\t\t\t\t<div class=\"elementor-element elementor-element-b39c538 elementor-widget elementor-widget-image\" data-id=\"b39c538\" data-element_type=\"widget\" data-widget_type=\"image.default\">\n\t\t\t\t<div class=\"elementor-widget-container\">\n\t\t\t\t\t\t\t\t\t\t\t\t\t\t\t<img width=\"150\" height=\"150\" src=\"https:\/\/diskproject.eu\/wp-content\/uploads\/2021\/05\/e-seniors-1-150x150.png\" class=\"attachment-thumbnail size-thumbnail\" alt=\"e-seniors\" loading=\"lazy\" srcset=\"https:\/\/diskproject.eu\/wp-content\/uploads\/2021\/05\/e-seniors-1-150x150.png 150w, https:\/\/diskproject.eu\/wp-content\/uploads\/2021\/05\/e-seniors-1-75x75.png 75w, https:\/\/diskproject.eu\/wp-content\/uploads\/2021\/05\/e-seniors-1.png 232w\" sizes=\"(max-width: 150px) 100vw, 150px\" \/>\t\t\t\t\t\t\t\t\t\t\t\t\t\t\t<\/div>\n\t\t\t\t<\/div>\n\t\t\t\t\t<\/div>\n\t\t<\/div>\n\t\t\t\t<div class=\"elementor-column elementor-col-66 elementor-top-column elementor-element elementor-element-160e0ae\" data-id=\"160e0ae\" data-element_type=\"column\">\n\t\t\t<div class=\"elementor-widget-wrap elementor-element-populated\">\n\t\t\t\t\t\t\t\t<div class=\"elementor-element elementor-element-08fabc0 elementor-widget elementor-widget-text-editor\" data-id=\"08fabc0\" data-element_type=\"widget\" data-widget_type=\"text-editor.default\">\n\t\t\t\t<div class=\"elementor-widget-container\">\n\t\t\t\t\t\t\t<p>E-Seniors es una organizaci\u00f3n sin \u00e1nimo de lucro, fundada en 2005. E-Seniors pretende luchar contra la e-exclusi\u00f3n ofreciendo formaci\u00f3n en TIC a los mayores (personas mayores de 55 a\u00f1os).<\/p><p><a href=\"https:\/\/diskproject.eu\/es\/socios\/e-seniors\/\">Read more<\/a><\/p>\t\t\t\t\t\t<\/div>\n\t\t\t\t<\/div>\n\t\t\t\t\t<\/div>\n\t\t<\/div>\n\t\t\t\t\t\t\t<\/div>\n\t\t<\/section>\n\t\t\t\t<section class=\"elementor-section elementor-top-section elementor-element elementor-element-4a93964 elementor-section-boxed elementor-section-height-default elementor-section-height-default\" data-id=\"4a93964\" data-element_type=\"section\">\n\t\t\t\t\t\t<div class=\"elementor-container elementor-column-gap-default\">\n\t\t\t\t\t<div class=\"elementor-column elementor-col-33 elementor-top-column elementor-element elementor-element-f4aae3e\" data-id=\"f4aae3e\" data-element_type=\"column\">\n\t\t\t<div class=\"elementor-widget-wrap elementor-element-populated\">\n\t\t\t\t\t\t\t\t<div class=\"elementor-element elementor-element-8e91576 elementor-widget elementor-widget-image\" data-id=\"8e91576\" data-element_type=\"widget\" data-widget_type=\"image.default\">\n\t\t\t\t<div class=\"elementor-widget-container\">\n\t\t\t\t\t\t\t\t\t\t\t\t\t\t\t<img width=\"150\" height=\"94\" src=\"https:\/\/diskproject.eu\/wp-content\/uploads\/2021\/05\/CDI-thumb-1.png\" class=\"attachment-thumbnail size-thumbnail\" alt=\"CDI\" loading=\"lazy\" \/>\t\t\t\t\t\t\t\t\t\t\t\t\t\t\t<\/div>\n\t\t\t\t<\/div>\n\t\t\t\t\t<\/div>\n\t\t<\/div>\n\t\t\t\t<div class=\"elementor-column elementor-col-66 elementor-top-column elementor-element elementor-element-8b5b9dc\" data-id=\"8b5b9dc\" data-element_type=\"column\">\n\t\t\t<div class=\"elementor-widget-wrap elementor-element-populated\">\n\t\t\t\t\t\t\t\t<div class=\"elementor-element elementor-element-30d2cf5 elementor-widget elementor-widget-text-editor\" data-id=\"30d2cf5\" data-element_type=\"widget\" data-widget_type=\"text-editor.default\">\n\t\t\t\t<div class=\"elementor-widget-container\">\n\t\t\t\t\t\t\t<p>Community Development Institute (CDI) es una asociaci\u00f3n nacional no gubernamental y sin \u00e1nimo de lucro para el desarrollo, la educaci\u00f3n y los servicios sociales.<\/p><p>La experiencia de CDI se basa en m\u00e1s de 25 a\u00f1os de trabajo dentro de la comunidad, abordando los problemas y necesidades de los ciudadanos, y ayudando a superar los desaf\u00edos.<\/p><p><a href=\"https:\/\/diskproject.eu\/es\/socios\/community-development-institute\/\">Read more<\/a><\/p>\t\t\t\t\t\t<\/div>\n\t\t\t\t<\/div>\n\t\t\t\t\t<\/div>\n\t\t<\/div>\n\t\t\t\t\t\t\t<\/div>\n\t\t<\/section>\n\t\t\t\t<section class=\"elementor-section elementor-top-section elementor-element elementor-element-c694456 elementor-section-boxed elementor-section-height-default elementor-section-height-default\" data-id=\"c694456\" data-element_type=\"section\">\n\t\t\t\t\t\t<div class=\"elementor-container elementor-column-gap-default\">\n\t\t\t\t\t<div class=\"elementor-column elementor-col-33 elementor-top-column elementor-element elementor-element-578ee77\" data-id=\"578ee77\" data-element_type=\"column\">\n\t\t\t<div class=\"elementor-widget-wrap elementor-element-populated\">\n\t\t\t\t\t\t\t\t<div class=\"elementor-element elementor-element-de5131d elementor-widget elementor-widget-image\" data-id=\"de5131d\" data-element_type=\"widget\" data-widget_type=\"image.default\">\n\t\t\t\t<div class=\"elementor-widget-container\">\n\t\t\t\t\t\t\t\t\t\t\t\t\t\t\t<img width=\"150\" height=\"30\" src=\"https:\/\/diskproject.eu\/wp-content\/uploads\/2021\/05\/idp2-tyhumb-1.png\" class=\"attachment-thumbnail size-thumbnail\" alt=\"it solutions for all\" loading=\"lazy\" \/>\t\t\t\t\t\t\t\t\t\t\t\t\t\t\t<\/div>\n\t\t\t\t<\/div>\n\t\t\t\t\t<\/div>\n\t\t<\/div>\n\t\t\t\t<div class=\"elementor-column elementor-col-66 elementor-top-column elementor-element elementor-element-cb919da\" data-id=\"cb919da\" data-element_type=\"column\">\n\t\t\t<div class=\"elementor-widget-wrap elementor-element-populated\">\n\t\t\t\t\t\t\t\t<div class=\"elementor-element elementor-element-8997c58 elementor-widget elementor-widget-text-editor\" data-id=\"8997c58\" data-element_type=\"widget\" data-widget_type=\"text-editor.default\">\n\t\t\t\t<div class=\"elementor-widget-container\">\n\t\t\t\t\t\t\t<p>IT Solutions For All es una organizaci\u00f3n sin \u00e1nimo de lucro con sede en M\u00e1laga, Espa\u00f1a, cuyo objetivo principal es promover la formaci\u00f3n en las tecnolog\u00edas TIC (Tecnolog\u00edas de informaci\u00f3n y comunicaci\u00f3n) para personas poco cualificadas con el fin de empoderarlas y permitirles desenvolverse c\u00f3modamente en el mundo tecnol\u00f3gico en el que vivimos.<\/p><p><a href=\"https:\/\/diskproject.eu\/es\/socios\/it-solutions-for-all\/\">Read more<\/a><\/p>\t\t\t\t\t\t<\/div>\n\t\t\t\t<\/div>\n\t\t\t\t\t<\/div>\n\t\t<\/div>\n\t\t\t\t\t\t\t<\/div>\n\t\t<\/section>\n\t\t\t\t<section class=\"elementor-section elementor-top-section elementor-element elementor-element-c25a85d elementor-section-boxed elementor-section-height-default elementor-section-height-default\" data-id=\"c25a85d\" data-element_type=\"section\">\n\t\t\t\t\t\t<div class=\"elementor-container elementor-column-gap-default\">\n\t\t\t\t\t<div class=\"elementor-column elementor-col-33 elementor-top-column elementor-element elementor-element-114053a\" data-id=\"114053a\" data-element_type=\"column\">\n\t\t\t<div class=\"elementor-widget-wrap elementor-element-populated\">\n\t\t\t\t\t\t\t\t<div class=\"elementor-element elementor-element-239cab0 elementor-widget elementor-widget-image\" data-id=\"239cab0\" data-element_type=\"widget\" data-widget_type=\"image.default\">\n\t\t\t\t<div class=\"elementor-widget-container\">\n\t\t\t\t\t\t\t\t\t\t\t\t\t\t\t<img width=\"150\" height=\"150\" src=\"https:\/\/diskproject.eu\/wp-content\/uploads\/2021\/05\/fuori-dal-sommerso-1-150x150.png\" class=\"attachment-thumbnail size-thumbnail\" alt=\"\" loading=\"lazy\" srcset=\"https:\/\/diskproject.eu\/wp-content\/uploads\/2021\/05\/fuori-dal-sommerso-1-150x150.png 150w, https:\/\/diskproject.eu\/wp-content\/uploads\/2021\/05\/fuori-dal-sommerso-1-75x75.png 75w, https:\/\/diskproject.eu\/wp-content\/uploads\/2021\/05\/fuori-dal-sommerso-1.png 188w\" sizes=\"(max-width: 150px) 100vw, 150px\" \/>\t\t\t\t\t\t\t\t\t\t\t\t\t\t\t<\/div>\n\t\t\t\t<\/div>\n\t\t\t\t\t<\/div>\n\t\t<\/div>\n\t\t\t\t<div class=\"elementor-column elementor-col-66 elementor-top-column elementor-element elementor-element-a2e1796\" data-id=\"a2e1796\" data-element_type=\"column\">\n\t\t\t<div class=\"elementor-widget-wrap elementor-element-populated\">\n\t\t\t\t\t\t\t\t<div class=\"elementor-element elementor-element-c38421c elementor-widget elementor-widget-text-editor\" data-id=\"c38421c\" data-element_type=\"widget\" data-widget_type=\"text-editor.default\">\n\t\t\t\t<div class=\"elementor-widget-container\">\n\t\t\t\t\t\t\t<p>FUORI DAL SOMMERSO: La Cooperativa Fuori dal Sommerso es una organizaci\u00f3n sin \u00e1nimo de lucro fundada en Mesagne (en Puglia, en el Sur de Italia) en el 2001; cuenta con un equipo de 21 profesionales y trabaja en el \u00e1mbito de los adultos, el envejecimiento activo, y la integraci\u00f3n social y laboral de grupos vulnerables (en particular, personas con discapacidad).<\/p><p><a href=\"https:\/\/diskproject.eu\/es\/socios\/fuori-dal-sommerso\/\">Read more<\/a><\/p>\t\t\t\t\t\t<\/div>\n\t\t\t\t<\/div>\n\t\t\t\t\t<\/div>\n\t\t<\/div>\n\t\t\t\t\t\t\t<\/div>\n\t\t<\/section>\n\t\t\t\t<section class=\"elementor-section elementor-top-section elementor-element elementor-element-542c215 elementor-section-boxed elementor-section-height-default elementor-section-height-default\" data-id=\"542c215\" data-element_type=\"section\">\n\t\t\t\t\t\t<div class=\"elementor-container elementor-column-gap-default\">\n\t\t\t\t\t<div class=\"elementor-column elementor-col-33 elementor-top-column elementor-element elementor-element-0dd5fc3\" data-id=\"0dd5fc3\" data-element_type=\"column\">\n\t\t\t<div class=\"elementor-widget-wrap elementor-element-populated\">\n\t\t\t\t\t\t\t\t<div class=\"elementor-element elementor-element-6572c0c elementor-widget elementor-widget-image\" data-id=\"6572c0c\" data-element_type=\"widget\" data-widget_type=\"image.default\">\n\t\t\t\t<div class=\"elementor-widget-container\">\n\t\t\t\t\t\t\t\t\t\t\t\t\t\t\t<img width=\"150\" height=\"83\" src=\"https:\/\/diskproject.eu\/wp-content\/uploads\/2021\/05\/ihf-1-150x83.png\" class=\"attachment-thumbnail size-thumbnail\" alt=\"\" loading=\"lazy\" \/>\t\t\t\t\t\t\t\t\t\t\t\t\t\t\t<\/div>\n\t\t\t\t<\/div>\n\t\t\t\t\t<\/div>\n\t\t<\/div>\n\t\t\t\t<div class=\"elementor-column elementor-col-66 elementor-top-column elementor-element elementor-element-f7904b5\" data-id=\"f7904b5\" data-element_type=\"column\">\n\t\t\t<div class=\"elementor-widget-wrap elementor-element-populated\">\n\t\t\t\t\t\t\t\t<div class=\"elementor-element elementor-element-ed124ee elementor-widget elementor-widget-text-editor\" data-id=\"ed124ee\" data-element_type=\"widget\" data-widget_type=\"text-editor.default\">\n\t\t\t\t<div class=\"elementor-widget-container\">\n\t\t\t\t\t\t\t<p>Institut de Haute Formation aux Politiques Communautaires asbl (IHF asbl)<br \/>es una organizaci\u00f3n sin \u00e1nimo de lucro establecida y que opera en Bruselas (B\u00e9lgica) desde el 2003 para promover el conocimiento de los valores europeos y reforzar la capacidad de aprovechar las oportunidades a nivel europeo de un p\u00fablico diverso de j\u00f3venes, comunidad empresarial y acad\u00e9mica, as\u00ed como de los interlocutores sociales como las asociaciones y la administraci\u00f3n p\u00fablica.<\/p><p><a href=\"https:\/\/diskproject.eu\/es\/socios\/institut-de-haute-formation-aux-politiques\/\">Read more<\/a><\/p>\t\t\t\t\t\t<\/div>\n\t\t\t\t<\/div>\n\t\t\t\t\t<\/div>\n\t\t<\/div>\n\t\t\t\t\t\t\t<\/div>\n\t\t<\/section>\n\t\t\t\t<section class=\"elementor-section elementor-top-section elementor-element elementor-element-ac3ddbf elementor-section-boxed elementor-section-height-default elementor-section-height-default\" data-id=\"ac3ddbf\" data-element_type=\"section\">\n\t\t\t\t\t\t<div class=\"elementor-container elementor-column-gap-default\">\n\t\t\t\t\t<div class=\"elementor-column elementor-col-33 elementor-top-column elementor-element elementor-element-5daa74a\" data-id=\"5daa74a\" data-element_type=\"column\">\n\t\t\t<div class=\"elementor-widget-wrap elementor-element-populated\">\n\t\t\t\t\t\t\t\t<div class=\"elementor-element elementor-element-b3174ee elementor-widget elementor-widget-image\" data-id=\"b3174ee\" data-element_type=\"widget\" data-widget_type=\"image.default\">\n\t\t\t\t<div class=\"elementor-widget-container\">\n\t\t\t\t\t\t\t\t\t\t\t\t\t\t\t<img width=\"150\" height=\"70\" src=\"https:\/\/diskproject.eu\/wp-content\/uploads\/2021\/05\/idp-thumb-1.png\" class=\"attachment-thumbnail size-thumbnail\" alt=\"\" loading=\"lazy\" \/>\t\t\t\t\t\t\t\t\t\t\t\t\t\t\t<\/div>\n\t\t\t\t<\/div>\n\t\t\t\t\t<\/div>\n\t\t<\/div>\n\t\t\t\t<div class=\"elementor-column elementor-col-66 elementor-top-column elementor-element elementor-element-9b05cd2\" data-id=\"9b05cd2\" data-element_type=\"column\">\n\t\t\t<div class=\"elementor-widget-wrap elementor-element-populated\">\n\t\t\t\t\t\t\t\t<div class=\"elementor-element elementor-element-3f509db elementor-widget elementor-widget-text-editor\" data-id=\"3f509db\" data-element_type=\"widget\" data-widget_type=\"text-editor.default\">\n\t\t\t\t<div class=\"elementor-widget-container\">\n\t\t\t\t\t\t\t<p>IDP proporciona innovaci\u00f3n y competitividad en el ecosistema socioecon\u00f3mico de la UE compuesto por las PYME, la academia\/investigaci\u00f3n, la sociedad civil y el sector p\u00fablico. IDP est\u00e1 especializado en pol\u00edticas y programas europeos de apoyo al crecimiento, la competitividad y la innovaci\u00f3n en los \u00e1mbitos de la Educaci\u00f3n y la Formaci\u00f3n, las TIC, y la Investigaci\u00f3n e Innovaci\u00f3n.<\/p><p><a href=\"https:\/\/diskproject.eu\/es\/socios\/idp-european-consultants\/\">Read more<\/a><\/p>\t\t\t\t\t\t<\/div>\n\t\t\t\t<\/div>\n\t\t\t\t\t<\/div>\n\t\t<\/div>\n\t\t\t\t\t\t\t<\/div>\n\t\t<\/section>\n\t\t\t\t<section class=\"elementor-section elementor-top-section elementor-element elementor-element-9533702 elementor-section-boxed elementor-section-height-default elementor-section-height-default\" data-id=\"9533702\" data-element_type=\"section\">\n\t\t\t\t\t\t<div class=\"elementor-container elementor-column-gap-default\">\n\t\t\t\t\t<div class=\"elementor-column elementor-col-33 elementor-top-column elementor-element elementor-element-18b55cb\" data-id=\"18b55cb\" data-element_type=\"column\">\n\t\t\t<div class=\"elementor-widget-wrap elementor-element-populated\">\n\t\t\t\t\t\t\t\t<div class=\"elementor-element elementor-element-700eb04 elementor-widget elementor-widget-image\" data-id=\"700eb04\" data-element_type=\"widget\" data-widget_type=\"image.default\">\n\t\t\t\t<div class=\"elementor-widget-container\">\n\t\t\t\t\t\t\t\t\t\t\t\t\t\t\t<img width=\"150\" height=\"44\" src=\"https:\/\/diskproject.eu\/wp-content\/uploads\/2021\/05\/mathimagenesis-thumb-1.png\" class=\"attachment-thumbnail size-thumbnail\" alt=\"\" loading=\"lazy\" \/>\t\t\t\t\t\t\t\t\t\t\t\t\t\t\t<\/div>\n\t\t\t\t<\/div>\n\t\t\t\t\t<\/div>\n\t\t<\/div>\n\t\t\t\t<div class=\"elementor-column elementor-col-66 elementor-top-column elementor-element elementor-element-1f69f44\" data-id=\"1f69f44\" data-element_type=\"column\">\n\t\t\t<div class=\"elementor-widget-wrap elementor-element-populated\">\n\t\t\t\t\t\t\t\t<div class=\"elementor-element elementor-element-4cc288e elementor-widget elementor-widget-text-editor\" data-id=\"4cc288e\" data-element_type=\"widget\" data-widget_type=\"text-editor.default\">\n\t\t\t\t<div class=\"elementor-widget-container\">\n\t\t\t\t\t\t\t<p>Mathemagenesis es una PYME griega situada en Sal\u00f3nica. Su equipo est\u00e1 formado por profesionales de la administraci\u00f3n de empresas, la tecnolog\u00eda educativa, la ingenier\u00eda inform\u00e1tica y el dise\u00f1o instructivo. Mathemagenesis es un proveedor de e-learning con clientes tanto nacionales como con socios europeos que participan en proyectos de la UE.<\/p><p><a href=\"https:\/\/diskproject.eu\/es\/socios\/mathemagenesis-ike\/\">Read more<\/a><\/p>\t\t\t\t\t\t<\/div>\n\t\t\t\t<\/div>\n\t\t\t\t\t<\/div>\n\t\t<\/div>\n\t\t\t\t\t\t\t<\/div>\n\t\t<\/section>\n\t\t\t\t<section class=\"elementor-section elementor-top-section elementor-element elementor-element-fde4cf0 elementor-section-boxed elementor-section-height-default elementor-section-height-default\" data-id=\"fde4cf0\" data-element_type=\"section\">\n\t\t\t\t\t\t<div class=\"elementor-container elementor-column-gap-default\">\n\t\t\t\t\t<div class=\"elementor-column elementor-col-50 elementor-top-column elementor-element elementor-element-3fd5462\" data-id=\"3fd5462\" data-element_type=\"column\">\n\t\t\t<div class=\"elementor-widget-wrap elementor-element-populated\">\n\t\t\t\t\t\t\t\t<div class=\"elementor-element elementor-element-a41dde5 elementor-widget elementor-widget-image\" data-id=\"a41dde5\" data-element_type=\"widget\" data-widget_type=\"image.default\">\n\t\t\t\t<div class=\"elementor-widget-container\">\n\t\t\t\t\t\t\t\t\t\t\t\t\t\t\t<img width=\"310\" height=\"38\" src=\"https:\/\/diskproject.eu\/wp-content\/uploads\/2021\/09\/pistes-solidaires.jpg\" class=\"attachment-large size-large\" alt=\"pistes-solidaires\" loading=\"lazy\" srcset=\"https:\/\/diskproject.eu\/wp-content\/uploads\/2021\/09\/pistes-solidaires.jpg 310w, https:\/\/diskproject.eu\/wp-content\/uploads\/2021\/09\/pistes-solidaires-300x37.jpg 300w\" sizes=\"(max-width: 310px) 100vw, 310px\" \/>\t\t\t\t\t\t\t\t\t\t\t\t\t\t\t<\/div>\n\t\t\t\t<\/div>\n\t\t\t\t\t<\/div>\n\t\t<\/div>\n\t\t\t\t<div class=\"elementor-column elementor-col-50 elementor-top-column elementor-element elementor-element-9cb82eb\" data-id=\"9cb82eb\" data-element_type=\"column\">\n\t\t\t<div class=\"elementor-widget-wrap elementor-element-populated\">\n\t\t\t\t\t\t\t\t<div class=\"elementor-element elementor-element-7239175 elementor-widget elementor-widget-text-editor\" data-id=\"7239175\" data-element_type=\"widget\" data-widget_type=\"text-editor.default\">\n\t\t\t\t<div class=\"elementor-widget-container\">\n\t\t\t\t\t\t\t<p>Pistes-Solidaires, con sede en el suroeste de Francia, es una asociaci\u00f3n que desarrolla sus proyectos y acciones de acuerdo con los 4 pilares de la educaci\u00f3n de la UNESCO: aprender para conocer, aprender para ser, aprender para hacer y aprender para vivir juntos y con los dem\u00e1s.<\/p><p><a href=\"https:\/\/diskproject.eu\/es\/socios\/pistes-solidaires\/\">Read more<\/a><\/p> \t\t\t\t\t\t<\/div>\n\t\t\t\t<\/div>\n\t\t\t\t\t<\/div>\n\t\t<\/div>\n\t\t\t\t\t\t\t<\/div>\n\t\t<\/section>\n\t\t\t\t\t\t\t<\/div>\n\t\t","protected":false},"excerpt":{"rendered":"<p>E-Seniors es una organizaci\u00f3n sin \u00e1nimo de lucro, fundada en 2005. E-Seniors pretende luchar contra la e-exclusi\u00f3n ofreciendo formaci\u00f3n en TIC a los mayores (personas mayores de 55 a\u00f1os). Read [&hellip;]<\/p>\n","protected":false},"author":2,"featured_media":0,"parent":0,"menu_order":0,"comment_status":"closed","ping_status":"closed","template":"","meta":[],"_links":{"self":[{"href":"https:\/\/diskproject.eu\/es\/wp-json\/wp\/v2\/pages\/2678"}],"collection":[{"href":"https:\/\/diskproject.eu\/es\/wp-json\/wp\/v2\/pages"}],"about":[{"href":"https:\/\/diskproject.eu\/es\/wp-json\/wp\/v2\/types\/page"}],"author":[{"embeddable":true,"href":"https:\/\/diskproject.eu\/es\/wp-json\/wp\/v2\/users\/2"}],"replies":[{"embeddable":true,"href":"https:\/\/diskproject.eu\/es\/wp-json\/wp\/v2\/comments?post=2678"}],"version-history":[{"count":44,"href":"https:\/\/diskproject.eu\/es\/wp-json\/wp\/v2\/pages\/2678\/revisions"}],"predecessor-version":[{"id":6981,"href":"https:\/\/diskproject.eu\/es\/wp-json\/wp\/v2\/pages\/2678\/revisions\/6981"}],"wp:attachment":[{"href":"https:\/\/diskproject.eu\/es\/wp-json\/wp\/v2\/media?parent=2678"}],"curies":[{"name":"wp","href":"https:\/\/api.w.org\/{rel}","templated":true}]}}