{"id":2460,"date":"2021-09-03T12:00:33","date_gmt":"2021-09-03T12:00:33","guid":{"rendered":"https:\/\/diskproject.eu\/?page_id=2460"},"modified":"2022-04-19T18:37:24","modified_gmt":"2022-04-19T18:37:24","slug":"e-seniors","status":"publish","type":"page","link":"https:\/\/diskproject.eu\/fr\/partenaires\/e-seniors\/","title":{"rendered":"E-Seniors"},"content":{"rendered":"\t\t<div data-elementor-type=\"wp-page\" data-elementor-id=\"2460\" class=\"elementor elementor-2460 elementor-2182\">\n\t\t\t\t\t\t\t\t\t<section class=\"elementor-section elementor-top-section elementor-element elementor-element-25c0514 elementor-section-boxed elementor-section-height-default elementor-section-height-default\" data-id=\"25c0514\" data-element_type=\"section\">\n\t\t\t\t\t\t<div class=\"elementor-container elementor-column-gap-default\">\n\t\t\t\t\t<div class=\"elementor-column elementor-col-33 elementor-top-column elementor-element elementor-element-3336663\" data-id=\"3336663\" data-element_type=\"column\">\n\t\t\t<div class=\"elementor-widget-wrap elementor-element-populated\">\n\t\t\t\t\t\t\t\t<div class=\"elementor-element elementor-element-2c5e447 elementor-widget elementor-widget-image\" data-id=\"2c5e447\" data-element_type=\"widget\" data-widget_type=\"image.default\">\n\t\t\t\t<div class=\"elementor-widget-container\">\n\t\t\t\t\t\t\t\t\t\t\t\t\t\t\t<img width=\"232\" height=\"232\" src=\"https:\/\/diskproject.eu\/wp-content\/uploads\/2021\/09\/e-seniors-1.png\" class=\"attachment-large size-large\" alt=\"e-seniors\" loading=\"lazy\" srcset=\"https:\/\/diskproject.eu\/wp-content\/uploads\/2021\/09\/e-seniors-1.png 232w, https:\/\/diskproject.eu\/wp-content\/uploads\/2021\/09\/e-seniors-1-150x150.png 150w, https:\/\/diskproject.eu\/wp-content\/uploads\/2021\/09\/e-seniors-1-75x75.png 75w\" sizes=\"(max-width: 232px) 100vw, 232px\" \/>\t\t\t\t\t\t\t\t\t\t\t\t\t\t\t<\/div>\n\t\t\t\t<\/div>\n\t\t\t\t\t<\/div>\n\t\t<\/div>\n\t\t\t\t<div class=\"elementor-column elementor-col-66 elementor-top-column elementor-element elementor-element-25a9e06\" data-id=\"25a9e06\" data-element_type=\"column\">\n\t\t\t<div class=\"elementor-widget-wrap elementor-element-populated\">\n\t\t\t\t\t\t\t\t<div class=\"elementor-element elementor-element-ccdb12f elementor-widget elementor-widget-text-editor\" data-id=\"ccdb12f\" data-element_type=\"widget\" data-widget_type=\"text-editor.default\">\n\t\t\t\t<div class=\"elementor-widget-container\">\n\t\t\t\t\t\t\t<p>E-Seniors est une organisation \u00e0 but non lucratif, fond\u00e9e en 2005. E-Seniors a pour objectif de lutter contre l&rsquo;e- exclusion en proposant des formations TIC aux seniors (personnes \u00e2g\u00e9es de 55 ans et plus). E-Seniors propose des cours de TIC aux seniors dans des lieux publics de toute la r\u00e9gion parisienne. A travers ses actions pour et avec les personnes \u00e2g\u00e9es, E-Seniors sensibilise \u00e9galement \u00e0 l&rsquo;importance des solutions TIC dans la vie quotidienne. E-Seniors propose \u00e9galement des activit\u00e9s de jeux interactifs dans les r\u00e9sidences pour personnes \u00e2g\u00e9es, les maisons de retraite et les centres d&rsquo;accueil de jour. E-Seniors a une grande exp\u00e9rience dans la gestion de projets li\u00e9s aux outils TIC et au vieillissement en bonne sant\u00e9 financ\u00e9s par des programmes europ\u00e9ens, tels que Horizon 2020 et Erasmus+. E-Seniors est un partenaire de EIT Food et Health.<\/p>\t\t\t\t\t\t<\/div>\n\t\t\t\t<\/div>\n\t\t\t\t\t<\/div>\n\t\t<\/div>\n\t\t\t\t\t\t\t<\/div>\n\t\t<\/section>\n\t\t\t\t\t\t\t<\/div>\n\t\t","protected":false},"excerpt":{"rendered":"<p>E-Seniors est une organisation \u00e0 but non lucratif, fond\u00e9e en 2005. E-Seniors a pour objectif de lutter contre l&rsquo;e- exclusion en proposant des formations TIC aux seniors (personnes \u00e2g\u00e9es de [&hellip;]<\/p>\n","protected":false},"author":2,"featured_media":0,"parent":2683,"menu_order":0,"comment_status":"closed","ping_status":"closed","template":"","meta":[],"_links":{"self":[{"href":"https:\/\/diskproject.eu\/fr\/wp-json\/wp\/v2\/pages\/2460"}],"collection":[{"href":"https:\/\/diskproject.eu\/fr\/wp-json\/wp\/v2\/pages"}],"about":[{"href":"https:\/\/diskproject.eu\/fr\/wp-json\/wp\/v2\/types\/page"}],"author":[{"embeddable":true,"href":"https:\/\/diskproject.eu\/fr\/wp-json\/wp\/v2\/users\/2"}],"replies":[{"embeddable":true,"href":"https:\/\/diskproject.eu\/fr\/wp-json\/wp\/v2\/comments?post=2460"}],"version-history":[{"count":5,"href":"https:\/\/diskproject.eu\/fr\/wp-json\/wp\/v2\/pages\/2460\/revisions"}],"predecessor-version":[{"id":2465,"href":"https:\/\/diskproject.eu\/fr\/wp-json\/wp\/v2\/pages\/2460\/revisions\/2465"}],"up":[{"embeddable":true,"href":"https:\/\/diskproject.eu\/fr\/wp-json\/wp\/v2\/pages\/2683"}],"wp:attachment":[{"href":"https:\/\/diskproject.eu\/fr\/wp-json\/wp\/v2\/media?parent=2460"}],"curies":[{"name":"wp","href":"https:\/\/api.w.org\/{rel}","templated":true}]}}