{"id":2496,"date":"2021-09-03T12:29:10","date_gmt":"2021-09-03T12:29:10","guid":{"rendered":"https:\/\/diskproject.eu\/?page_id=2496"},"modified":"2022-04-28T10:01:41","modified_gmt":"2022-04-28T10:01:41","slug":"it-solutions-for-all","status":"publish","type":"page","link":"https:\/\/diskproject.eu\/fr\/partenaires\/it-solutions-for-all\/","title":{"rendered":"IT Solutions For All"},"content":{"rendered":"\t\t<div data-elementor-type=\"wp-page\" data-elementor-id=\"2496\" class=\"elementor elementor-2496 elementor-2213\">\n\t\t\t\t\t\t\t\t\t<section class=\"elementor-section elementor-top-section elementor-element elementor-element-4428f4f elementor-section-boxed elementor-section-height-default elementor-section-height-default\" data-id=\"4428f4f\" data-element_type=\"section\">\n\t\t\t\t\t\t<div class=\"elementor-container elementor-column-gap-default\">\n\t\t\t\t\t<div class=\"elementor-column elementor-col-33 elementor-top-column elementor-element elementor-element-2e8fed4\" data-id=\"2e8fed4\" data-element_type=\"column\">\n\t\t\t<div class=\"elementor-widget-wrap elementor-element-populated\">\n\t\t\t\t\t\t\t\t<div class=\"elementor-element elementor-element-743cca0 elementor-widget elementor-widget-image\" data-id=\"743cca0\" data-element_type=\"widget\" data-widget_type=\"image.default\">\n\t\t\t\t<div class=\"elementor-widget-container\">\n\t\t\t\t\t\t\t\t\t\t\t\t\t\t\t<img width=\"300\" height=\"60\" src=\"https:\/\/diskproject.eu\/wp-content\/uploads\/2021\/09\/it-solutions4all.jpg\" class=\"attachment-large size-large\" alt=\"itsolutionforall\" loading=\"lazy\" \/>\t\t\t\t\t\t\t\t\t\t\t\t\t\t\t<\/div>\n\t\t\t\t<\/div>\n\t\t\t\t\t<\/div>\n\t\t<\/div>\n\t\t\t\t<div class=\"elementor-column elementor-col-66 elementor-top-column elementor-element elementor-element-5adb286\" data-id=\"5adb286\" data-element_type=\"column\">\n\t\t\t<div class=\"elementor-widget-wrap elementor-element-populated\">\n\t\t\t\t\t\t\t\t<div class=\"elementor-element elementor-element-e17b825 elementor-widget elementor-widget-text-editor\" data-id=\"e17b825\" data-element_type=\"widget\" data-widget_type=\"text-editor.default\">\n\t\t\t\t<div class=\"elementor-widget-container\">\n\t\t\t\t\t\t\t<p>IT Solutions For All est une organisation \u00e0 but non lucratif bas\u00e9e \u00e0 Malaga, en Espagne, qui cherche \u00e0 promouvoir la formation aux technologies TIC (technologies de l&rsquo;information et de la communication) pour les personnes peu qualifi\u00e9es afin de les rendre autonomes et de leur permettre d\u2019\u00e9voluer dans le monde technologique dans lequel nous vivons. IT Solutions For All veut r\u00e9pandre un amour sinc\u00e8re envers les nouvelles technologies et Internet, comme moyen d&rsquo;am\u00e9liorer la qualit\u00e9 et le style de vie de toute personne. IT Solutions For All a pour mission de fournir gratuitement des services de conseil technologique et des solutions int\u00e9grales dans le domaine de l&rsquo;information, de la communication et des outils de gestion aux personnes d\u00e9favoris\u00e9es afin de renforcer leurs connaissances informatiques de base dans des environnements techniques modernes. La vision d&rsquo;IT Solutions For All est d&rsquo;obtenir des impacts durables \u00e0 court terme dans les domaines des comp\u00e9tences num\u00e9riques et des solutions informatiques, avec une gestion efficace des ressources, une participation active de la communaut\u00e9 et l&rsquo;implication des institutions publiques. \u00c0 Malaga, IT Solutions For All m\u00e8ne diff\u00e9rentes activit\u00e9s pour transmettre l&rsquo;id\u00e9e d&rsquo;am\u00e9liorer la qualit\u00e9 de vie en utilisant les ressources des TIC.<\/p>\t\t\t\t\t\t<\/div>\n\t\t\t\t<\/div>\n\t\t\t\t\t<\/div>\n\t\t<\/div>\n\t\t\t\t\t\t\t<\/div>\n\t\t<\/section>\n\t\t\t\t\t\t\t<\/div>\n\t\t","protected":false},"excerpt":{"rendered":"<p>IT Solutions For All est une organisation \u00e0 but non lucratif bas\u00e9e \u00e0 Malaga, en Espagne, qui cherche \u00e0 promouvoir la formation aux technologies TIC (technologies de l&rsquo;information et de [&hellip;]<\/p>\n","protected":false},"author":2,"featured_media":0,"parent":2683,"menu_order":0,"comment_status":"closed","ping_status":"closed","template":"","meta":[],"_links":{"self":[{"href":"https:\/\/diskproject.eu\/fr\/wp-json\/wp\/v2\/pages\/2496"}],"collection":[{"href":"https:\/\/diskproject.eu\/fr\/wp-json\/wp\/v2\/pages"}],"about":[{"href":"https:\/\/diskproject.eu\/fr\/wp-json\/wp\/v2\/types\/page"}],"author":[{"embeddable":true,"href":"https:\/\/diskproject.eu\/fr\/wp-json\/wp\/v2\/users\/2"}],"replies":[{"embeddable":true,"href":"https:\/\/diskproject.eu\/fr\/wp-json\/wp\/v2\/comments?post=2496"}],"version-history":[{"count":5,"href":"https:\/\/diskproject.eu\/fr\/wp-json\/wp\/v2\/pages\/2496\/revisions"}],"predecessor-version":[{"id":2501,"href":"https:\/\/diskproject.eu\/fr\/wp-json\/wp\/v2\/pages\/2496\/revisions\/2501"}],"up":[{"embeddable":true,"href":"https:\/\/diskproject.eu\/fr\/wp-json\/wp\/v2\/pages\/2683"}],"wp:attachment":[{"href":"https:\/\/diskproject.eu\/fr\/wp-json\/wp\/v2\/media?parent=2496"}],"curies":[{"name":"wp","href":"https:\/\/api.w.org\/{rel}","templated":true}]}}