{"id":2514,"date":"2021-09-03T12:39:00","date_gmt":"2021-09-03T12:39:00","guid":{"rendered":"https:\/\/diskproject.eu\/?page_id=2514"},"modified":"2022-04-28T09:57:34","modified_gmt":"2022-04-28T09:57:34","slug":"fuori-dal-sommerso","status":"publish","type":"page","link":"https:\/\/diskproject.eu\/fr\/partenaires\/fuori-dal-sommerso\/","title":{"rendered":"FUORI DAL SOMMERSO"},"content":{"rendered":"\t\t<div data-elementor-type=\"wp-page\" data-elementor-id=\"2514\" class=\"elementor elementor-2514 elementor-2224\">\n\t\t\t\t\t\t\t\t\t<section class=\"elementor-section elementor-top-section elementor-element elementor-element-79528d9 elementor-section-boxed elementor-section-height-default elementor-section-height-default\" data-id=\"79528d9\" data-element_type=\"section\">\n\t\t\t\t\t\t<div class=\"elementor-container elementor-column-gap-default\">\n\t\t\t\t\t<div class=\"elementor-column elementor-col-33 elementor-top-column elementor-element elementor-element-f40c291\" data-id=\"f40c291\" data-element_type=\"column\">\n\t\t\t<div class=\"elementor-widget-wrap elementor-element-populated\">\n\t\t\t\t\t\t\t\t<div class=\"elementor-element elementor-element-cc4651e elementor-widget elementor-widget-image\" data-id=\"cc4651e\" data-element_type=\"widget\" data-widget_type=\"image.default\">\n\t\t\t\t<div class=\"elementor-widget-container\">\n\t\t\t\t\t\t\t\t\t\t\t\t\t\t\t<img width=\"188\" height=\"188\" src=\"https:\/\/diskproject.eu\/wp-content\/uploads\/2021\/09\/fuori-dal-sommerso-1.png\" class=\"attachment-large size-large\" alt=\"fuori\" loading=\"lazy\" srcset=\"https:\/\/diskproject.eu\/wp-content\/uploads\/2021\/09\/fuori-dal-sommerso-1.png 188w, https:\/\/diskproject.eu\/wp-content\/uploads\/2021\/09\/fuori-dal-sommerso-1-150x150.png 150w, https:\/\/diskproject.eu\/wp-content\/uploads\/2021\/09\/fuori-dal-sommerso-1-75x75.png 75w\" sizes=\"(max-width: 188px) 100vw, 188px\" \/>\t\t\t\t\t\t\t\t\t\t\t\t\t\t\t<\/div>\n\t\t\t\t<\/div>\n\t\t\t\t\t<\/div>\n\t\t<\/div>\n\t\t\t\t<div class=\"elementor-column elementor-col-66 elementor-top-column elementor-element elementor-element-cb20308\" data-id=\"cb20308\" data-element_type=\"column\">\n\t\t\t<div class=\"elementor-widget-wrap elementor-element-populated\">\n\t\t\t\t\t\t\t\t<div class=\"elementor-element elementor-element-3951cd0 elementor-widget elementor-widget-text-editor\" data-id=\"3951cd0\" data-element_type=\"widget\" data-widget_type=\"text-editor.default\">\n\t\t\t\t<div class=\"elementor-widget-container\">\n\t\t\t\t\t\t\t<p>FUORI DAL SOMMERSO : Cooperativa fuori dal Sommerso est une organisation \u00e0 but non lucratif fond\u00e9e \u00e0 Mesagne (dans les Pouilles, au sud de l&rsquo;Italie) en 2001 ; elle compte 21 professionnels et est active dans le domaine des adultes, du vieillissement actif, de l&rsquo;int\u00e9gration sociale et professionnelle des groupes cibles vuln\u00e9rables (en particulier les personnes handicap\u00e9es).<\/p><p>Notre mission est d&rsquo;am\u00e9liorer la qualit\u00e9 de vie des personnes \u00e2g\u00e9es en maintenant leur ind\u00e9pendance et leur dignit\u00e9.<\/p><p>Nos services de soutien aident les personnes \u00e2g\u00e9es \u00e0 r\u00e9pondre \u00e0 leurs besoins quotidiens \u00e0 domicile, ce qui a un impact consid\u00e9rable sur leur sant\u00e9 et leur capacit\u00e9 \u00e0 rester autonomes. Gr\u00e2ce \u00e0 une aide communautaire, les personnes \u00e2g\u00e9es peuvent s&rsquo;\u00e9panouir chez elles, l\u00e0 o\u00f9 elles sont le plus heureuses. Nous sommes le filet de s\u00e9curit\u00e9.<\/p><p>SOMMERSO offre un syst\u00e8me de soutien vital aux personnes \u00e2g\u00e9es vuln\u00e9rables dont les possibilit\u00e9s sont limit\u00e9es et qui, autrement, n&rsquo;auraient pas acc\u00e8s aux services ou ne pourraient pas se les offrir.<\/p><p>Nos principaux services sont notamment : l&rsquo;aide \u00e0 domicile, la distribution de repas, l&rsquo;atelier pour adultes. Nous pouvons \u00e9ventuellement orienter les personnes handicap\u00e9es vers des logements accessibles aux fauteuils roulants, des moyens de transport ou d&rsquo;autres services dans notre ville. En outre, nous organisons p\u00e9riodiquement des \u00e9v\u00e9nements r\u00e9cr\u00e9atifs afin de fournir l&rsquo;occasion d&rsquo;une interaction et d&rsquo;une socialisation suppl\u00e9mentaires parmi notre groupe cible.<\/p><p>Enfin, nous adh\u00e9rons au r\u00e9seau europ\u00e9en Euro-net, qui travaille au d\u00e9veloppement de la formation, de la mobilit\u00e9 et de la coop\u00e9ration europ\u00e9enne pour la r\u00e9gion des Pouilles.<\/p><p>Sommerso propose deux types de services de soins \u00e0 domicile pour les personnes \u00e2g\u00e9es :<\/p><p>\u2981 La r\u00e9adaptation, les soins infirmiers de soutien, de promotion de la sant\u00e9 ou de pr\u00e9vention des maladies et les soins infirmiers techniques, tant pour les maladies chroniques que pour les maladies aigu\u00ebs (ces derniers sont mieux connus sous le nom de programmes d&rsquo;hospitalisation \u00e0 domicile), l&rsquo;ergoth\u00e9rapie et la physioth\u00e9rapie ;<br \/>\u2981 Les b\u00e9n\u00e9ficiaires des soins de sant\u00e9 \u00e0 domicile seraient principalement des personnes \u00e2g\u00e9es, des personnes souffrant de maladies complexes et des personnes en phase terminale. (art 88 R\u00e9gion des Pouilles)<\/p><p>Les services d&rsquo;aide \u00e0 domicile, traditionnellement fournis par le secteur des services sociaux, comprennent en revanche<\/p><p>\u2981 Les t\u00e2ches m\u00e9nag\u00e8res, telles que les courses, la cuisine, le nettoyage et les formalit\u00e9s administratives (comme le remplissage de formulaires et le paiement de factures), les activit\u00e9s telles que la socialisation ou les promenades et la fourniture de soins personnels (aide au bain et \u00e0 l&rsquo;habillage, etc.) ;<br \/>\u2981 Ces services se substituent g\u00e9n\u00e9ralement aux soins informels ; n\u00e9anmoins, ils peuvent aussi les stimuler (aide aux membres de la famille, aux voisins ou aux amis) et apporter un soutien moral et psychologique (conseils et avis) ;<br \/>\u2981 Une fois encore, la plupart des personnes b\u00e9n\u00e9ficiant des services d&rsquo;aide \u00e0 domicile sont des personnes \u00e2g\u00e9es, dont beaucoup vivent seules. (art 87 R\u00e9gion des Pouilles)<\/p><p>Les assistants de soins \u00e0 domicile, ou aides, constituent la base du personnel de soins \u00e0 domicile en raison de la grande vari\u00e9t\u00e9 de services qu&rsquo;ils fournissent. Ces services peuvent aller de l&rsquo;aide \u00e0 la th\u00e9rapie et aux activit\u00e9s de la vie quotidienne \u00e0 la pr\u00e9paration des repas. En g\u00e9n\u00e9ral, les assistants de soins \u00e0 domicile se rendent le plus souvent sur place et passent le plus de temps avec la personne qui re\u00e7oit les soins.<\/p>\t\t\t\t\t\t<\/div>\n\t\t\t\t<\/div>\n\t\t\t\t\t<\/div>\n\t\t<\/div>\n\t\t\t\t\t\t\t<\/div>\n\t\t<\/section>\n\t\t\t\t\t\t\t<\/div>\n\t\t","protected":false},"excerpt":{"rendered":"<p>FUORI DAL SOMMERSO : Cooperativa fuori dal Sommerso est une organisation \u00e0 but non lucratif fond\u00e9e \u00e0 Mesagne (dans les Pouilles, au sud de l&rsquo;Italie) en 2001 ; elle compte [&hellip;]<\/p>\n","protected":false},"author":2,"featured_media":0,"parent":2683,"menu_order":0,"comment_status":"closed","ping_status":"closed","template":"","meta":[],"_links":{"self":[{"href":"https:\/\/diskproject.eu\/fr\/wp-json\/wp\/v2\/pages\/2514"}],"collection":[{"href":"https:\/\/diskproject.eu\/fr\/wp-json\/wp\/v2\/pages"}],"about":[{"href":"https:\/\/diskproject.eu\/fr\/wp-json\/wp\/v2\/types\/page"}],"author":[{"embeddable":true,"href":"https:\/\/diskproject.eu\/fr\/wp-json\/wp\/v2\/users\/2"}],"replies":[{"embeddable":true,"href":"https:\/\/diskproject.eu\/fr\/wp-json\/wp\/v2\/comments?post=2514"}],"version-history":[{"count":5,"href":"https:\/\/diskproject.eu\/fr\/wp-json\/wp\/v2\/pages\/2514\/revisions"}],"predecessor-version":[{"id":2525,"href":"https:\/\/diskproject.eu\/fr\/wp-json\/wp\/v2\/pages\/2514\/revisions\/2525"}],"up":[{"embeddable":true,"href":"https:\/\/diskproject.eu\/fr\/wp-json\/wp\/v2\/pages\/2683"}],"wp:attachment":[{"href":"https:\/\/diskproject.eu\/fr\/wp-json\/wp\/v2\/media?parent=2514"}],"curies":[{"name":"wp","href":"https:\/\/api.w.org\/{rel}","templated":true}]}}