{"id":2607,"date":"2021-09-03T13:26:04","date_gmt":"2021-09-03T13:26:04","guid":{"rendered":"https:\/\/diskproject.eu\/?page_id=2607"},"modified":"2023-01-30T10:59:46","modified_gmt":"2023-01-30T10:59:46","slug":"projet","status":"publish","type":"page","link":"https:\/\/diskproject.eu\/fr\/projet\/","title":{"rendered":"Projet"},"content":{"rendered":"\t\t<div data-elementor-type=\"wp-page\" data-elementor-id=\"2607\" class=\"elementor elementor-2607 elementor-2153\">\n\t\t\t\t\t\t\t\t\t<section class=\"elementor-section elementor-top-section elementor-element elementor-element-1433280 elementor-section-boxed elementor-section-height-default elementor-section-height-default\" data-id=\"1433280\" data-element_type=\"section\">\n\t\t\t\t\t\t<div class=\"elementor-container elementor-column-gap-default\">\n\t\t\t\t\t<div class=\"elementor-column elementor-col-100 elementor-top-column elementor-element elementor-element-b194214\" data-id=\"b194214\" data-element_type=\"column\">\n\t\t\t<div class=\"elementor-widget-wrap elementor-element-populated\">\n\t\t\t\t\t\t\t\t<div class=\"elementor-element elementor-element-760af9a elementor-widget elementor-widget-text-editor\" data-id=\"760af9a\" data-element_type=\"widget\" data-widget_type=\"text-editor.default\">\n\t\t\t\t<div class=\"elementor-widget-container\">\n\t\t\t\t\t\t\t<p>La solitude, l&rsquo;isolement et l&rsquo;exclusion sociale sont des facteurs de risque importants qui peuvent entra\u00eener une mauvaise sant\u00e9 chez les personnes \u00e2g\u00e9es, en particulier en l&rsquo;absence de r\u00e9seaux familiaux ou en cas de soutien familial insuffisant. Le projet vise \u00e0 apporter une solution \u00e0 ces probl\u00e8mes \u00e0 travers la promotion du vieillissement actif, encourageant les seniors \u00e0 adopter une s\u00e9rie de bonnes pratiques pour pr\u00e9server leur sant\u00e9 gr\u00e2ce \u00e0 l&rsquo;utilisation des nouvelles technologies.<\/p><p>\u00a0<\/p><p>Plus pr\u00e9cis\u00e9ment, il vise \u00e0 cr\u00e9er et \u00e0 tester une plateforme qui regroupe diverses formations pour am\u00e9liorer la m\u00e9moire et les capacit\u00e9s d&rsquo;apprentissage des seniors, ainsi que pour se familiariser avec les services pratiques li\u00e9s aux achats en ligne, aux r\u00e9servations diverses, etc. Gr\u00e2ce \u00e0 l&rsquo;utilisation de la formation, nous nous attendons \u00e0 une am\u00e9lioration de la capacit\u00e9 cognitive des seniors et de leur sant\u00e9 et \u00e0 un ralentissement du d\u00e9clin de la m\u00e9moire. De plus, la grande flexibilit\u00e9 de l&rsquo;outil technologique permettra de varier le contenu de la formation en s&rsquo;adaptant aux besoins d&rsquo;apprentissage individuels (ex : langue \u00e9trang\u00e8re vs. services du quotidien etc.).<\/p><p>R\u00e9sultats<\/p><p>\u00a0<\/p><p>En pratique, les principaux r\u00e9sultats qui seront finalis\u00e9s au cours du projet DISK sont les suivants :<\/p><p>\u00a0<\/p><p>IO1\u00a0: Une plateforme de ressources \u00e9ducatives libres : elle permettra au public d&rsquo;acc\u00e9der \u00e0 tous les mat\u00e9riels d&rsquo;enseignement et de formation qui seront t\u00e9l\u00e9charg\u00e9s sur la plateforme en ligne (y compris les cours d&rsquo;apprentissage en ligne pour tous les diff\u00e9rents acteurs cl\u00e9s, le guide d&rsquo;engagement communautaire, etc.)<\/p><p>\u00a0<\/p><p>IO3\u00a0: Un contenu d&rsquo;entra\u00eenement cognitif : des jeux et des quiz pour l&rsquo;entra\u00eenement cognitif feront partie d&rsquo;un ensemble complet. Ces exercices peuvent \u00eatre pratiqu\u00e9s en ligne sur la plateforme du projet et sont con\u00e7us pour stimuler les capacit\u00e9s cognitives et la plasticit\u00e9 c\u00e9r\u00e9brale des personnes \u00e2g\u00e9es.<\/p><p>\u00a0<\/p><p>IO4\u00a0: Guide et plaidoyer : cela comprend un plaidoyer et des lignes directrices sur l&rsquo;utilisation future de nouvelles opportunit\u00e9s cr\u00e9\u00e9es pour les seniors.<\/p>\t\t\t\t\t\t<\/div>\n\t\t\t\t<\/div>\n\t\t\t\t\t<\/div>\n\t\t<\/div>\n\t\t\t\t\t\t\t<\/div>\n\t\t<\/section>\n\t\t\t\t<section class=\"elementor-section elementor-top-section elementor-element elementor-element-159a6be elementor-section-boxed elementor-section-height-default elementor-section-height-default\" data-id=\"159a6be\" data-element_type=\"section\">\n\t\t\t\t\t\t<div class=\"elementor-container elementor-column-gap-default\">\n\t\t\t\t\t<div class=\"elementor-column elementor-col-100 elementor-top-column elementor-element elementor-element-2fe027d\" data-id=\"2fe027d\" data-element_type=\"column\">\n\t\t\t<div class=\"elementor-widget-wrap elementor-element-populated\">\n\t\t\t\t\t\t\t\t<div class=\"elementor-element elementor-element-4aaa8cf elementor-widget elementor-widget-text-editor\" data-id=\"4aaa8cf\" data-element_type=\"widget\" data-widget_type=\"text-editor.default\">\n\t\t\t\t<div class=\"elementor-widget-container\">\n\t\t\t\t\t\t\t<p><strong>DIRECTIVES POUR LA FORMATION FUTURE<\/strong><\/p> <\/p>  \n \nD\u00e9verrouillez l&rsquo;avenir avec nos lignes directrices pour les personnes \u00e2g\u00e9es ! Cliquez ci-dessous pour t\u00e9l\u00e9charger le r\u00e9sum\u00e9 de nos futures lignes directrices afin de continuer \u00e0 soutenir les r\u00e9sultats de ce projet.<\/p>    \nT\u00e9l\u00e9charger les directives de synth\u00e8se : \t\t\t\t\t\t<\/div>\n\t\t\t\t<\/div>\n\t\t\t\t\t<\/div>\n\t\t<\/div>\n\t\t\t\t\t\t\t<\/div>\n\t\t<\/section>\n\t\t\t\t<section class=\"elementor-section elementor-top-section elementor-element elementor-element-526f697 elementor-section-boxed elementor-section-height-default elementor-section-height-default\" data-id=\"526f697\" data-element_type=\"section\">\n\t\t\t\t\t\t<div class=\"elementor-container elementor-column-gap-default\">\n\t\t\t\t\t<div class=\"elementor-column elementor-col-100 elementor-top-column elementor-element elementor-element-8595013\" data-id=\"8595013\" data-element_type=\"column\">\n\t\t\t<div class=\"elementor-widget-wrap elementor-element-populated\">\n\t\t\t\t\t\t\t\t<div class=\"elementor-element elementor-element-c3cee17 elementor-widget elementor-widget-button\" data-id=\"c3cee17\" data-element_type=\"widget\" data-widget_type=\"button.default\">\n\t\t\t\t<div class=\"elementor-widget-container\">\n\t\t\t\t\t<div class=\"elementor-button-wrapper\">\n\t\t\t<a href=\"https:\/\/diskproject.eu\/wp-content\/uploads\/2023\/01\/FR_Future-Guidelines_Summary.pdf.pdf\" target=\"_blank\" class=\"elementor-button-link elementor-button elementor-size-sm\" role=\"button\">\n\t\t\t\t\t\t<span class=\"elementor-button-content-wrapper\">\n\t\t\t\t\t\t<span class=\"elementor-button-text\">Cliquez ici<\/span>\n\t\t<\/span>\n\t\t\t\t\t<\/a>\n\t\t<\/div>\n\t\t\t\t<\/div>\n\t\t\t\t<\/div>\n\t\t\t\t\t<\/div>\n\t\t<\/div>\n\t\t\t\t\t\t\t<\/div>\n\t\t<\/section>\n\t\t\t\t<section class=\"elementor-section elementor-top-section elementor-element elementor-element-def9fb8 elementor-section-boxed elementor-section-height-default elementor-section-height-default\" data-id=\"def9fb8\" data-element_type=\"section\">\n\t\t\t\t\t\t<div class=\"elementor-container elementor-column-gap-default\">\n\t\t\t\t\t<div class=\"elementor-column elementor-col-100 elementor-top-column elementor-element elementor-element-e6b5c7e\" data-id=\"e6b5c7e\" data-element_type=\"column\">\n\t\t\t<div class=\"elementor-widget-wrap elementor-element-populated\">\n\t\t\t\t\t\t\t\t<div class=\"elementor-element elementor-element-6e01791 elementor-widget elementor-widget-text-editor\" data-id=\"6e01791\" data-element_type=\"widget\" data-widget_type=\"text-editor.default\">\n\t\t\t\t<div class=\"elementor-widget-container\">\n\t\t\t\t\t\t\t<strong>Recommandations politiques <\/strong> <\/p> \nContribuez \u00e0 fa\u00e7onner l&rsquo;avenir des soins aux personnes \u00e2g\u00e9es gr\u00e2ce \u00e0 nos recommandations politiques ! T\u00e9l\u00e9chargez le r\u00e9sum\u00e9 des recommandations politiques visant \u00e0 soutenir un vieillissement actif pour tous.\n<\/p>  \nT\u00e9l\u00e9charger le r\u00e9sum\u00e9 des recommandations :\t\t\t\t\t\t<\/div>\n\t\t\t\t<\/div>\n\t\t\t\t\t<\/div>\n\t\t<\/div>\n\t\t\t\t\t\t\t<\/div>\n\t\t<\/section>\n\t\t\t\t<section class=\"elementor-section elementor-top-section elementor-element elementor-element-05f014d elementor-section-boxed elementor-section-height-default elementor-section-height-default\" data-id=\"05f014d\" data-element_type=\"section\">\n\t\t\t\t\t\t<div class=\"elementor-container elementor-column-gap-default\">\n\t\t\t\t\t<div class=\"elementor-column elementor-col-100 elementor-top-column elementor-element elementor-element-6c35420\" data-id=\"6c35420\" data-element_type=\"column\">\n\t\t\t<div class=\"elementor-widget-wrap elementor-element-populated\">\n\t\t\t\t\t\t\t\t<div class=\"elementor-element elementor-element-e37aef4 elementor-widget elementor-widget-button\" data-id=\"e37aef4\" data-element_type=\"widget\" data-widget_type=\"button.default\">\n\t\t\t\t<div class=\"elementor-widget-container\">\n\t\t\t\t\t<div class=\"elementor-button-wrapper\">\n\t\t\t<a href=\"https:\/\/diskproject.eu\/wp-content\/uploads\/2023\/01\/FR_Policy-Rec_Summary.pdf.pdf\" target=\"_blank\" class=\"elementor-button-link elementor-button elementor-size-sm\" role=\"button\">\n\t\t\t\t\t\t<span class=\"elementor-button-content-wrapper\">\n\t\t\t\t\t\t<span class=\"elementor-button-text\">Cliquez ici<\/span>\n\t\t<\/span>\n\t\t\t\t\t<\/a>\n\t\t<\/div>\n\t\t\t\t<\/div>\n\t\t\t\t<\/div>\n\t\t\t\t\t<\/div>\n\t\t<\/div>\n\t\t\t\t\t\t\t<\/div>\n\t\t<\/section>\n\t\t\t\t\t\t\t<\/div>\n\t\t","protected":false},"excerpt":{"rendered":"<p>La solitude, l&rsquo;isolement et l&rsquo;exclusion sociale sont des facteurs de risque importants qui peuvent entra\u00eener une mauvaise sant\u00e9 chez les personnes \u00e2g\u00e9es, en particulier en l&rsquo;absence de r\u00e9seaux familiaux ou [&hellip;]<\/p>\n","protected":false},"author":2,"featured_media":0,"parent":0,"menu_order":0,"comment_status":"closed","ping_status":"closed","template":"","meta":[],"_links":{"self":[{"href":"https:\/\/diskproject.eu\/fr\/wp-json\/wp\/v2\/pages\/2607"}],"collection":[{"href":"https:\/\/diskproject.eu\/fr\/wp-json\/wp\/v2\/pages"}],"about":[{"href":"https:\/\/diskproject.eu\/fr\/wp-json\/wp\/v2\/types\/page"}],"author":[{"embeddable":true,"href":"https:\/\/diskproject.eu\/fr\/wp-json\/wp\/v2\/users\/2"}],"replies":[{"embeddable":true,"href":"https:\/\/diskproject.eu\/fr\/wp-json\/wp\/v2\/comments?post=2607"}],"version-history":[{"count":30,"href":"https:\/\/diskproject.eu\/fr\/wp-json\/wp\/v2\/pages\/2607\/revisions"}],"predecessor-version":[{"id":8171,"href":"https:\/\/diskproject.eu\/fr\/wp-json\/wp\/v2\/pages\/2607\/revisions\/8171"}],"wp:attachment":[{"href":"https:\/\/diskproject.eu\/fr\/wp-json\/wp\/v2\/media?parent=2607"}],"curies":[{"name":"wp","href":"https:\/\/api.w.org\/{rel}","templated":true}]}}