{"id":2683,"date":"2021-09-05T15:05:45","date_gmt":"2021-09-05T15:05:45","guid":{"rendered":"https:\/\/diskproject.eu\/?page_id=2683"},"modified":"2022-04-28T11:50:55","modified_gmt":"2022-04-28T11:50:55","slug":"partenaires","status":"publish","type":"page","link":"https:\/\/diskproject.eu\/fr\/partenaires\/","title":{"rendered":"Partenaires"},"content":{"rendered":"\t\t<div data-elementor-type=\"wp-page\" data-elementor-id=\"2683\" class=\"elementor elementor-2683 elementor-2159\">\n\t\t\t\t\t\t\t\t\t<section class=\"elementor-section elementor-top-section elementor-element elementor-element-12e0642 elementor-section-boxed elementor-section-height-default elementor-section-height-default\" data-id=\"12e0642\" data-element_type=\"section\">\n\t\t\t\t\t\t<div class=\"elementor-container elementor-column-gap-default\">\n\t\t\t\t\t<div class=\"elementor-column elementor-col-33 elementor-top-column elementor-element elementor-element-0a46e2e\" data-id=\"0a46e2e\" data-element_type=\"column\">\n\t\t\t<div class=\"elementor-widget-wrap elementor-element-populated\">\n\t\t\t\t\t\t\t\t<div class=\"elementor-element elementor-element-b39c538 elementor-widget elementor-widget-image\" data-id=\"b39c538\" data-element_type=\"widget\" data-widget_type=\"image.default\">\n\t\t\t\t<div class=\"elementor-widget-container\">\n\t\t\t\t\t\t\t\t\t\t\t\t\t\t\t<img width=\"150\" height=\"150\" src=\"https:\/\/diskproject.eu\/wp-content\/uploads\/2021\/05\/e-seniors-1-150x150.png\" class=\"attachment-thumbnail size-thumbnail\" alt=\"e-seniors\" loading=\"lazy\" srcset=\"https:\/\/diskproject.eu\/wp-content\/uploads\/2021\/05\/e-seniors-1-150x150.png 150w, https:\/\/diskproject.eu\/wp-content\/uploads\/2021\/05\/e-seniors-1-75x75.png 75w, https:\/\/diskproject.eu\/wp-content\/uploads\/2021\/05\/e-seniors-1.png 232w\" sizes=\"(max-width: 150px) 100vw, 150px\" \/>\t\t\t\t\t\t\t\t\t\t\t\t\t\t\t<\/div>\n\t\t\t\t<\/div>\n\t\t\t\t\t<\/div>\n\t\t<\/div>\n\t\t\t\t<div class=\"elementor-column elementor-col-66 elementor-top-column elementor-element elementor-element-160e0ae\" data-id=\"160e0ae\" data-element_type=\"column\">\n\t\t\t<div class=\"elementor-widget-wrap elementor-element-populated\">\n\t\t\t\t\t\t\t\t<div class=\"elementor-element elementor-element-08fabc0 elementor-widget elementor-widget-text-editor\" data-id=\"08fabc0\" data-element_type=\"widget\" data-widget_type=\"text-editor.default\">\n\t\t\t\t<div class=\"elementor-widget-container\">\n\t\t\t\t\t\t\t<p>E-Seniors est une organisation \u00e0 but non lucratif, fond\u00e9e en 2005. E-Seniors a pour objectif de lutter contre l&rsquo;e- exclusion en proposant des formations TIC aux seniors (personnes \u00e2g\u00e9es de 55 ans et plus).<\/p><p><a href=\"https:\/\/diskproject.eu\/fr\/elementor-2683\/e-seniors\/\">Read more<\/a><\/p>\t\t\t\t\t\t<\/div>\n\t\t\t\t<\/div>\n\t\t\t\t\t<\/div>\n\t\t<\/div>\n\t\t\t\t\t\t\t<\/div>\n\t\t<\/section>\n\t\t\t\t<section class=\"elementor-section elementor-top-section elementor-element elementor-element-4a93964 elementor-section-boxed elementor-section-height-default elementor-section-height-default\" data-id=\"4a93964\" data-element_type=\"section\">\n\t\t\t\t\t\t<div class=\"elementor-container elementor-column-gap-default\">\n\t\t\t\t\t<div class=\"elementor-column elementor-col-33 elementor-top-column elementor-element elementor-element-f4aae3e\" data-id=\"f4aae3e\" data-element_type=\"column\">\n\t\t\t<div class=\"elementor-widget-wrap elementor-element-populated\">\n\t\t\t\t\t\t\t\t<div class=\"elementor-element elementor-element-8e91576 elementor-widget elementor-widget-image\" data-id=\"8e91576\" data-element_type=\"widget\" data-widget_type=\"image.default\">\n\t\t\t\t<div class=\"elementor-widget-container\">\n\t\t\t\t\t\t\t\t\t\t\t\t\t\t\t<img width=\"150\" height=\"94\" src=\"https:\/\/diskproject.eu\/wp-content\/uploads\/2021\/05\/CDI-thumb-1.png\" class=\"attachment-thumbnail size-thumbnail\" alt=\"CDI\" loading=\"lazy\" \/>\t\t\t\t\t\t\t\t\t\t\t\t\t\t\t<\/div>\n\t\t\t\t<\/div>\n\t\t\t\t\t<\/div>\n\t\t<\/div>\n\t\t\t\t<div class=\"elementor-column elementor-col-66 elementor-top-column elementor-element elementor-element-8b5b9dc\" data-id=\"8b5b9dc\" data-element_type=\"column\">\n\t\t\t<div class=\"elementor-widget-wrap elementor-element-populated\">\n\t\t\t\t\t\t\t\t<div class=\"elementor-element elementor-element-30d2cf5 elementor-widget elementor-widget-text-editor\" data-id=\"30d2cf5\" data-element_type=\"widget\" data-widget_type=\"text-editor.default\">\n\t\t\t\t<div class=\"elementor-widget-container\">\n\t\t\t\t\t\t\t<p>Community Development Institute (CDI) est une association nationale non gouvernementale et \u00e0 but non lucratif qui chapeaute le d\u00e9veloppement, l&rsquo;\u00e9ducation et les services sociaux.<\/p><p><a href=\"https:\/\/diskproject.eu\/fr\/partenaires\/community-development-institute\/\">Read more<\/a><\/p>\t\t\t\t\t\t<\/div>\n\t\t\t\t<\/div>\n\t\t\t\t\t<\/div>\n\t\t<\/div>\n\t\t\t\t\t\t\t<\/div>\n\t\t<\/section>\n\t\t\t\t<section class=\"elementor-section elementor-top-section elementor-element elementor-element-c694456 elementor-section-boxed elementor-section-height-default elementor-section-height-default\" data-id=\"c694456\" data-element_type=\"section\">\n\t\t\t\t\t\t<div class=\"elementor-container elementor-column-gap-default\">\n\t\t\t\t\t<div class=\"elementor-column elementor-col-33 elementor-top-column elementor-element elementor-element-578ee77\" data-id=\"578ee77\" data-element_type=\"column\">\n\t\t\t<div class=\"elementor-widget-wrap elementor-element-populated\">\n\t\t\t\t\t\t\t\t<div class=\"elementor-element elementor-element-de5131d elementor-widget elementor-widget-image\" data-id=\"de5131d\" data-element_type=\"widget\" data-widget_type=\"image.default\">\n\t\t\t\t<div class=\"elementor-widget-container\">\n\t\t\t\t\t\t\t\t\t\t\t\t\t\t\t<img width=\"150\" height=\"30\" src=\"https:\/\/diskproject.eu\/wp-content\/uploads\/2021\/05\/idp2-tyhumb-1.png\" class=\"attachment-thumbnail size-thumbnail\" alt=\"it solutions for all\" loading=\"lazy\" \/>\t\t\t\t\t\t\t\t\t\t\t\t\t\t\t<\/div>\n\t\t\t\t<\/div>\n\t\t\t\t\t<\/div>\n\t\t<\/div>\n\t\t\t\t<div class=\"elementor-column elementor-col-66 elementor-top-column elementor-element elementor-element-cb919da\" data-id=\"cb919da\" data-element_type=\"column\">\n\t\t\t<div class=\"elementor-widget-wrap elementor-element-populated\">\n\t\t\t\t\t\t\t\t<div class=\"elementor-element elementor-element-8997c58 elementor-widget elementor-widget-text-editor\" data-id=\"8997c58\" data-element_type=\"widget\" data-widget_type=\"text-editor.default\">\n\t\t\t\t<div class=\"elementor-widget-container\">\n\t\t\t\t\t\t\t<p>IT Solutions For All est une organisation \u00e0 but non lucratif bas\u00e9e \u00e0 Malaga, en Espagne, qui cherche \u00e0 promouvoir la formation aux technologies TIC (technologies de l&rsquo;information et de la communication) pour les personnes peu qualifi\u00e9es afin de les rendre autonomes et de leur permettre d\u2019\u00e9voluer dans le monde technologique dans lequel nous vivons.<\/p><p><a href=\"https:\/\/diskproject.eu\/fr\/partenaires\/it-solutions-for-all\/\">Read more<\/a><\/p>\t\t\t\t\t\t<\/div>\n\t\t\t\t<\/div>\n\t\t\t\t\t<\/div>\n\t\t<\/div>\n\t\t\t\t\t\t\t<\/div>\n\t\t<\/section>\n\t\t\t\t<section class=\"elementor-section elementor-top-section elementor-element elementor-element-c25a85d elementor-section-boxed elementor-section-height-default elementor-section-height-default\" data-id=\"c25a85d\" data-element_type=\"section\">\n\t\t\t\t\t\t<div class=\"elementor-container elementor-column-gap-default\">\n\t\t\t\t\t<div class=\"elementor-column elementor-col-33 elementor-top-column elementor-element elementor-element-114053a\" data-id=\"114053a\" data-element_type=\"column\">\n\t\t\t<div class=\"elementor-widget-wrap elementor-element-populated\">\n\t\t\t\t\t\t\t\t<div class=\"elementor-element elementor-element-239cab0 elementor-widget elementor-widget-image\" data-id=\"239cab0\" data-element_type=\"widget\" data-widget_type=\"image.default\">\n\t\t\t\t<div class=\"elementor-widget-container\">\n\t\t\t\t\t\t\t\t\t\t\t\t\t\t\t<img width=\"150\" height=\"150\" src=\"https:\/\/diskproject.eu\/wp-content\/uploads\/2021\/05\/fuori-dal-sommerso-1-150x150.png\" class=\"attachment-thumbnail size-thumbnail\" alt=\"\" loading=\"lazy\" srcset=\"https:\/\/diskproject.eu\/wp-content\/uploads\/2021\/05\/fuori-dal-sommerso-1-150x150.png 150w, https:\/\/diskproject.eu\/wp-content\/uploads\/2021\/05\/fuori-dal-sommerso-1-75x75.png 75w, https:\/\/diskproject.eu\/wp-content\/uploads\/2021\/05\/fuori-dal-sommerso-1.png 188w\" sizes=\"(max-width: 150px) 100vw, 150px\" \/>\t\t\t\t\t\t\t\t\t\t\t\t\t\t\t<\/div>\n\t\t\t\t<\/div>\n\t\t\t\t\t<\/div>\n\t\t<\/div>\n\t\t\t\t<div class=\"elementor-column elementor-col-66 elementor-top-column elementor-element elementor-element-a2e1796\" data-id=\"a2e1796\" data-element_type=\"column\">\n\t\t\t<div class=\"elementor-widget-wrap elementor-element-populated\">\n\t\t\t\t\t\t\t\t<div class=\"elementor-element elementor-element-c38421c elementor-widget elementor-widget-text-editor\" data-id=\"c38421c\" data-element_type=\"widget\" data-widget_type=\"text-editor.default\">\n\t\t\t\t<div class=\"elementor-widget-container\">\n\t\t\t\t\t\t\t<p>FUORI DAL SOMMERSO : Cooperativa fuori dal Sommerso est une organisation \u00e0 but non lucratif fond\u00e9e \u00e0 Mesagne (dans les Pouilles, au sud de l&rsquo;Italie) en 2001 ; elle compte 21 professionnels et est active dans le domaine des adultes, du vieillissement actif, de l&rsquo;int\u00e9gration sociale et professionnelle des groupes cibles vuln\u00e9rables (en particulier les personnes handicap\u00e9es).<\/p><p><a href=\"https:\/\/diskproject.eu\/fr\/partenaires\/fuori-dal-sommerso\/\">Read more<\/a><\/p>\t\t\t\t\t\t<\/div>\n\t\t\t\t<\/div>\n\t\t\t\t\t<\/div>\n\t\t<\/div>\n\t\t\t\t\t\t\t<\/div>\n\t\t<\/section>\n\t\t\t\t<section class=\"elementor-section elementor-top-section elementor-element elementor-element-542c215 elementor-section-boxed elementor-section-height-default elementor-section-height-default\" data-id=\"542c215\" data-element_type=\"section\">\n\t\t\t\t\t\t<div class=\"elementor-container elementor-column-gap-default\">\n\t\t\t\t\t<div class=\"elementor-column elementor-col-33 elementor-top-column elementor-element elementor-element-0dd5fc3\" data-id=\"0dd5fc3\" data-element_type=\"column\">\n\t\t\t<div class=\"elementor-widget-wrap elementor-element-populated\">\n\t\t\t\t\t\t\t\t<div class=\"elementor-element elementor-element-6572c0c elementor-widget elementor-widget-image\" data-id=\"6572c0c\" data-element_type=\"widget\" data-widget_type=\"image.default\">\n\t\t\t\t<div class=\"elementor-widget-container\">\n\t\t\t\t\t\t\t\t\t\t\t\t\t\t\t<img width=\"150\" height=\"83\" src=\"https:\/\/diskproject.eu\/wp-content\/uploads\/2021\/05\/ihf-1-150x83.png\" class=\"attachment-thumbnail size-thumbnail\" alt=\"\" loading=\"lazy\" \/>\t\t\t\t\t\t\t\t\t\t\t\t\t\t\t<\/div>\n\t\t\t\t<\/div>\n\t\t\t\t\t<\/div>\n\t\t<\/div>\n\t\t\t\t<div class=\"elementor-column elementor-col-66 elementor-top-column elementor-element elementor-element-f7904b5\" data-id=\"f7904b5\" data-element_type=\"column\">\n\t\t\t<div class=\"elementor-widget-wrap elementor-element-populated\">\n\t\t\t\t\t\t\t\t<div class=\"elementor-element elementor-element-ed124ee elementor-widget elementor-widget-text-editor\" data-id=\"ed124ee\" data-element_type=\"widget\" data-widget_type=\"text-editor.default\">\n\t\t\t\t<div class=\"elementor-widget-container\">\n\t\t\t\t\t\t\t<p>L&rsquo;Institut de Haute Formation aux Politiques Communautaires (IHF) est une organisation \u00e0 but non lucratif \u00e9tablie et op\u00e9rant \u00e0 Bruxelles (Belgique) depuis 2003 pour promouvoir la sensibilisation aux valeurs europ\u00e9ennes et renforcer la capacit\u00e9 \u00e0 utiliser les opportunit\u00e9s au niveau europ\u00e9en d&rsquo;un public diversifi\u00e9 de jeunes, de la communaut\u00e9 des affaires et du monde universitaire, ainsi que des partenaires sociaux comme les associations et l&rsquo;administration publique.<\/p><p><a href=\"https:\/\/diskproject.eu\/fr\/partenaires\/institut-de-haute-formation-aux-politiques-communautaires\/\">Read more<\/a><\/p>\t\t\t\t\t\t<\/div>\n\t\t\t\t<\/div>\n\t\t\t\t\t<\/div>\n\t\t<\/div>\n\t\t\t\t\t\t\t<\/div>\n\t\t<\/section>\n\t\t\t\t<section class=\"elementor-section elementor-top-section elementor-element elementor-element-ac3ddbf elementor-section-boxed elementor-section-height-default elementor-section-height-default\" data-id=\"ac3ddbf\" data-element_type=\"section\">\n\t\t\t\t\t\t<div class=\"elementor-container elementor-column-gap-default\">\n\t\t\t\t\t<div class=\"elementor-column elementor-col-33 elementor-top-column elementor-element elementor-element-5daa74a\" data-id=\"5daa74a\" data-element_type=\"column\">\n\t\t\t<div class=\"elementor-widget-wrap elementor-element-populated\">\n\t\t\t\t\t\t\t\t<div class=\"elementor-element elementor-element-b3174ee elementor-widget elementor-widget-image\" data-id=\"b3174ee\" data-element_type=\"widget\" data-widget_type=\"image.default\">\n\t\t\t\t<div class=\"elementor-widget-container\">\n\t\t\t\t\t\t\t\t\t\t\t\t\t\t\t<img width=\"150\" height=\"70\" src=\"https:\/\/diskproject.eu\/wp-content\/uploads\/2021\/05\/idp-thumb-1.png\" class=\"attachment-thumbnail size-thumbnail\" alt=\"\" loading=\"lazy\" \/>\t\t\t\t\t\t\t\t\t\t\t\t\t\t\t<\/div>\n\t\t\t\t<\/div>\n\t\t\t\t\t<\/div>\n\t\t<\/div>\n\t\t\t\t<div class=\"elementor-column elementor-col-66 elementor-top-column elementor-element elementor-element-9b05cd2\" data-id=\"9b05cd2\" data-element_type=\"column\">\n\t\t\t<div class=\"elementor-widget-wrap elementor-element-populated\">\n\t\t\t\t\t\t\t\t<div class=\"elementor-element elementor-element-3f509db elementor-widget elementor-widget-text-editor\" data-id=\"3f509db\" data-element_type=\"widget\" data-widget_type=\"text-editor.default\">\n\t\t\t\t<div class=\"elementor-widget-container\">\n\t\t\t\t\t\t\t<p>IDP encourage l&rsquo;innovation et la comp\u00e9titivit\u00e9 de l&rsquo;\u00e9cosyst\u00e8me socio-\u00e9conomique de l&rsquo;UE compos\u00e9 de PME, d&rsquo;universit\u00e9s\/recherche, de la soci\u00e9t\u00e9 civile et du secteur public. IDP est sp\u00e9cialis\u00e9 dans les politiques et programmes europ\u00e9ens de soutien \u00e0 la croissance, \u00e0 la comp\u00e9titivit\u00e9 et \u00e0 l&rsquo;innovation dans les domaines de l&rsquo;\u00e9ducation et de la formation, des TIC, de la recherche et de l&rsquo;innovation.<\/p><p><a href=\"https:\/\/diskproject.eu\/fr\/partenaires\/idp-european-consultants\/\">Read more<\/a><\/p>\t\t\t\t\t\t<\/div>\n\t\t\t\t<\/div>\n\t\t\t\t\t<\/div>\n\t\t<\/div>\n\t\t\t\t\t\t\t<\/div>\n\t\t<\/section>\n\t\t\t\t<section class=\"elementor-section elementor-top-section elementor-element elementor-element-9533702 elementor-section-boxed elementor-section-height-default elementor-section-height-default\" data-id=\"9533702\" data-element_type=\"section\">\n\t\t\t\t\t\t<div class=\"elementor-container elementor-column-gap-default\">\n\t\t\t\t\t<div class=\"elementor-column elementor-col-33 elementor-top-column elementor-element elementor-element-18b55cb\" data-id=\"18b55cb\" data-element_type=\"column\">\n\t\t\t<div class=\"elementor-widget-wrap elementor-element-populated\">\n\t\t\t\t\t\t\t\t<div class=\"elementor-element elementor-element-700eb04 elementor-widget elementor-widget-image\" data-id=\"700eb04\" data-element_type=\"widget\" data-widget_type=\"image.default\">\n\t\t\t\t<div class=\"elementor-widget-container\">\n\t\t\t\t\t\t\t\t\t\t\t\t\t\t\t<img width=\"150\" height=\"44\" src=\"https:\/\/diskproject.eu\/wp-content\/uploads\/2021\/05\/mathimagenesis-thumb-1.png\" class=\"attachment-thumbnail size-thumbnail\" alt=\"\" loading=\"lazy\" \/>\t\t\t\t\t\t\t\t\t\t\t\t\t\t\t<\/div>\n\t\t\t\t<\/div>\n\t\t\t\t\t<\/div>\n\t\t<\/div>\n\t\t\t\t<div class=\"elementor-column elementor-col-66 elementor-top-column elementor-element elementor-element-1f69f44\" data-id=\"1f69f44\" data-element_type=\"column\">\n\t\t\t<div class=\"elementor-widget-wrap elementor-element-populated\">\n\t\t\t\t\t\t\t\t<div class=\"elementor-element elementor-element-4cc288e elementor-widget elementor-widget-text-editor\" data-id=\"4cc288e\" data-element_type=\"widget\" data-widget_type=\"text-editor.default\">\n\t\t\t\t<div class=\"elementor-widget-container\">\n\t\t\t\t\t\t\t<p>Mathemagenesis est une PME grecque situ\u00e9e \u00e0 Thessalonique. Son personnel est compos\u00e9 de professionnels de l&rsquo;administration des affaires, des technologies \u00e9ducatives, d&rsquo;ing\u00e9nieurs en informatique et de la conception p\u00e9dagogique. Mathemagenesis est un fournisseur d&rsquo;apprentissage en ligne qui compte \u00e0 la fois des clients nationaux et des partenaires europ\u00e9ens participant \u00e0 des projets europ\u00e9ens.<\/p><p><a href=\"https:\/\/diskproject.eu\/fr\/partenaires\/mathemagenesis_ike\/\">Read more<\/a><\/p>\t\t\t\t\t\t<\/div>\n\t\t\t\t<\/div>\n\t\t\t\t\t<\/div>\n\t\t<\/div>\n\t\t\t\t\t\t\t<\/div>\n\t\t<\/section>\n\t\t\t\t<section class=\"elementor-section elementor-top-section elementor-element elementor-element-707bce3 elementor-section-boxed elementor-section-height-default elementor-section-height-default\" data-id=\"707bce3\" data-element_type=\"section\">\n\t\t\t\t\t\t<div class=\"elementor-container elementor-column-gap-default\">\n\t\t\t\t\t<div class=\"elementor-column elementor-col-50 elementor-top-column elementor-element elementor-element-490f4c5\" data-id=\"490f4c5\" data-element_type=\"column\">\n\t\t\t<div class=\"elementor-widget-wrap elementor-element-populated\">\n\t\t\t\t\t\t\t\t<div class=\"elementor-element elementor-element-45f903d elementor-widget elementor-widget-image\" data-id=\"45f903d\" data-element_type=\"widget\" data-widget_type=\"image.default\">\n\t\t\t\t<div class=\"elementor-widget-container\">\n\t\t\t\t\t\t\t\t\t\t\t\t\t\t\t<img width=\"310\" height=\"38\" src=\"https:\/\/diskproject.eu\/wp-content\/uploads\/2021\/09\/pistes-solidaires.jpg\" class=\"attachment-large size-large\" alt=\"pistes-solidaires\" loading=\"lazy\" srcset=\"https:\/\/diskproject.eu\/wp-content\/uploads\/2021\/09\/pistes-solidaires.jpg 310w, https:\/\/diskproject.eu\/wp-content\/uploads\/2021\/09\/pistes-solidaires-300x37.jpg 300w\" sizes=\"(max-width: 310px) 100vw, 310px\" \/>\t\t\t\t\t\t\t\t\t\t\t\t\t\t\t<\/div>\n\t\t\t\t<\/div>\n\t\t\t\t\t<\/div>\n\t\t<\/div>\n\t\t\t\t<div class=\"elementor-column elementor-col-50 elementor-top-column elementor-element elementor-element-95ea0f5\" data-id=\"95ea0f5\" data-element_type=\"column\">\n\t\t\t<div class=\"elementor-widget-wrap elementor-element-populated\">\n\t\t\t\t\t\t\t\t<div class=\"elementor-element elementor-element-bfbe5ae elementor-widget elementor-widget-text-editor\" data-id=\"bfbe5ae\" data-element_type=\"widget\" data-widget_type=\"text-editor.default\">\n\t\t\t\t<div class=\"elementor-widget-container\">\n\t\t\t\t\t\t\t<p>Pistes-Solidaires, bas\u00e9e dans le sud-ouest de la France, est une association qui d\u00e9veloppe ses projets et actions selon les 4 piliers de l\u2019\u00e9ducation de l\u2019UNESCO : apprendre \u00e0 conna\u00eetre, apprendre \u00e0 \u00eatre, apprendre \u00e0 faire, apprendre \u00e0 vivre ensemble et avec les autres.<\/p><p><a href=\"https:\/\/diskproject.eu\/fr\/partenaires\/pistes_solidaires\/\">Read more<\/a><\/p>\t\t\t\t\t\t<\/div>\n\t\t\t\t<\/div>\n\t\t\t\t\t<\/div>\n\t\t<\/div>\n\t\t\t\t\t\t\t<\/div>\n\t\t<\/section>\n\t\t\t\t\t\t\t<\/div>\n\t\t","protected":false},"excerpt":{"rendered":"<p>E-Seniors est une organisation \u00e0 but non lucratif, fond\u00e9e en 2005. E-Seniors a pour objectif de lutter contre l&rsquo;e- exclusion en proposant des formations TIC aux seniors (personnes \u00e2g\u00e9es de [&hellip;]<\/p>\n","protected":false},"author":2,"featured_media":0,"parent":0,"menu_order":0,"comment_status":"closed","ping_status":"closed","template":"","meta":[],"_links":{"self":[{"href":"https:\/\/diskproject.eu\/fr\/wp-json\/wp\/v2\/pages\/2683"}],"collection":[{"href":"https:\/\/diskproject.eu\/fr\/wp-json\/wp\/v2\/pages"}],"about":[{"href":"https:\/\/diskproject.eu\/fr\/wp-json\/wp\/v2\/types\/page"}],"author":[{"embeddable":true,"href":"https:\/\/diskproject.eu\/fr\/wp-json\/wp\/v2\/users\/2"}],"replies":[{"embeddable":true,"href":"https:\/\/diskproject.eu\/fr\/wp-json\/wp\/v2\/comments?post=2683"}],"version-history":[{"count":33,"href":"https:\/\/diskproject.eu\/fr\/wp-json\/wp\/v2\/pages\/2683\/revisions"}],"predecessor-version":[{"id":4054,"href":"https:\/\/diskproject.eu\/fr\/wp-json\/wp\/v2\/pages\/2683\/revisions\/4054"}],"wp:attachment":[{"href":"https:\/\/diskproject.eu\/fr\/wp-json\/wp\/v2\/media?parent=2683"}],"curies":[{"name":"wp","href":"https:\/\/api.w.org\/{rel}","templated":true}]}}