{"id":4383,"date":"2022-05-03T08:15:26","date_gmt":"2022-05-03T08:15:26","guid":{"rendered":"https:\/\/diskproject.eu\/?page_id=4383"},"modified":"2022-09-08T09:25:08","modified_gmt":"2022-09-08T09:25:08","slug":"travailler-ses-capacites-danalyse-la-creation-de-scenarios-pour-les-fonctions-cognitives-executives","status":"publish","type":"page","link":"https:\/\/diskproject.eu\/fr\/travailler-ses-capacites-danalyse-la-creation-de-scenarios-pour-les-fonctions-cognitives-executives\/","title":{"rendered":"Travailler ses capacit\u00e9s d&rsquo;analyse : la cr\u00e9ation de sc\u00e9narios pour les fonctions cognitives ex\u00e9cutives"},"content":{"rendered":"\t\t<div data-elementor-type=\"wp-page\" data-elementor-id=\"4383\" class=\"elementor elementor-4383 elementor-3069\">\n\t\t\t\t\t\t\t\t\t<section class=\"elementor-section elementor-top-section elementor-element elementor-element-4f733fc3 elementor-section-boxed elementor-section-height-default elementor-section-height-default\" data-id=\"4f733fc3\" data-element_type=\"section\">\n\t\t\t\t\t\t<div class=\"elementor-container elementor-column-gap-default\">\n\t\t\t\t\t<div class=\"elementor-column elementor-col-100 elementor-top-column elementor-element elementor-element-33679255\" data-id=\"33679255\" data-element_type=\"column\">\n\t\t\t<div class=\"elementor-widget-wrap elementor-element-populated\">\n\t\t\t\t\t\t\t\t<div class=\"elementor-element elementor-element-1e3257d3 elementor-widget elementor-widget-image\" data-id=\"1e3257d3\" data-element_type=\"widget\" data-widget_type=\"image.default\">\n\t\t\t\t<div class=\"elementor-widget-container\">\n\t\t\t\t\t\t\t\t\t\t\t\t\t\t\t<img width=\"1200\" height=\"200\" src=\"https:\/\/diskproject.eu\/wp-content\/uploads\/2022\/02\/wally_feat.png\" class=\"attachment-full size-full\" alt=\"\" loading=\"lazy\" srcset=\"https:\/\/diskproject.eu\/wp-content\/uploads\/2022\/02\/wally_feat.png 1200w, https:\/\/diskproject.eu\/wp-content\/uploads\/2022\/02\/wally_feat-300x50.png 300w, https:\/\/diskproject.eu\/wp-content\/uploads\/2022\/02\/wally_feat-1024x171.png 1024w, https:\/\/diskproject.eu\/wp-content\/uploads\/2022\/02\/wally_feat-768x128.png 768w\" sizes=\"(max-width: 1200px) 100vw, 1200px\" \/>\t\t\t\t\t\t\t\t\t\t\t\t\t\t\t<\/div>\n\t\t\t\t<\/div>\n\t\t\t\t<div class=\"elementor-element elementor-element-62b5016b elementor-widget elementor-widget-text-editor\" data-id=\"62b5016b\" data-element_type=\"widget\" data-widget_type=\"text-editor.default\">\n\t\t\t\t<div class=\"elementor-widget-container\">\n\t\t\t\t\t\t\t<p>Download content:<a href=\"https:\/\/diskproject.eu\/wp-content\/uploads\/2022\/05\/DISK_IO3-IDP_PPT_FR.pptx\"><img src=\"https:\/\/diskproject.eu\/wp-content\/uploads\/2022\/03\/powepoiint_ico.png\" width=\"32px\" \/><\/a><\/p>\t\t\t\t\t\t<\/div>\n\t\t\t\t<\/div>\n\t\t\t\t<div class=\"elementor-element elementor-element-46c0e810 elementor-tabs-view-horizontal elementor-widget elementor-widget-tabs\" data-id=\"46c0e810\" data-element_type=\"widget\" data-widget_type=\"tabs.default\">\n\t\t\t\t<div class=\"elementor-widget-container\">\n\t\t\t\t\t<div class=\"elementor-tabs\">\n\t\t\t<div class=\"elementor-tabs-wrapper\" role=\"tablist\" >\n\t\t\t\t\t\t\t\t\t<div id=\"elementor-tab-title-1181\" class=\"elementor-tab-title elementor-tab-desktop-title\" aria-selected=\"true\" data-tab=\"1\" role=\"tab\" tabindex=\"0\" aria-controls=\"elementor-tab-content-1181\" aria-expanded=\"false\">Contenu<\/div>\n\t\t\t\t\t\t\t\t\t<div id=\"elementor-tab-title-1182\" class=\"elementor-tab-title elementor-tab-desktop-title\" aria-selected=\"false\" data-tab=\"2\" role=\"tab\" tabindex=\"-1\" aria-controls=\"elementor-tab-content-1182\" aria-expanded=\"false\">Description<\/div>\n\t\t\t\t\t\t\t\t\t<div id=\"elementor-tab-title-1183\" class=\"elementor-tab-title elementor-tab-desktop-title\" aria-selected=\"false\" data-tab=\"3\" role=\"tab\" tabindex=\"-1\" aria-controls=\"elementor-tab-content-1183\" aria-expanded=\"false\">Data<\/div>\n\t\t\t\t\t\t\t\t\t<div id=\"elementor-tab-title-1184\" class=\"elementor-tab-title elementor-tab-desktop-title\" aria-selected=\"false\" data-tab=\"4\" role=\"tab\" tabindex=\"-1\" aria-controls=\"elementor-tab-content-1184\" aria-expanded=\"false\">Bibliographie<\/div>\n\t\t\t\t\t\t\t\t\t<div id=\"elementor-tab-title-1185\" class=\"elementor-tab-title elementor-tab-desktop-title\" aria-selected=\"false\" data-tab=\"5\" role=\"tab\" tabindex=\"-1\" aria-controls=\"elementor-tab-content-1185\" aria-expanded=\"false\">Game <\/div>\n\t\t\t\t\t\t\t<\/div>\n\t\t\t<div class=\"elementor-tabs-content-wrapper\" role=\"tablist\" aria-orientation=\"vertical\">\n\t\t\t\t\t\t\t\t\t<div class=\"elementor-tab-title elementor-tab-mobile-title\" aria-selected=\"true\" data-tab=\"1\" role=\"tab\" tabindex=\"0\" aria-controls=\"elementor-tab-content-1181\" aria-expanded=\"false\">Contenu<\/div>\n\t\t\t\t\t<div id=\"elementor-tab-content-1181\" class=\"elementor-tab-content elementor-clearfix\" data-tab=\"1\" role=\"tabpanel\" aria-labelledby=\"elementor-tab-title-1181\" tabindex=\"0\" hidden=\"false\"><p><strong><b>D\u00e9veloppement du contenu de la formation<\/b>\u200b<\/strong><\/p><p><div class=\"su-spoiler su-spoiler-style-fancy su-spoiler-icon-plus-circle su-spoiler-closed\" data-scroll-offset=\"0\" data-anchor-in-url=\"no\"><div class=\"su-spoiler-title\" tabindex=\"0\" role=\"button\"><span class=\"su-spoiler-icon\"><\/span>Quels sont les r\u00e9sultats les plus probables d&rsquo;une d\u00e9cision ?<\/div><div class=\"su-spoiler-content su-u-clearfix su-u-trim\"><\/p><ul><li><span style=\"font-weight: 400;\">\u00c9volution : renforcer des tendances d\u00e9j\u00e0 existantes (boucle de r\u00e9troaction positive)<\/span><\/li><li><span style=\"font-weight: 400;\">R\u00e9volution : bouleverser un statu quo existant<\/span><\/li><li><span style=\"font-weight: 400;\">Cycles : attendre que les choses se produisent<\/span><\/li><li><span style=\"font-weight: 400;\">Planification \u00e0 long terme : les effets continus produisent les r\u00e9sultats souhait\u00e9s.<\/span><\/li><\/ul><p><span style=\"font-weight: 400;\">Sur la base de ce qui pr\u00e9c\u00e8de, les apprenants sont invit\u00e9s \u00e0 explorer par eux-m\u00eames la carte des r\u00e9sultats de leur prise de d\u00e9cision et \u00e0 trouver des solutions efficaces et efficientes \u00e0 des situations ordinaires mais \u00ab\u00a0inconfortables\u00a0\u00bb.<\/span><\/p><p><\/div><\/div><\/p><\/div>\n\t\t\t\t\t\t\t\t\t<div class=\"elementor-tab-title elementor-tab-mobile-title\" aria-selected=\"false\" data-tab=\"2\" role=\"tab\" tabindex=\"-1\" aria-controls=\"elementor-tab-content-1182\" aria-expanded=\"false\">Description<\/div>\n\t\t\t\t\t<div id=\"elementor-tab-content-1182\" class=\"elementor-tab-content elementor-clearfix\" data-tab=\"2\" role=\"tabpanel\" aria-labelledby=\"elementor-tab-title-1182\" tabindex=\"0\" hidden=\"hidden\"><table><tbody><tr><td colspan=\"2\"><p><strong>Description<\/strong><\/p><\/td><\/tr><tr><td colspan=\"2\"><p><span style=\"font-weight: 400;\">La cr\u00e9ation de sc\u00e9narios (\u00e9galement appel\u00e9e \u00ab\u00a0pens\u00e9e par sc\u00e9narios\u00a0\u00bb et \u00ab\u00a0analyse de sc\u00e9narios\u00a0\u00bb) est une m\u00e9thode issue du renseignement militaire. Les entreprises et les organisations ont commenc\u00e9 \u00e0 s&rsquo;en servir pour d\u00e9finir et r\u00e9fl\u00e9chir \u00e0 des plans strat\u00e9giques \u00e0 long terme. Ces derni\u00e8res ann\u00e9es, la cr\u00e9ation de sc\u00e9narios est devenu assez courante, m\u00eame en psychologie (psychoth\u00e9rapie) et en sciences sociales.<\/span><\/p><p><span style=\"font-weight: 400;\">Dans le cadre de ce module de formation, les apprenants seront confront\u00e9s \u00e0 des d\u00e9fis simples de la vie quotidienne (par exemple : \u201c<\/span><i><span style=\"font-weight: 400;\">vous \u00eates coinc\u00e9 dans le trafic et le moteur de votre voiture s&rsquo;arr\u00eate de fonctionner, que faites-vous maintenant ?<\/span><\/i><span style=\"font-weight: 400;\">\u201d). Pour chaque sc\u00e9nario, ils devront :<\/span><\/p><ol><li style=\"font-weight: 400;\" aria-level=\"1\"><span style=\"font-weight: 400;\">\u00c9valuer et appr\u00e9cier les (r\u00e9)actions possibles<\/span><\/li><li style=\"font-weight: 400;\" aria-level=\"1\"><span style=\"font-weight: 400;\">\u00c9valuer et appr\u00e9cier les effets que ces (r\u00e9)actions pourraient d\u00e9clencher<\/span><\/li><li style=\"font-weight: 400;\" aria-level=\"1\"><span style=\"font-weight: 400;\">\u00c9valuer et appr\u00e9cier les r\u00e9sultats ult\u00e9rieurs<\/span><\/li><\/ol><p><span style=\"font-weight: 400;\">\u00a0<\/span><\/p><p><b>Il n&rsquo;y aura pas de bonnes ou de mauvaises r\u00e9ponses<\/b><span style=\"font-weight: 400;\">, il ne s&rsquo;agit pas d&rsquo;un test ni d&rsquo;un \u00ab\u00a0quiz comportemental\u00a0\u00bb ; les apprenants sont tenus de d\u00e9velopper eux-m\u00eames les r\u00e9sultats que leurs d\u00e9cisions pourraient g\u00e9n\u00e9rer afin de mieux \u00e9valuer les implications de cause \u00e0 effet qui en d\u00e9coulent. Il s&rsquo;agit d&rsquo;un exercice qui leur permet d&rsquo;entra\u00eener leur flexibilit\u00e9 cognitive, ind\u00e9pendamment de la pr\u00e9cision et de l&rsquo;ad\u00e9quation de leurs d\u00e9cisions. <\/span><\/p><\/td><\/tr><\/tbody><\/table><h3><b>R\u00e9sultats d&rsquo;apprentissage \/ objectifs<\/b><\/h3><table><tbody><tr><td colspan=\"2\"><p><span style=\"font-weight: 400;\">L&rsquo;objectif de ce module est de stimuler les \u00e9l\u00e9ments suivants :<\/span><\/p><ul><li style=\"font-weight: 400;\" aria-level=\"1\"><span style=\"font-weight: 400;\">La pens\u00e9e critique<\/span><\/li><li style=\"font-weight: 400;\" aria-level=\"1\"><span style=\"font-weight: 400;\">La cr\u00e9ativit\u00e9<\/span><\/li><li style=\"font-weight: 400;\" aria-level=\"1\"><span style=\"font-weight: 400;\">La pens\u00e9e analytique et le raisonnement<\/span><\/li><li style=\"font-weight: 400;\" aria-level=\"1\"><span style=\"font-weight: 400;\">L&rsquo;imagerie mentale<\/span><\/li><li style=\"font-weight: 400;\" aria-level=\"1\"><span style=\"font-weight: 400;\">La r\u00e9activit\u00e9 et r\u00e9ceptivit\u00e9<\/span><\/li><\/ul><p><b>R\u00e9capitulatif<\/b><\/p><ol><li><span style=\"font-weight: 400;\">D\u00e9finir les enjeux<\/span><\/li><li><span style=\"font-weight: 400;\">Collecter des donn\u00e9es<\/span><\/li><li><span style=\"font-weight: 400;\">S\u00e9parer les certitudes des incertitudes<\/span><\/li><li><span style=\"font-weight: 400;\">\u00c9valuer <\/span><i><span style=\"font-weight: 400;\">ce qui pourrait arriver si<\/span><\/i><span style=\"font-weight: 400;\">&#8230;<\/span><\/li><\/ol><\/td><\/tr><\/tbody><\/table><hr style=\"margin-top: 20px; margin-bottom: 20px; border: 0; background-color: white; border-top: 2px dotted #56b963;\" \/><\/div>\n\t\t\t\t\t\t\t\t\t<div class=\"elementor-tab-title elementor-tab-mobile-title\" aria-selected=\"false\" data-tab=\"3\" role=\"tab\" tabindex=\"-1\" aria-controls=\"elementor-tab-content-1183\" aria-expanded=\"false\">Data<\/div>\n\t\t\t\t\t<div id=\"elementor-tab-content-1183\" class=\"elementor-tab-content elementor-clearfix\" data-tab=\"3\" role=\"tabpanel\" aria-labelledby=\"elementor-tab-title-1183\" tabindex=\"0\" hidden=\"hidden\"><h3>Auteur<\/h3><p>IDP European Consultants<\/p><h3><b>Langue<\/b><\/h3><p><span style=\"font-weight: 400;\">FRANCAIS<\/span><\/p><p><b>Glossaire<\/b><\/p><ul><li style=\"font-weight: 400;\" aria-level=\"1\"><span style=\"font-weight: 400;\">Cr\u00e9ativit\u00e9 : l&rsquo;utilisation de l&rsquo;imagination pour cr\u00e9er quelque chose de nouveau.<\/span><\/li><li style=\"font-weight: 400;\" aria-level=\"1\"><span style=\"font-weight: 400;\">Pens\u00e9e critique : un processus de jugement aussi objectif que possible.<\/span><\/li><li style=\"font-weight: 400;\" aria-level=\"1\"><span style=\"font-weight: 400;\">Pens\u00e9e analytique : la capacit\u00e9 d&rsquo;extrapoler des informations significatives \u00e0 partir d&rsquo;un sc\u00e9nario de r\u00e9solution de probl\u00e8me, d&rsquo;identifier les \u00e9l\u00e9ments-cl\u00e9s pertinents pour \u00e9laborer des solutions pratiques.<\/span><\/li><li style=\"font-weight: 400;\" aria-level=\"1\"><span style=\"font-weight: 400;\">Prise de d\u00e9cision : le processus menant \u00e0 la formulation de d\u00e9cisions et d&rsquo;actions coh\u00e9rentes.<\/span><\/li><\/ul><\/div>\n\t\t\t\t\t\t\t\t\t<div class=\"elementor-tab-title elementor-tab-mobile-title\" aria-selected=\"false\" data-tab=\"4\" role=\"tab\" tabindex=\"-1\" aria-controls=\"elementor-tab-content-1184\" aria-expanded=\"false\">Bibliographie<\/div>\n\t\t\t\t\t<div id=\"elementor-tab-content-1184\" class=\"elementor-tab-content elementor-clearfix\" data-tab=\"4\" role=\"tabpanel\" aria-labelledby=\"elementor-tab-title-1184\" tabindex=\"0\" hidden=\"hidden\"><p><span style=\"font-weight: 400;\">N\/A<\/span><\/p><\/div>\n\t\t\t\t\t\t\t\t\t<div class=\"elementor-tab-title elementor-tab-mobile-title\" aria-selected=\"false\" data-tab=\"5\" role=\"tab\" tabindex=\"-1\" aria-controls=\"elementor-tab-content-1185\" aria-expanded=\"false\">Game <\/div>\n\t\t\t\t\t<div id=\"elementor-tab-content-1185\" class=\"elementor-tab-content elementor-clearfix\" data-tab=\"5\" role=\"tabpanel\" aria-labelledby=\"elementor-tab-title-1185\" tabindex=\"0\" hidden=\"hidden\"><p>Game Content<\/p><p><a href=\"https:\/\/forms.gle\/fN8j7grRuHNSb3AQ9\" target=\"_blank\" rel=\"noopener\">Click here<\/a><\/p><\/div>\n\t\t\t\t\t\t\t<\/div>\n\t\t<\/div>\n\t\t\t\t<\/div>\n\t\t\t\t<\/div>\n\t\t\t\t\t<\/div>\n\t\t<\/div>\n\t\t\t\t\t\t\t<\/div>\n\t\t<\/section>\n\t\t\t\t\t\t\t<\/div>\n\t\t","protected":false},"excerpt":{"rendered":"<p>Download content: Contenu Description Data Bibliographie Game Contenu D\u00e9veloppement du contenu de la formation\u200b Quels sont les r\u00e9sultats les plus probables d&#8217;une d\u00e9cision ? \u00c9volution : renforcer des tendances d\u00e9j\u00e0 [&hellip;]<\/p>\n","protected":false},"author":2,"featured_media":0,"parent":0,"menu_order":0,"comment_status":"closed","ping_status":"closed","template":"","meta":[],"_links":{"self":[{"href":"https:\/\/diskproject.eu\/fr\/wp-json\/wp\/v2\/pages\/4383"}],"collection":[{"href":"https:\/\/diskproject.eu\/fr\/wp-json\/wp\/v2\/pages"}],"about":[{"href":"https:\/\/diskproject.eu\/fr\/wp-json\/wp\/v2\/types\/page"}],"author":[{"embeddable":true,"href":"https:\/\/diskproject.eu\/fr\/wp-json\/wp\/v2\/users\/2"}],"replies":[{"embeddable":true,"href":"https:\/\/diskproject.eu\/fr\/wp-json\/wp\/v2\/comments?post=4383"}],"version-history":[{"count":28,"href":"https:\/\/diskproject.eu\/fr\/wp-json\/wp\/v2\/pages\/4383\/revisions"}],"predecessor-version":[{"id":6887,"href":"https:\/\/diskproject.eu\/fr\/wp-json\/wp\/v2\/pages\/4383\/revisions\/6887"}],"wp:attachment":[{"href":"https:\/\/diskproject.eu\/fr\/wp-json\/wp\/v2\/media?parent=4383"}],"curies":[{"name":"wp","href":"https:\/\/api.w.org\/{rel}","templated":true}]}}