{"id":5840,"date":"2022-05-17T10:36:59","date_gmt":"2022-05-17T10:36:59","guid":{"rendered":"https:\/\/diskproject.eu\/?page_id=5840"},"modified":"2022-11-19T23:20:29","modified_gmt":"2022-11-19T23:20:29","slug":"nouvelles","status":"publish","type":"page","link":"https:\/\/diskproject.eu\/fr\/nouvelles\/","title":{"rendered":"News"},"content":{"rendered":"\n<div class=\"wp-block-columns\">\n<div class=\"wp-block-column\">\n<div class=\"wp-block-columns\">\n<div class=\"wp-block-column\" style=\"flex-basis:100%\">\n<div class=\"wp-container-69e1b0c76d012 wp-block-query\"><ul class=\"wp-container-69e1b0c76ba27 wp-block-post-template\"><li class=\"wp-block-post post-7863 post type-post status-publish format-standard has-post-thumbnail hentry category-non-classifiee clearfix\">\n<figure style=\"width:300px;\" class=\"wp-container-69e1b0c769e3f wp-block-post-featured-image\"><img width=\"275\" height=\"183\" src=\"https:\/\/diskproject.eu\/wp-content\/uploads\/2022\/07\/images.jpg\" class=\"attachment-post-thumbnail size-post-thumbnail wp-post-image\" alt=\"\" loading=\"lazy\" srcset=\"https:\/\/diskproject.eu\/wp-content\/uploads\/2022\/07\/images.jpg 275w, https:\/\/diskproject.eu\/wp-content\/uploads\/2022\/07\/images-270x180.jpg 270w\" sizes=\"(max-width: 275px) 100vw, 275px\" \/><\/figure>\n\n<div class=\"wp-block-post-date\"><time datetime=\"2022-11-15T11:22:40+00:00\">novembre 15, 2022<\/time><\/div>\n\n<h2 class=\"wp-block-post-title\"><a href=\"https:\/\/diskproject.eu\/fr\/competences-numeriques-pour-une-europe-vieillissanteetre-jeune-en-europe-aujourdhui\/\" target=\"_self\" rel=\"\">Comp\u00e9tences num\u00e9riques pour une Europe vieillissante:\u00catre jeune en Europe aujourd&rsquo;hui<\/a><\/h2>\n<\/li><li class=\"wp-block-post post-7780 post type-post status-publish format-standard has-post-thumbnail hentry category-non-classifiee clearfix\">\n<figure style=\"width:300px;\" class=\"wp-container-69e1b0c76ad5e wp-block-post-featured-image\"><img width=\"300\" height=\"191\" src=\"https:\/\/diskproject.eu\/wp-content\/uploads\/2022\/07\/elders-300x191.jpg\" class=\"attachment-post-thumbnail size-post-thumbnail wp-post-image\" alt=\"\" loading=\"lazy\" srcset=\"https:\/\/diskproject.eu\/wp-content\/uploads\/2022\/07\/elders-300x191.jpg 300w, https:\/\/diskproject.eu\/wp-content\/uploads\/2022\/07\/elders-768x488.jpg 768w, https:\/\/diskproject.eu\/wp-content\/uploads\/2022\/07\/elders.jpg 850w\" sizes=\"(max-width: 300px) 100vw, 300px\" \/><\/figure>\n\n<div class=\"wp-block-post-date\"><time datetime=\"2022-11-15T08:10:00+00:00\">novembre 15, 2022<\/time><\/div>\n\n<h2 class=\"wp-block-post-title\"><a href=\"https:\/\/diskproject.eu\/fr\/le-concept-de-vieillissement-actif\/\" target=\"_self\" rel=\"\">Le concept de vieillissement actif<\/a><\/h2>\n<\/li><li class=\"wp-block-post post-7719 post type-post status-publish format-standard has-post-thumbnail hentry category-non-classifiee clearfix\">\n<figure style=\"width:300px;\" class=\"wp-container-69e1b0c76b6e7 wp-block-post-featured-image\"><img width=\"300\" height=\"168\" src=\"https:\/\/diskproject.eu\/wp-content\/uploads\/2022\/07\/images-1.jpg\" class=\"attachment-post-thumbnail size-post-thumbnail wp-post-image\" alt=\"\" loading=\"lazy\" \/><\/figure>\n\n<div class=\"wp-block-post-date\"><time datetime=\"2022-11-14T10:11:52+00:00\">novembre 14, 2022<\/time><\/div>\n\n<h2 class=\"wp-block-post-title\"><a href=\"https:\/\/diskproject.eu\/fr\/competences-digitales-pour-une-europe-vieillissante-lidentite-virtuelle-du-projet-disk-prend-forme%ef%bf%bc\/\" target=\"_self\" rel=\"\">Comp\u00e9tences digitales pour une Europe vieillissante : L\u2019identit\u00e9 virtuelle du projet DISK prend forme\ufffc<\/a><\/h2>\n<\/li><\/ul>\n\n<div class=\"wp-container-69e1b0c76cde1 wp-block-query-pagination\">\n\n\n<div class=\"wp-block-query-pagination-numbers\"><span aria-current=\"page\" class=\"page-numbers current\">1<\/span>\n<a class=\"page-numbers\" href=\"?query-197-page=2\">2<\/a><\/div>\n\n<a href=\"\/fr\/wp-json\/wp\/v2\/pages\/5840?query-197-page=2\" class=\"wp-block-query-pagination-next\">Page suivante<\/a>\n<\/div><\/div>\n<\/div>\n<\/div>\n<\/div>\n<\/div>\n","protected":false},"excerpt":{"rendered":"","protected":false},"author":2,"featured_media":0,"parent":0,"menu_order":0,"comment_status":"closed","ping_status":"closed","template":"","meta":[],"_links":{"self":[{"href":"https:\/\/diskproject.eu\/fr\/wp-json\/wp\/v2\/pages\/5840"}],"collection":[{"href":"https:\/\/diskproject.eu\/fr\/wp-json\/wp\/v2\/pages"}],"about":[{"href":"https:\/\/diskproject.eu\/fr\/wp-json\/wp\/v2\/types\/page"}],"author":[{"embeddable":true,"href":"https:\/\/diskproject.eu\/fr\/wp-json\/wp\/v2\/users\/2"}],"replies":[{"embeddable":true,"href":"https:\/\/diskproject.eu\/fr\/wp-json\/wp\/v2\/comments?post=5840"}],"version-history":[{"count":20,"href":"https:\/\/diskproject.eu\/fr\/wp-json\/wp\/v2\/pages\/5840\/revisions"}],"predecessor-version":[{"id":7921,"href":"https:\/\/diskproject.eu\/fr\/wp-json\/wp\/v2\/pages\/5840\/revisions\/7921"}],"wp:attachment":[{"href":"https:\/\/diskproject.eu\/fr\/wp-json\/wp\/v2\/media?parent=5840"}],"curies":[{"name":"wp","href":"https:\/\/api.w.org\/{rel}","templated":true}]}}