{"id":2744,"date":"2021-09-09T10:12:06","date_gmt":"2021-09-09T10:12:06","guid":{"rendered":"https:\/\/diskproject.eu\/?page_id=2744"},"modified":"2022-04-28T10:41:04","modified_gmt":"2022-04-28T10:41:04","slug":"community-development-institute","status":"publish","type":"page","link":"https:\/\/diskproject.eu\/it\/partners\/community-development-institute\/","title":{"rendered":"Community Development Institute, CDI"},"content":{"rendered":"\t\t<div data-elementor-type=\"wp-page\" data-elementor-id=\"2744\" class=\"elementor elementor-2744 elementor-2208\">\n\t\t\t\t\t\t\t\t\t<section class=\"elementor-section elementor-top-section elementor-element elementor-element-c89b199 elementor-section-boxed elementor-section-height-default elementor-section-height-default\" data-id=\"c89b199\" data-element_type=\"section\">\n\t\t\t\t\t\t<div class=\"elementor-container elementor-column-gap-default\">\n\t\t\t\t\t<div class=\"elementor-column elementor-col-33 elementor-top-column elementor-element elementor-element-7d8c5a0\" data-id=\"7d8c5a0\" data-element_type=\"column\">\n\t\t\t<div class=\"elementor-widget-wrap elementor-element-populated\">\n\t\t\t\t\t\t\t\t<div class=\"elementor-element elementor-element-f0cb473 elementor-widget elementor-widget-image\" data-id=\"f0cb473\" data-element_type=\"widget\" data-widget_type=\"image.default\">\n\t\t\t\t<div class=\"elementor-widget-container\">\n\t\t\t\t\t\t\t\t\t\t\t\t\t\t\t<img width=\"150\" height=\"94\" src=\"https:\/\/diskproject.eu\/wp-content\/uploads\/2021\/09\/CDI.png\" class=\"attachment-large size-large\" alt=\"CDI\" loading=\"lazy\" \/>\t\t\t\t\t\t\t\t\t\t\t\t\t\t\t<\/div>\n\t\t\t\t<\/div>\n\t\t\t\t\t<\/div>\n\t\t<\/div>\n\t\t\t\t<div class=\"elementor-column elementor-col-66 elementor-top-column elementor-element elementor-element-1535074\" data-id=\"1535074\" data-element_type=\"column\">\n\t\t\t<div class=\"elementor-widget-wrap elementor-element-populated\">\n\t\t\t\t\t\t\t\t<div class=\"elementor-element elementor-element-722dfca elementor-widget elementor-widget-text-editor\" data-id=\"722dfca\" data-element_type=\"widget\" data-widget_type=\"text-editor.default\">\n\t\t\t\t<div class=\"elementor-widget-container\">\n\t\t\t\t\t\t\t<p>Il Community Development Institute (CDI) \u00e8 un\u2019associazione nazionale ombrello, non governativa e senza scopo di lucro, per lo sviluppo, l\u2019educazione e i servizi sociali.<\/p><p>Il CDI ha pi\u00f9 di 25 anni di esperienza lavorativa all\u2019interno della comunit\u00e0, nell\u2019affrontare i problemi e i bisogni dei cittadini e nell\u2019aiutarli a superare le sfide.<\/p><p>Obiettivi strategici:<\/p><p>1. Miglioramento delle condizioni e del tenore di vita;<br \/>2. Rafforzamento della democrazia e della societ\u00e0 civile;<br \/>3. Istruzione e Formazione Professionale (IFP) \/ Formazione informatica;<br \/>4. Sviluppo economico;<br \/>5. Servizi sociali per gruppi vulnerabili;<br \/>6. Coesione Sociale.<br \/>Il CDI opera al livello locale, nazionale e internazionale, offrendo servizi e conducendo attivit\u00e0 in diverse regioni, e in partenariato, in diversi paesi. Conduce attivit\u00e0 in quattro continenti: Asia, Africa, Europa e Nord America.<\/p><p>Il CDI ha una vasta conoscenza ed esperienza nell&#8217;attuazione di progetti finanziati dall&#8217;UE, fornendo prodotti e servizi di alta qualit\u00e0:<\/p><p>\u2981 Crea piattaforme digitali, Risorse Educative Aperte e corsi online. Ha un potenziale e delle capacit\u00e0 umane molto forti per l\u2019attuazione di progetti di e \u2013learning.<br \/>\u2981 Possiede una rilevante conoscenza ed esperienza nella realizzazione di programmi IFP, offre corsi di formazione su diversi argomenti in cooperazione con le istituzioni locali e statali.<br \/>\u2981 L\u2019organizzazione \u00e8 un erogatore di IFP e istruzione per adulti riconosciuta dal Ministero dell\u2019Istruzione e della Scienza della Macedonia.<\/p><p>\u2981 \u00c8 riconosciuta dalle istituzioni macedoni come un\u2019organizzazione rilevante nel settore dell\u2019istruzione per adulti, come confermato da un memorandum d\u2019intesa e cooperazione.<br \/>\u2981 Opera in qualit\u00e0 di impresa sociale e offre prodotti e servizi alla comunit\u00e0.<br \/>L\u2019organizzazione \u00e8 un segretariato della piattaforma nazionale per lo sviluppo economico che unisce Universit\u00e0, Camere di Commercio, organizzazioni della societ\u00e0 civile e altre istituzioni.<\/p>\t\t\t\t\t\t<\/div>\n\t\t\t\t<\/div>\n\t\t\t\t\t<\/div>\n\t\t<\/div>\n\t\t\t\t\t\t\t<\/div>\n\t\t<\/section>\n\t\t\t\t\t\t\t<\/div>\n\t\t","protected":false},"excerpt":{"rendered":"<p>Il Community Development Institute (CDI) \u00e8 un\u2019associazione nazionale ombrello, non governativa e senza scopo di lucro, per lo sviluppo, l\u2019educazione e i servizi sociali. Il CDI ha pi\u00f9 di 25 [&hellip;]<\/p>\n","protected":false},"author":2,"featured_media":0,"parent":2780,"menu_order":0,"comment_status":"closed","ping_status":"closed","template":"","meta":[],"_links":{"self":[{"href":"https:\/\/diskproject.eu\/it\/wp-json\/wp\/v2\/pages\/2744"}],"collection":[{"href":"https:\/\/diskproject.eu\/it\/wp-json\/wp\/v2\/pages"}],"about":[{"href":"https:\/\/diskproject.eu\/it\/wp-json\/wp\/v2\/types\/page"}],"author":[{"embeddable":true,"href":"https:\/\/diskproject.eu\/it\/wp-json\/wp\/v2\/users\/2"}],"replies":[{"embeddable":true,"href":"https:\/\/diskproject.eu\/it\/wp-json\/wp\/v2\/comments?post=2744"}],"version-history":[{"count":5,"href":"https:\/\/diskproject.eu\/it\/wp-json\/wp\/v2\/pages\/2744\/revisions"}],"predecessor-version":[{"id":2749,"href":"https:\/\/diskproject.eu\/it\/wp-json\/wp\/v2\/pages\/2744\/revisions\/2749"}],"up":[{"embeddable":true,"href":"https:\/\/diskproject.eu\/it\/wp-json\/wp\/v2\/pages\/2780"}],"wp:attachment":[{"href":"https:\/\/diskproject.eu\/it\/wp-json\/wp\/v2\/media?parent=2744"}],"curies":[{"name":"wp","href":"https:\/\/api.w.org\/{rel}","templated":true}]}}