{"id":2756,"date":"2021-09-09T10:16:37","date_gmt":"2021-09-09T10:16:37","guid":{"rendered":"https:\/\/diskproject.eu\/?page_id=2756"},"modified":"2022-04-28T10:45:28","modified_gmt":"2022-04-28T10:45:28","slug":"institut-de-haute-formation-aux-politiques-communautaires-asbl","status":"publish","type":"page","link":"https:\/\/diskproject.eu\/it\/partners\/institut-de-haute-formation-aux-politiques-communautaires-asbl\/","title":{"rendered":"Institut de Haute Formation aux Politiques Communautaires asbl (IHF asbl)"},"content":{"rendered":"\t\t<div data-elementor-type=\"wp-page\" data-elementor-id=\"2756\" class=\"elementor elementor-2756 elementor-2229\">\n\t\t\t\t\t\t\t\t\t<section class=\"elementor-section elementor-top-section elementor-element elementor-element-8ac4354 elementor-section-boxed elementor-section-height-default elementor-section-height-default\" data-id=\"8ac4354\" data-element_type=\"section\">\n\t\t\t\t\t\t<div class=\"elementor-container elementor-column-gap-default\">\n\t\t\t\t\t<div class=\"elementor-column elementor-col-33 elementor-top-column elementor-element elementor-element-44c9558\" data-id=\"44c9558\" data-element_type=\"column\">\n\t\t\t<div class=\"elementor-widget-wrap elementor-element-populated\">\n\t\t\t\t\t\t\t\t<div class=\"elementor-element elementor-element-d021e45 elementor-widget elementor-widget-image\" data-id=\"d021e45\" data-element_type=\"widget\" data-widget_type=\"image.default\">\n\t\t\t\t<div class=\"elementor-widget-container\">\n\t\t\t\t\t\t\t\t\t\t\t\t\t\t\t<img width=\"259\" height=\"83\" src=\"https:\/\/diskproject.eu\/wp-content\/uploads\/2021\/09\/ihf-1.png\" class=\"attachment-large size-large\" alt=\"ihf\" loading=\"lazy\" \/>\t\t\t\t\t\t\t\t\t\t\t\t\t\t\t<\/div>\n\t\t\t\t<\/div>\n\t\t\t\t\t<\/div>\n\t\t<\/div>\n\t\t\t\t<div class=\"elementor-column elementor-col-66 elementor-top-column elementor-element elementor-element-be5034e\" data-id=\"be5034e\" data-element_type=\"column\">\n\t\t\t<div class=\"elementor-widget-wrap elementor-element-populated\">\n\t\t\t\t\t\t\t\t<div class=\"elementor-element elementor-element-fcf6b3a elementor-widget elementor-widget-text-editor\" data-id=\"fcf6b3a\" data-element_type=\"widget\" data-widget_type=\"text-editor.default\">\n\t\t\t\t<div class=\"elementor-widget-container\">\n\t\t\t\t\t\t\t<p>L\u2019Institut de Haute Formation aux Politiques Communautaires asbl (IHF asbl) \u00e8 un&#8217;organizzazione senza scopo di lucro fondata a Bruxelles (Belgio), dove opera dal 2003 per sensibilizzare ai valori europei e per rafforzare la capacit\u00e0 di utilizzo delle opportunit\u00e0 al livello europeo da parte di un pubblico eterogeneo composta da giovani, comunit\u00e0 imprenditoriale, mondo accademico e parti sociali come associazioni e PA.<\/p><p>La missione di IHF \u00e8 aumentare la consapevolezza sull&#8217;integrazione dell&#8217;UE e offrire opportunit\u00e0 di capacity building, relative alle opportunit\u00e0 europee per la collaborazione transnazionale, ai rappresentanti di tre principali gruppi d\u2019interesse: <br \/>\u2981 societ\u00e0 civile, con un focus particolare sul Terzo Settore e ONG, specialmente quelle a un livello base (ad es. piccole associazioni operanti fuori dall\u2019aria urbana);<br \/>\u2981 settore pubblico, in particolare autorit\u00e0 locali e regionali;<br \/>\u2981 comunit\u00e0 imprenditoriale, con particolare attenzione ai singoli imprenditori, micro imprese e PMI.<br \/>Al livello tematico, IHF asbl opera su una vasta gamma di argomenti, come lavoro giovanile, empowerment sociale, promozione dell\u2019imprenditorialit\u00e0 per gruppi fragili (disoccupati, persone in cerca di lavoro, donne ecc.), politiche pubbliche e istruzione. In tutte queste aree, IHF asbl svolge ricerche e analisi di politica pubblica, producendo promemoria e relazioni su specifici argomenti. Fornisce soluzioni formative su misura per gruppi target come giovani professionisti o persone in condizioni di svantaggio socioeconomico. IHF asbl \u00e8 molto attivo a Bruxelles e organizza eventi di visibilit\u00e0 e sensibilizzazione, spesso in collaborazione con stakeholders istituzionali.<\/p><p>IHF asbl funge da piattaforma di collaborazione tra professionisti internazionali di affari europei e integrazione dell\u2019UE, provenienti dal servizio pubblico internazionale, dal mondo accademico e dal settore privato. Un tale network internazionale consolidato, permette a IHF asbl di svolgere significative attivit\u00e0 di visibilit\u00e0 e disseminazione.<\/p>\t\t\t\t\t\t<\/div>\n\t\t\t\t<\/div>\n\t\t\t\t\t<\/div>\n\t\t<\/div>\n\t\t\t\t\t\t\t<\/div>\n\t\t<\/section>\n\t\t\t\t\t\t\t<\/div>\n\t\t","protected":false},"excerpt":{"rendered":"<p>L\u2019Institut de Haute Formation aux Politiques Communautaires asbl (IHF asbl) \u00e8 un&#8217;organizzazione senza scopo di lucro fondata a Bruxelles (Belgio), dove opera dal 2003 per sensibilizzare ai valori europei e [&hellip;]<\/p>\n","protected":false},"author":2,"featured_media":0,"parent":2780,"menu_order":0,"comment_status":"closed","ping_status":"closed","template":"","meta":[],"_links":{"self":[{"href":"https:\/\/diskproject.eu\/it\/wp-json\/wp\/v2\/pages\/2756"}],"collection":[{"href":"https:\/\/diskproject.eu\/it\/wp-json\/wp\/v2\/pages"}],"about":[{"href":"https:\/\/diskproject.eu\/it\/wp-json\/wp\/v2\/types\/page"}],"author":[{"embeddable":true,"href":"https:\/\/diskproject.eu\/it\/wp-json\/wp\/v2\/users\/2"}],"replies":[{"embeddable":true,"href":"https:\/\/diskproject.eu\/it\/wp-json\/wp\/v2\/comments?post=2756"}],"version-history":[{"count":5,"href":"https:\/\/diskproject.eu\/it\/wp-json\/wp\/v2\/pages\/2756\/revisions"}],"predecessor-version":[{"id":2761,"href":"https:\/\/diskproject.eu\/it\/wp-json\/wp\/v2\/pages\/2756\/revisions\/2761"}],"up":[{"embeddable":true,"href":"https:\/\/diskproject.eu\/it\/wp-json\/wp\/v2\/pages\/2780"}],"wp:attachment":[{"href":"https:\/\/diskproject.eu\/it\/wp-json\/wp\/v2\/media?parent=2756"}],"curies":[{"name":"wp","href":"https:\/\/api.w.org\/{rel}","templated":true}]}}