{"id":2762,"date":"2021-09-09T10:19:49","date_gmt":"2021-09-09T10:19:49","guid":{"rendered":"https:\/\/diskproject.eu\/?page_id=2762"},"modified":"2022-04-28T10:44:19","modified_gmt":"2022-04-28T10:44:19","slug":"idp-european-consultants","status":"publish","type":"page","link":"https:\/\/diskproject.eu\/it\/partners\/idp-european-consultants\/","title":{"rendered":"IDP European Consultants (IDP)"},"content":{"rendered":"\t\t<div data-elementor-type=\"wp-page\" data-elementor-id=\"2762\" class=\"elementor elementor-2762 elementor-2234\">\n\t\t\t\t\t\t\t\t\t<section class=\"elementor-section elementor-top-section elementor-element elementor-element-ecbeaa1 elementor-section-boxed elementor-section-height-default elementor-section-height-default\" data-id=\"ecbeaa1\" data-element_type=\"section\">\n\t\t\t\t\t\t<div class=\"elementor-container elementor-column-gap-default\">\n\t\t\t\t\t<div class=\"elementor-column elementor-col-33 elementor-top-column elementor-element elementor-element-80c602a\" data-id=\"80c602a\" data-element_type=\"column\">\n\t\t\t<div class=\"elementor-widget-wrap elementor-element-populated\">\n\t\t\t\t\t\t\t\t<div class=\"elementor-element elementor-element-3bd3279 elementor-widget elementor-widget-image\" data-id=\"3bd3279\" data-element_type=\"widget\" data-widget_type=\"image.default\">\n\t\t\t\t<div class=\"elementor-widget-container\">\n\t\t\t\t\t\t\t\t\t\t\t\t\t\t\t<img width=\"150\" height=\"70\" src=\"https:\/\/diskproject.eu\/wp-content\/uploads\/2021\/09\/idp.png\" class=\"attachment-large size-large\" alt=\"idp\" loading=\"lazy\" \/>\t\t\t\t\t\t\t\t\t\t\t\t\t\t\t<\/div>\n\t\t\t\t<\/div>\n\t\t\t\t\t<\/div>\n\t\t<\/div>\n\t\t\t\t<div class=\"elementor-column elementor-col-66 elementor-top-column elementor-element elementor-element-70ad463\" data-id=\"70ad463\" data-element_type=\"column\">\n\t\t\t<div class=\"elementor-widget-wrap elementor-element-populated\">\n\t\t\t\t\t\t\t\t<div class=\"elementor-element elementor-element-c6af825 elementor-widget elementor-widget-text-editor\" data-id=\"c6af825\" data-element_type=\"widget\" data-widget_type=\"text-editor.default\">\n\t\t\t\t<div class=\"elementor-widget-container\">\n\t\t\t\t\t\t\t<p>IDP European Consultants (IDP) \u00e8 una Piccola e Media Impresa, incorporata in Italia nel 1995 da partner che lavorano a Bruxelles sugli Affari Europei dal 1991: questo d\u00e0 a IDP 25 anni di esperienza in progetti internazionali e partnership di eccellenza. La missione di IDP \u00e8 quella di promuovere l&#8217;imprenditorialit\u00e0 e di sostenere la crescita delle PMI europee attraverso l&#8217;integrazione nel Mercato Unico dell\u2019UE.<\/p><p>IDP promuove l&#8217;innovazione e la competitivit\u00e0 dell&#8217;ecosistema socio-economico dell&#8217;UE composto da PMI, mondo accademico e della ricerca, societ\u00e0 civile e settore pubblico. IDP \u00e8 specializzato in politiche europee e programmi a sostegno della crescita, della competitivit\u00e0 e dell&#8217;innovazione nei settori dell&#8217;Istruzione e Formazione, delle TIC e della Ricerca e Innovazione.<\/p><p>Oltre a fornire servizi di consulenza, IDP \u00e8 anche erogatore di Formazione e Istruzione Professionale in ambienti formali e non formali: IDP sviluppa e implementa corsi di formazione specializzata sugli Affari Europei (istituzioni e politiche dell&#8217;UE, programmi di finanziamento dell&#8217;UE, ecc.), Project Management e Imprenditorialit\u00e0, competenze trasversali e occupabilit\u00e0 offrendo pi\u00f9 di 1.000 ore di formazione a pi\u00f9 di 500 partecipanti all&#8217;anno.<\/p>\t\t\t\t\t\t<\/div>\n\t\t\t\t<\/div>\n\t\t\t\t\t<\/div>\n\t\t<\/div>\n\t\t\t\t\t\t\t<\/div>\n\t\t<\/section>\n\t\t\t\t\t\t\t<\/div>\n\t\t","protected":false},"excerpt":{"rendered":"<p>IDP European Consultants (IDP) \u00e8 una Piccola e Media Impresa, incorporata in Italia nel 1995 da partner che lavorano a Bruxelles sugli Affari Europei dal 1991: questo d\u00e0 a IDP [&hellip;]<\/p>\n","protected":false},"author":2,"featured_media":0,"parent":2780,"menu_order":0,"comment_status":"closed","ping_status":"closed","template":"","meta":[],"_links":{"self":[{"href":"https:\/\/diskproject.eu\/it\/wp-json\/wp\/v2\/pages\/2762"}],"collection":[{"href":"https:\/\/diskproject.eu\/it\/wp-json\/wp\/v2\/pages"}],"about":[{"href":"https:\/\/diskproject.eu\/it\/wp-json\/wp\/v2\/types\/page"}],"author":[{"embeddable":true,"href":"https:\/\/diskproject.eu\/it\/wp-json\/wp\/v2\/users\/2"}],"replies":[{"embeddable":true,"href":"https:\/\/diskproject.eu\/it\/wp-json\/wp\/v2\/comments?post=2762"}],"version-history":[{"count":5,"href":"https:\/\/diskproject.eu\/it\/wp-json\/wp\/v2\/pages\/2762\/revisions"}],"predecessor-version":[{"id":2767,"href":"https:\/\/diskproject.eu\/it\/wp-json\/wp\/v2\/pages\/2762\/revisions\/2767"}],"up":[{"embeddable":true,"href":"https:\/\/diskproject.eu\/it\/wp-json\/wp\/v2\/pages\/2780"}],"wp:attachment":[{"href":"https:\/\/diskproject.eu\/it\/wp-json\/wp\/v2\/media?parent=2762"}],"curies":[{"name":"wp","href":"https:\/\/api.w.org\/{rel}","templated":true}]}}