{"id":2774,"date":"2021-09-09T10:29:10","date_gmt":"2021-09-09T10:29:10","guid":{"rendered":"https:\/\/diskproject.eu\/?page_id=2774"},"modified":"2023-01-30T11:01:00","modified_gmt":"2023-01-30T11:01:00","slug":"progetto","status":"publish","type":"page","link":"https:\/\/diskproject.eu\/it\/progetto\/","title":{"rendered":"Progetto"},"content":{"rendered":"\t\t<div data-elementor-type=\"wp-page\" data-elementor-id=\"2774\" class=\"elementor elementor-2774 elementor-2153\">\n\t\t\t\t\t\t\t\t\t<section class=\"elementor-section elementor-top-section elementor-element elementor-element-b327a89 elementor-section-boxed elementor-section-height-default elementor-section-height-default\" data-id=\"b327a89\" data-element_type=\"section\">\n\t\t\t\t\t\t<div class=\"elementor-container elementor-column-gap-default\">\n\t\t\t\t\t<div class=\"elementor-column elementor-col-100 elementor-top-column elementor-element elementor-element-0bbb1be\" data-id=\"0bbb1be\" data-element_type=\"column\">\n\t\t\t<div class=\"elementor-widget-wrap elementor-element-populated\">\n\t\t\t\t\t\t\t\t<div class=\"elementor-element elementor-element-1810194 elementor-widget elementor-widget-text-editor\" data-id=\"1810194\" data-element_type=\"widget\" data-widget_type=\"text-editor.default\">\n\t\t\t\t<div class=\"elementor-widget-container\">\n\t\t\t\t\t\t\t<p>Solitudine, isolamento e esclusione sociale sono important fattori di rischio che possono danneggiare la salute con l\u2019avanzare dell\u2019et\u00e0, soprattutto in assenza di una rete familiare o di insufficiente supporto familiare. Il progetto DISK intende affrontare questi problemi attraverso la promozione dell\u2019invecchiamento attivo e l\u2019adozione di una serie di buone pratiche in grado di preservare la salute attraverso l\u2019uso della tecnologia.<\/p><p><div class=\"wp-block-image\"><figure class=\"alignleft size-full is-resized\"><img loading=\"lazy\" src=\"https:\/\/diskproject.eu\/wp-content\/uploads\/2022\/02\/18813.png\" alt=\"\" class=\"wp-image-3023\" width=\"372\" height=\"206\" srcset=\"https:\/\/diskproject.eu\/wp-content\/uploads\/2022\/02\/18813.png 438w, https:\/\/diskproject.eu\/wp-content\/uploads\/2022\/02\/18813-300x166.png 300w\" sizes=\"(max-width: 372px) 100vw, 372px\" \/><figcaption><a href=\"https:\/\/www.freepik.com\/vectors\/computer-cartoon\">image by: freepik.com<\/a><\/figcaption><\/figure><\/div> \nPi\u00f9 specificamente, mira a creare e testare una piattaforma che include vari corsi ed esercizi per rafforzare la memoria e le capacit\u00e0 di apprendimento nelle persone anziane, e anche di prendere confidenza con attivit\u00e0 pratiche che si svolgono online, come fare ordini e acquisti, prenotazioni, eccetera. Attraverso i corsi inclusi ci aspettiamo di di migliorare le capacit\u00e0 cognitive e la salute degli anziani, e di rallentare il declino cognitivo e della memoria. Inoltre, la flessibilit\u00e0 degli strumenti tecnologici utilizzati consente una variet\u00e0 di contenuti adatti alle diverse esigenze personali (ad esempio esercitare una linua straniera o svolgere attivit\u00e0 quotidiane, etc)<\/p><p>Prodotti intellettuali<\/p><p>I principali risultati che verranno raggiunti durante il progetto DISK e al suo completamento sono:<\/p><p>IO1: Piattaforma Open Educational Resources: la piattaforma dar\u00e0 libero accesso a tutte le lezioni e gli esercizi caricati sulla piattaforma (inclusi corsi online per diverse tipologie di utenti, la guida per la partecipazione della comunit\u00e0).<\/p><p>IO2: Esercizi cognitivi: giochi e quiz per l\u2019allenamento cognitivo sono parte di un pacchetto completo. Gli esercizi vengono effettuati on line all\u2019interno della piattaforma del progetto e sono pensati per stimolare le abilit\u00e0 cognitive e la plasticit\u00e0 cerebrale degli anziani.<\/p><p>IO3: Guida e Raccomandazioni di utilizzo: include consigli e line guida sul futuro impiego dei percorsi creati per gli anziani.<\/p><p>Progetto DISK<\/p><p>Solitudine, isolamento e esclusione sociale sono important fattori di rischio che possono danneggiare la salute con l\u2019avanzare dell\u2019et\u00e0, soprattutto in assenza di una rete familiare o di insufficiente supporto familiare. Il progetto DISK intende affrontare questi problemi attraverso la promozione dell\u2019invecchiamento attivo e l\u2019adozione di una serie di buone pratiche in grado di preservare la salute attraverso l\u2019uso della tecnologia.<\/p>\t\t\t\t\t\t<\/div>\n\t\t\t\t<\/div>\n\t\t\t\t\t<\/div>\n\t\t<\/div>\n\t\t\t\t\t\t\t<\/div>\n\t\t<\/section>\n\t\t\t\t<section class=\"elementor-section elementor-top-section elementor-element elementor-element-d2e6f0b elementor-section-boxed elementor-section-height-default elementor-section-height-default\" data-id=\"d2e6f0b\" data-element_type=\"section\">\n\t\t\t\t\t\t<div class=\"elementor-container elementor-column-gap-default\">\n\t\t\t\t\t<div class=\"elementor-column elementor-col-100 elementor-top-column elementor-element elementor-element-8439c21\" data-id=\"8439c21\" data-element_type=\"column\">\n\t\t\t<div class=\"elementor-widget-wrap elementor-element-populated\">\n\t\t\t\t\t\t\t\t<div class=\"elementor-element elementor-element-855eca2 elementor-widget elementor-widget-text-editor\" data-id=\"855eca2\" data-element_type=\"widget\" data-widget_type=\"text-editor.default\">\n\t\t\t\t<div class=\"elementor-widget-container\">\n\t\t\t\t\t\t\t<p><strong>Linee guida per la formazione futura<\/strong><\/p><\/p>\nSbloccate il futuro con le nostre Linee guida per i senior! Cliccate qui sotto per scaricare la sintesi delle nostre linee guida future per continuare a sostenere i risultati di questo progetto.<\/p><\/p> Scarica la Sintesi delle linee guida: \t\t\t\t\t\t<\/div>\n\t\t\t\t<\/div>\n\t\t\t\t\t<\/div>\n\t\t<\/div>\n\t\t\t\t\t\t\t<\/div>\n\t\t<\/section>\n\t\t\t\t<section class=\"elementor-section elementor-top-section elementor-element elementor-element-288d26b elementor-section-boxed elementor-section-height-default elementor-section-height-default\" data-id=\"288d26b\" data-element_type=\"section\">\n\t\t\t\t\t\t<div class=\"elementor-container elementor-column-gap-default\">\n\t\t\t\t\t<div class=\"elementor-column elementor-col-100 elementor-top-column elementor-element elementor-element-929ba07\" data-id=\"929ba07\" data-element_type=\"column\">\n\t\t\t<div class=\"elementor-widget-wrap elementor-element-populated\">\n\t\t\t\t\t\t\t\t<div class=\"elementor-element elementor-element-824fc23 elementor-widget elementor-widget-button\" data-id=\"824fc23\" data-element_type=\"widget\" data-widget_type=\"button.default\">\n\t\t\t\t<div class=\"elementor-widget-container\">\n\t\t\t\t\t<div class=\"elementor-button-wrapper\">\n\t\t\t<a href=\"https:\/\/diskproject.eu\/wp-content\/uploads\/2023\/01\/ITA_Future-Guidelines_Summary.pdf.pdf\" target=\"_blank\" class=\"elementor-button-link elementor-button elementor-size-sm\" role=\"button\">\n\t\t\t\t\t\t<span class=\"elementor-button-content-wrapper\">\n\t\t\t\t\t\t<span class=\"elementor-button-text\">Clicca qui<\/span>\n\t\t<\/span>\n\t\t\t\t\t<\/a>\n\t\t<\/div>\n\t\t\t\t<\/div>\n\t\t\t\t<\/div>\n\t\t\t\t\t<\/div>\n\t\t<\/div>\n\t\t\t\t\t\t\t<\/div>\n\t\t<\/section>\n\t\t\t\t<section class=\"elementor-section elementor-top-section elementor-element elementor-element-88a0a27 elementor-section-boxed elementor-section-height-default elementor-section-height-default\" data-id=\"88a0a27\" data-element_type=\"section\">\n\t\t\t\t\t\t<div class=\"elementor-container elementor-column-gap-default\">\n\t\t\t\t\t<div class=\"elementor-column elementor-col-100 elementor-top-column elementor-element elementor-element-278e62d\" data-id=\"278e62d\" data-element_type=\"column\">\n\t\t\t<div class=\"elementor-widget-wrap elementor-element-populated\">\n\t\t\t\t\t\t\t\t<div class=\"elementor-element elementor-element-895eb35 elementor-widget elementor-widget-text-editor\" data-id=\"895eb35\" data-element_type=\"widget\" data-widget_type=\"text-editor.default\">\n\t\t\t\t<div class=\"elementor-widget-container\">\n\t\t\t\t\t\t\t<p><strong>Raccomandazioni politiche<\/strong><\/p>  \n<\/p>  Contribuite a plasmare il futuro dell&#8217;assistenza agli anziani con le nostre Raccomandazioni politiche! Scaricate la sintesi delle linee guida per sostenere un invecchiamento attivo per tutti. <\/p>  \n<\/p>  Scarica la Sintesi delle Raccomandazioni: \t\t\t\t\t\t<\/div>\n\t\t\t\t<\/div>\n\t\t\t\t\t<\/div>\n\t\t<\/div>\n\t\t\t\t\t\t\t<\/div>\n\t\t<\/section>\n\t\t\t\t<section class=\"elementor-section elementor-top-section elementor-element elementor-element-cb15fa3 elementor-section-boxed elementor-section-height-default elementor-section-height-default\" data-id=\"cb15fa3\" data-element_type=\"section\">\n\t\t\t\t\t\t<div class=\"elementor-container elementor-column-gap-default\">\n\t\t\t\t\t<div class=\"elementor-column elementor-col-100 elementor-top-column elementor-element elementor-element-70a4f46\" data-id=\"70a4f46\" data-element_type=\"column\">\n\t\t\t<div class=\"elementor-widget-wrap elementor-element-populated\">\n\t\t\t\t\t\t\t\t<div class=\"elementor-element elementor-element-9fd4373 elementor-widget elementor-widget-button\" data-id=\"9fd4373\" data-element_type=\"widget\" data-widget_type=\"button.default\">\n\t\t\t\t<div class=\"elementor-widget-container\">\n\t\t\t\t\t<div class=\"elementor-button-wrapper\">\n\t\t\t<a href=\"https:\/\/diskproject.eu\/wp-content\/uploads\/2023\/01\/ITA_Policy-Rec_Summary.pdf.pdf\" target=\"_blank\" class=\"elementor-button-link elementor-button elementor-size-sm\" role=\"button\">\n\t\t\t\t\t\t<span class=\"elementor-button-content-wrapper\">\n\t\t\t\t\t\t<span class=\"elementor-button-text\">Clicca qui<\/span>\n\t\t<\/span>\n\t\t\t\t\t<\/a>\n\t\t<\/div>\n\t\t\t\t<\/div>\n\t\t\t\t<\/div>\n\t\t\t\t\t<\/div>\n\t\t<\/div>\n\t\t\t\t\t\t\t<\/div>\n\t\t<\/section>\n\t\t\t\t\t\t\t<\/div>\n\t\t","protected":false},"excerpt":{"rendered":"<p>Solitudine, isolamento e esclusione sociale sono important fattori di rischio che possono danneggiare la salute con l\u2019avanzare dell\u2019et\u00e0, soprattutto in assenza di una rete familiare o di insufficiente supporto familiare. [&hellip;]<\/p>\n","protected":false},"author":2,"featured_media":0,"parent":0,"menu_order":0,"comment_status":"closed","ping_status":"closed","template":"","meta":[],"_links":{"self":[{"href":"https:\/\/diskproject.eu\/it\/wp-json\/wp\/v2\/pages\/2774"}],"collection":[{"href":"https:\/\/diskproject.eu\/it\/wp-json\/wp\/v2\/pages"}],"about":[{"href":"https:\/\/diskproject.eu\/it\/wp-json\/wp\/v2\/types\/page"}],"author":[{"embeddable":true,"href":"https:\/\/diskproject.eu\/it\/wp-json\/wp\/v2\/users\/2"}],"replies":[{"embeddable":true,"href":"https:\/\/diskproject.eu\/it\/wp-json\/wp\/v2\/comments?post=2774"}],"version-history":[{"count":29,"href":"https:\/\/diskproject.eu\/it\/wp-json\/wp\/v2\/pages\/2774\/revisions"}],"predecessor-version":[{"id":8177,"href":"https:\/\/diskproject.eu\/it\/wp-json\/wp\/v2\/pages\/2774\/revisions\/8177"}],"wp:attachment":[{"href":"https:\/\/diskproject.eu\/it\/wp-json\/wp\/v2\/media?parent=2774"}],"curies":[{"name":"wp","href":"https:\/\/api.w.org\/{rel}","templated":true}]}}