{"id":2793,"date":"2021-09-10T09:21:09","date_gmt":"2021-09-10T09:21:09","guid":{"rendered":"https:\/\/diskproject.eu\/?page_id=2793"},"modified":"2022-04-28T10:48:13","modified_gmt":"2022-04-28T10:48:13","slug":"pistes-solidaires","status":"publish","type":"page","link":"https:\/\/diskproject.eu\/it\/partners\/pistes-solidaires\/","title":{"rendered":"PISTES SOLIDAIRES"},"content":{"rendered":"\t\t<div data-elementor-type=\"wp-page\" data-elementor-id=\"2793\" class=\"elementor elementor-2793 elementor-2707\">\n\t\t\t\t\t\t\t\t\t<section class=\"elementor-section elementor-top-section elementor-element elementor-element-81172e0 elementor-section-boxed elementor-section-height-default elementor-section-height-default\" data-id=\"81172e0\" data-element_type=\"section\">\n\t\t\t\t\t\t<div class=\"elementor-container elementor-column-gap-default\">\n\t\t\t\t\t<div class=\"elementor-column elementor-col-100 elementor-top-column elementor-element elementor-element-6fa5189\" data-id=\"6fa5189\" data-element_type=\"column\">\n\t\t\t<div class=\"elementor-widget-wrap elementor-element-populated\">\n\t\t\t\t\t\t\t\t<div class=\"elementor-element elementor-element-1f38a9e elementor-widget elementor-widget-heading\" data-id=\"1f38a9e\" data-element_type=\"widget\" data-widget_type=\"heading.default\">\n\t\t\t\t<div class=\"elementor-widget-container\">\n\t\t\t<h2 class=\"elementor-heading-title elementor-size-default\">Pistes-Solidaires<\/h2>\t\t<\/div>\n\t\t\t\t<\/div>\n\t\t\t\t\t<\/div>\n\t\t<\/div>\n\t\t\t\t\t\t\t<\/div>\n\t\t<\/section>\n\t\t\t\t<section class=\"elementor-section elementor-top-section elementor-element elementor-element-685c899 elementor-section-boxed elementor-section-height-default elementor-section-height-default\" data-id=\"685c899\" data-element_type=\"section\">\n\t\t\t\t\t\t<div class=\"elementor-container elementor-column-gap-default\">\n\t\t\t\t\t<div class=\"elementor-column elementor-col-33 elementor-top-column elementor-element elementor-element-8375d37\" data-id=\"8375d37\" data-element_type=\"column\">\n\t\t\t<div class=\"elementor-widget-wrap elementor-element-populated\">\n\t\t\t\t\t\t\t\t<div class=\"elementor-element elementor-element-0dcaed3 elementor-widget elementor-widget-image\" data-id=\"0dcaed3\" data-element_type=\"widget\" data-widget_type=\"image.default\">\n\t\t\t\t<div class=\"elementor-widget-container\">\n\t\t\t\t\t\t\t\t\t\t\t\t\t\t\t<img width=\"310\" height=\"38\" src=\"https:\/\/diskproject.eu\/wp-content\/uploads\/2021\/09\/pistes-solidaires.jpg\" class=\"attachment-large size-large\" alt=\"pistes-solidaires\" loading=\"lazy\" srcset=\"https:\/\/diskproject.eu\/wp-content\/uploads\/2021\/09\/pistes-solidaires.jpg 310w, https:\/\/diskproject.eu\/wp-content\/uploads\/2021\/09\/pistes-solidaires-300x37.jpg 300w\" sizes=\"(max-width: 310px) 100vw, 310px\" \/>\t\t\t\t\t\t\t\t\t\t\t\t\t\t\t<\/div>\n\t\t\t\t<\/div>\n\t\t\t\t\t<\/div>\n\t\t<\/div>\n\t\t\t\t<div class=\"elementor-column elementor-col-66 elementor-top-column elementor-element elementor-element-13f0bff\" data-id=\"13f0bff\" data-element_type=\"column\">\n\t\t\t<div class=\"elementor-widget-wrap elementor-element-populated\">\n\t\t\t\t\t\t\t\t<div class=\"elementor-element elementor-element-79646b1 elementor-widget elementor-widget-text-editor\" data-id=\"79646b1\" data-element_type=\"widget\" data-widget_type=\"text-editor.default\">\n\t\t\t\t<div class=\"elementor-widget-container\">\n\t\t\t\t\t\t\t<p>Pistes-Solidaires, con sede nel sud-ovest della Francia, \u00e8 un&#8217;associazione che agisce sui 4 pilastri dell&#8217;educazione articolati da UNESCO: imparare a conoscere, imparare ad essere, imparare a fare, imparare a vivere insieme e con gli altri.<\/p><p>L&#8217;istruzione va di pari passo con l&#8217;apertura al mondo e la comprensione delle interdipendenze locali\/globali. Lavoriamo sull&#8217;apprendimento interculturale e sull&#8217;educazione globale, portando persone di diversa estrazione ad accettare quelle degli altri, indipendentemente dalla loro religione, orientamento sessuale, classe sociale o et\u00e0. Il lavoro di Pistes-Solidaires si basa sugli Obiettivi di Sviluppo Sostenibile (SDG).<\/p><p>e si sviluppa attraverso 3 dipartimenti:<\/p><p>1. MOBILIT\u00c0 DEI GIOVANI E DEGLI STUDENTI: Il nostro lavoro con i giovani \u00e8 focalizzato sullo sviluppo di percorsi di apprendimento attraverso la mobilit\u00e0 educativa in Europa e nel mondo. Questi percorsi sono l&#8217;apprendimento esperienziale attraverso il volontariato e gli stage all&#8217;estero.<\/p><p>2.INNOVAZIONI SOCIALI ED EDUCATIVE: La ricerca e l&#8217;innovazione in campo sociale ed educativo sono al centro di questa area di lavoro. Creiamo risorse educative, sociali o socio-culturali per rispondere al meglio ai bisogni che emergono in una societ\u00e0 in transizione.<\/p><p>3.CITTADINANZA EUROPEA: Dal 2013, siamo stati etichettati Europe Direct dalla Commissione Europea. Le nostre missioni: informare, consigliare, far comprendere e conoscere l&#8217;UE, i suoi Stati membri, il suo funzionamento, la sua importanza e il suo impatto sulla nostra vita quotidiana.<\/p><p><a href=\"https:\/\/www.pistes-solidaires.fr\">Read more<\/a><\/p>\t\t\t\t\t\t<\/div>\n\t\t\t\t<\/div>\n\t\t\t\t\t<\/div>\n\t\t<\/div>\n\t\t\t\t\t\t\t<\/div>\n\t\t<\/section>\n\t\t\t\t<section class=\"elementor-section elementor-top-section elementor-element elementor-element-69dc7c3 elementor-section-boxed elementor-section-height-default elementor-section-height-default\" data-id=\"69dc7c3\" data-element_type=\"section\">\n\t\t\t\t\t\t<div class=\"elementor-container elementor-column-gap-default\">\n\t\t\t\t\t<div class=\"elementor-column elementor-col-100 elementor-top-column elementor-element elementor-element-4005d26\" data-id=\"4005d26\" data-element_type=\"column\">\n\t\t\t<div class=\"elementor-widget-wrap elementor-element-populated\">\n\t\t\t\t\t\t\t\t<div class=\"elementor-element elementor-element-c14061d elementor-widget elementor-widget-heading\" data-id=\"c14061d\" data-element_type=\"widget\" data-widget_type=\"heading.default\">\n\t\t\t\t<div class=\"elementor-widget-container\">\n\t\t\t<h2 class=\"elementor-heading-title elementor-size-default\">Associated partners of Pistes Solidaires<\/h2>\t\t<\/div>\n\t\t\t\t<\/div>\n\t\t\t\t\t<\/div>\n\t\t<\/div>\n\t\t\t\t\t\t\t<\/div>\n\t\t<\/section>\n\t\t\t\t<section class=\"elementor-section elementor-top-section elementor-element elementor-element-130fd32 elementor-section-boxed elementor-section-height-default elementor-section-height-default\" data-id=\"130fd32\" data-element_type=\"section\">\n\t\t\t\t\t\t<div class=\"elementor-container elementor-column-gap-default\">\n\t\t\t\t\t<div class=\"elementor-column elementor-col-33 elementor-top-column elementor-element elementor-element-664e6f6\" data-id=\"664e6f6\" data-element_type=\"column\">\n\t\t\t<div class=\"elementor-widget-wrap elementor-element-populated\">\n\t\t\t\t\t\t\t\t<div class=\"elementor-element elementor-element-b9d63d8 elementor-widget elementor-widget-image\" data-id=\"b9d63d8\" data-element_type=\"widget\" data-widget_type=\"image.default\">\n\t\t\t\t<div class=\"elementor-widget-container\">\n\t\t\t\t\t\t\t\t\t\t\t\t\t\t\t<img width=\"720\" height=\"193\" src=\"https:\/\/diskproject.eu\/wp-content\/uploads\/2021\/09\/collectif-social-web-1.jpg\" class=\"attachment-large size-large\" alt=\"collectif social web\" loading=\"lazy\" srcset=\"https:\/\/diskproject.eu\/wp-content\/uploads\/2021\/09\/collectif-social-web-1.jpg 720w, https:\/\/diskproject.eu\/wp-content\/uploads\/2021\/09\/collectif-social-web-1-300x80.jpg 300w\" sizes=\"(max-width: 720px) 100vw, 720px\" \/>\t\t\t\t\t\t\t\t\t\t\t\t\t\t\t<\/div>\n\t\t\t\t<\/div>\n\t\t\t\t\t<\/div>\n\t\t<\/div>\n\t\t\t\t<div class=\"elementor-column elementor-col-66 elementor-top-column elementor-element elementor-element-1bf822d\" data-id=\"1bf822d\" data-element_type=\"column\">\n\t\t\t<div class=\"elementor-widget-wrap elementor-element-populated\">\n\t\t\t\t\t\t\t\t<div class=\"elementor-element elementor-element-13a4aa2 elementor-widget elementor-widget-text-editor\" data-id=\"13a4aa2\" data-element_type=\"widget\" data-widget_type=\"text-editor.default\">\n\t\t\t\t<div class=\"elementor-widget-container\">\n\t\t\t\t\t\t\t<p>The Collectif Social Web is an association, based in Bayonne, whose aim is to use digital technologies as a driver for development, training and promotion for an under-represented public in the web economy.<\/p><p>Every week, we run workshops in our offices to support, mediate and train people in digital tools.<\/p><p>We regularly organise events around digital culture: Repair Caf\u00e9, use of free software, Install Party (Linux), conferences\/debates&#8230; for all audiences.<\/p><p>Finally, we are setting up intensive digital training programmes. A &#8220;Frankly Web School&#8221; accessible to all inhabitants of priority neighbourhoods, without any diploma requirements. <\/p><p><a href=\"https:\/\/blog.collectif-social-web.fr\">Read more<\/a><\/p>\t\t\t\t\t\t<\/div>\n\t\t\t\t<\/div>\n\t\t\t\t\t<\/div>\n\t\t<\/div>\n\t\t\t\t\t\t\t<\/div>\n\t\t<\/section>\n\t\t\t\t\t\t\t<\/div>\n\t\t","protected":false},"excerpt":{"rendered":"<p>Pistes-Solidaires Pistes-Solidaires, con sede nel sud-ovest della Francia, \u00e8 un&#8217;associazione che agisce sui 4 pilastri dell&#8217;educazione articolati da UNESCO: imparare a conoscere, imparare ad essere, imparare a fare, imparare a [&hellip;]<\/p>\n","protected":false},"author":2,"featured_media":0,"parent":2780,"menu_order":0,"comment_status":"closed","ping_status":"closed","template":"","meta":[],"_links":{"self":[{"href":"https:\/\/diskproject.eu\/it\/wp-json\/wp\/v2\/pages\/2793"}],"collection":[{"href":"https:\/\/diskproject.eu\/it\/wp-json\/wp\/v2\/pages"}],"about":[{"href":"https:\/\/diskproject.eu\/it\/wp-json\/wp\/v2\/types\/page"}],"author":[{"embeddable":true,"href":"https:\/\/diskproject.eu\/it\/wp-json\/wp\/v2\/users\/2"}],"replies":[{"embeddable":true,"href":"https:\/\/diskproject.eu\/it\/wp-json\/wp\/v2\/comments?post=2793"}],"version-history":[{"count":5,"href":"https:\/\/diskproject.eu\/it\/wp-json\/wp\/v2\/pages\/2793\/revisions"}],"predecessor-version":[{"id":2798,"href":"https:\/\/diskproject.eu\/it\/wp-json\/wp\/v2\/pages\/2793\/revisions\/2798"}],"up":[{"embeddable":true,"href":"https:\/\/diskproject.eu\/it\/wp-json\/wp\/v2\/pages\/2780"}],"wp:attachment":[{"href":"https:\/\/diskproject.eu\/it\/wp-json\/wp\/v2\/media?parent=2793"}],"curies":[{"name":"wp","href":"https:\/\/api.w.org\/{rel}","templated":true}]}}