{"id":4610,"date":"2022-05-04T10:40:03","date_gmt":"2022-05-04T10:40:03","guid":{"rendered":"https:\/\/diskproject.eu\/?page_id=4610"},"modified":"2022-09-15T09:07:54","modified_gmt":"2022-09-15T09:07:54","slug":"il-metodo-pqrst-come-imparare-piu-velocemente-e-meglio","status":"publish","type":"page","link":"https:\/\/diskproject.eu\/it\/il-metodo-pqrst-come-imparare-piu-velocemente-e-meglio\/","title":{"rendered":"Il metodo PQRST: come imparare pi\u00f9 velocemente e meglio"},"content":{"rendered":"\t\t<div data-elementor-type=\"wp-page\" data-elementor-id=\"4610\" class=\"elementor elementor-4610 elementor-3105\">\n\t\t\t\t\t\t\t\t\t<section class=\"elementor-section elementor-top-section elementor-element elementor-element-626ec9c2 elementor-section-boxed elementor-section-height-default elementor-section-height-default\" data-id=\"626ec9c2\" data-element_type=\"section\">\n\t\t\t\t\t\t<div class=\"elementor-container elementor-column-gap-default\">\n\t\t\t\t\t<div class=\"elementor-column elementor-col-100 elementor-top-column elementor-element elementor-element-105392e7\" data-id=\"105392e7\" data-element_type=\"column\">\n\t\t\t<div class=\"elementor-widget-wrap elementor-element-populated\">\n\t\t\t\t\t\t\t\t<div class=\"elementor-element elementor-element-6ee9d288 elementor-widget elementor-widget-image\" data-id=\"6ee9d288\" data-element_type=\"widget\" data-widget_type=\"image.default\">\n\t\t\t\t<div class=\"elementor-widget-container\">\n\t\t\t\t\t\t\t\t\t\t\t\t\t\t\t<img width=\"1200\" height=\"200\" src=\"https:\/\/diskproject.eu\/wp-content\/uploads\/2022\/02\/wally_feat.png\" class=\"attachment-full size-full\" alt=\"\" loading=\"lazy\" srcset=\"https:\/\/diskproject.eu\/wp-content\/uploads\/2022\/02\/wally_feat.png 1200w, https:\/\/diskproject.eu\/wp-content\/uploads\/2022\/02\/wally_feat-300x50.png 300w, https:\/\/diskproject.eu\/wp-content\/uploads\/2022\/02\/wally_feat-1024x171.png 1024w, https:\/\/diskproject.eu\/wp-content\/uploads\/2022\/02\/wally_feat-768x128.png 768w\" sizes=\"(max-width: 1200px) 100vw, 1200px\" \/>\t\t\t\t\t\t\t\t\t\t\t\t\t\t\t<\/div>\n\t\t\t\t<\/div>\n\t\t\t\t<div class=\"elementor-element elementor-element-2746841f elementor-widget elementor-widget-text-editor\" data-id=\"2746841f\" data-element_type=\"widget\" data-widget_type=\"text-editor.default\">\n\t\t\t\t<div class=\"elementor-widget-container\">\n\t\t\t\t\t\t\t<p>Download content:<a href=\"https:\/\/docs.google.com\/presentation\/d\/1GrKJfcYe1aeHfyAOPsgHbyv-nQqmu9lH\/edit#slide=id.p1\"><img src=\"https:\/\/diskproject.eu\/wp-content\/uploads\/2022\/03\/powepoiint_ico.png\" width=\"32px\" \/><\/a><\/p> \t\t\t\t\t\t<\/div>\n\t\t\t\t<\/div>\n\t\t\t\t<div class=\"elementor-element elementor-element-4bdd8106 elementor-tabs-view-horizontal elementor-widget elementor-widget-tabs\" data-id=\"4bdd8106\" data-element_type=\"widget\" data-widget_type=\"tabs.default\">\n\t\t\t\t<div class=\"elementor-widget-container\">\n\t\t\t\t\t<div class=\"elementor-tabs\">\n\t\t\t<div class=\"elementor-tabs-wrapper\" role=\"tablist\" >\n\t\t\t\t\t\t\t\t\t<div id=\"elementor-tab-title-1271\" class=\"elementor-tab-title elementor-tab-desktop-title\" aria-selected=\"true\" data-tab=\"1\" role=\"tab\" tabindex=\"0\" aria-controls=\"elementor-tab-content-1271\" aria-expanded=\"false\">Contenuti<\/div>\n\t\t\t\t\t\t\t\t\t<div id=\"elementor-tab-title-1272\" class=\"elementor-tab-title elementor-tab-desktop-title\" aria-selected=\"false\" data-tab=\"2\" role=\"tab\" tabindex=\"-1\" aria-controls=\"elementor-tab-content-1272\" aria-expanded=\"false\">Descrizione\t<\/div>\n\t\t\t\t\t\t\t\t\t<div id=\"elementor-tab-title-1273\" class=\"elementor-tab-title elementor-tab-desktop-title\" aria-selected=\"false\" data-tab=\"3\" role=\"tab\" tabindex=\"-1\" aria-controls=\"elementor-tab-content-1273\" aria-expanded=\"false\">Data<\/div>\n\t\t\t\t\t\t\t\t\t<div id=\"elementor-tab-title-1274\" class=\"elementor-tab-title elementor-tab-desktop-title\" aria-selected=\"false\" data-tab=\"4\" role=\"tab\" tabindex=\"-1\" aria-controls=\"elementor-tab-content-1274\" aria-expanded=\"false\">Bibliografia<\/div>\n\t\t\t\t\t\t\t\t\t<div id=\"elementor-tab-title-1275\" class=\"elementor-tab-title elementor-tab-desktop-title\" aria-selected=\"false\" data-tab=\"5\" role=\"tab\" tabindex=\"-1\" aria-controls=\"elementor-tab-content-1275\" aria-expanded=\"false\">Game <\/div>\n\t\t\t\t\t\t\t<\/div>\n\t\t\t<div class=\"elementor-tabs-content-wrapper\" role=\"tablist\" aria-orientation=\"vertical\">\n\t\t\t\t\t\t\t\t\t<div class=\"elementor-tab-title elementor-tab-mobile-title\" aria-selected=\"true\" data-tab=\"1\" role=\"tab\" tabindex=\"0\" aria-controls=\"elementor-tab-content-1271\" aria-expanded=\"false\">Contenuti<\/div>\n\t\t\t\t\t<div id=\"elementor-tab-content-1271\" class=\"elementor-tab-content elementor-clearfix\" data-tab=\"1\" role=\"tabpanel\" aria-labelledby=\"elementor-tab-title-1271\" tabindex=\"0\" hidden=\"false\"><p><b>Sviluppo del contenuto formativo <\/b><\/p><p><div class=\"su-spoiler su-spoiler-style-fancy su-spoiler-icon-plus-circle su-spoiler-closed\" data-scroll-offset=\"0\" data-anchor-in-url=\"no\"><div class=\"su-spoiler-title\" tabindex=\"0\" role=\"button\"><span class=\"su-spoiler-icon\"><\/span><strong>Il contenuto della formazione \u00e8 diviso in cinque sezioni, una per ogni fase formale del modello.<\/strong><\/div><div class=\"su-spoiler-content su-u-clearfix su-u-trim\"><\/p><p>Preview<br \/>L&#8217;anteprima riguarda la &#8220;scansione&#8221; delle informazioni sommarie contenute nel testo, nell&#8217;articolo, ecc. Come una prevalutazione formale del contenuto dato, durante la fase di anteprima si raccomanda al lettore di concentrare la sua attenzione su cose come: riassunto, introduzione, tabelle\/diagrammi, parole chiave di rilevanza (solitamente indicate in Grassetto, Italic o in diversi colori) e su qualsiasi altro elemento del testo che sia indicativo di takeaway rilevanti.<\/p><ul><li>Question<br \/>Se l&#8217;Anteprima consiste nel farsi un&#8217;idea del quadro generale, l&#8217;Interrogazione consiste nel cercare di estrapolare dei significati. Il modo pi\u00f9 efficace per farlo \u00e8 dividere il testo dato in sottoparagrafi e assegnare a ciascuno di essi una domanda guida basata sull&#8217;argomento specifico che affrontano. <br \/><br \/><\/li><li>Reading<br \/>Dopo aver individuato le principali aree di interesse, \u00e8 il momento della sessione di lettura vera e propria. Questa non \u00e8 una lettura passiva ma \u00e8 strumentale per permettere ai lettori di riassumere le informazioni chiave. Una raccomandazione chiave \u00e8 quella di rimanere concentrati e non &#8220;zoomare fuori&#8221; dal testo, in questo modo i lettori sono in grado di massimizzare le informazioni raccolte da ogni paragrafo.<br \/><br \/><\/li><li>Summarise<br \/>Fondamentalmente, consiste nel ripetere ad alta voce ci\u00f2 che \u00e8 stato appena messo a fuoco nel processo di lettura &#8211; possibilmente, senza guardare il testo. Questo dovrebbe essere fatto in un modo molto giocoso, per esempio: fingendo di essere intervistato sull&#8217;argomento. La recitazione si \u00e8 dimostrata un modo molto efficace per assorbire informazioni, per quanto insolito possa sembrare.<br \/><br \/><\/li><li>Testing <br \/>Dopo una breve pausa, i lettori sono invitati a tornare al testo e, senza guardarlo, vedere cosa effettivamente ricordano di esso. Testare significa replicare il processo di sintesi con pi\u00f9 naturalezza e facilit\u00e0. Se i lettori sono fiduciosi nella loro &#8220;lezione beffarda&#8221;, significa che stanno riuscendo nella loro esperienza di apprendimento, al contrario si raccomanda ai lettori di tornare al punto n.3 e ripetere il processo.<\/li><\/ul><p><\/div><\/div><\/p><\/div>\n\t\t\t\t\t\t\t\t\t<div class=\"elementor-tab-title elementor-tab-mobile-title\" aria-selected=\"false\" data-tab=\"2\" role=\"tab\" tabindex=\"-1\" aria-controls=\"elementor-tab-content-1272\" aria-expanded=\"false\">Descrizione\t<\/div>\n\t\t\t\t\t<div id=\"elementor-tab-content-1272\" class=\"elementor-tab-content elementor-clearfix\" data-tab=\"2\" role=\"tabpanel\" aria-labelledby=\"elementor-tab-title-1272\" tabindex=\"0\" hidden=\"hidden\"><div id=\"elementor-tab-title-2102\" class=\"elementor-tab-title elementor-tab-desktop-title\" tabindex=\"-1\" role=\"tab\" aria-selected=\"false\" data-tab=\"2\" aria-controls=\"elementor-tab-content-2102\" aria-expanded=\"false\"><strong>Descrizione<\/strong><\/div><p><span style=\"font-weight: 400;\">In questo modulo gli obiettivi saranno introdotti al <\/span><b>modello PQRST<\/b><span style=\"font-weight: 400;\"> (Preview, Question, Reading, Summarise, Testing). Il metodo PQRST \u00e8 uno dei modi pi\u00f9 affidabili per imparare nuovo materiale e conservare la conoscenza nella memoria.\u00a0<\/span><\/p><p><span style=\"font-weight: 400;\">Originariamente basato su un lavoro sperimentale condotto da un gruppo di psicologi, questa tecnica \u00e8 raccomandata da professionisti in tutti i campi dell&#8217;istruzione e della formazione e ha trovato grande eco tra gli studenti delle scuole superiori e del college.<\/span><\/p><p><span style=\"font-weight: 400;\">Anche se il modello \u00e8 progettato per essere applicato nello studio, pu\u00f2 essere virtualmente riadattato in tutti i contesti: non ci sono confini formali per la sua applicazione.<\/span><\/p><p><span style=\"font-weight: 400;\">A causa della sua grande popolarit\u00e0, il modello ha trovato molte revisioni ma non cambia mai nel suo &#8220;nucleo&#8221;.\u00a0 Gli studenti saranno guidati attraverso tutti e cinque i passi del metodo con esempi chiari a cui possono fare riferimento per avere una migliore comprensione della materia.<\/span><\/p><h3><b>Risultati dell\u2019apprendimento \/ obiettivi<\/b><\/h3><table><tbody><tr><td colspan=\"2\"><p><span style=\"font-weight: 400;\">In primo luogo, gli obiettivi avranno l&#8217;opportunit\u00e0 di acquisire un nuovo metodo di studio che \u00e8 perfettamente adatto alle loro esigenze specifiche. Attraverso la pratica, i destinatari saranno in grado di trasferire le loro nuove competenze in tutti i campi.\u00a0<\/span><\/p><p>\u00a0<\/p><p><span style=\"font-weight: 400;\">L&#8217;obiettivo finale \u00e8 quello di dotarli di un metodo pratico per rafforzare ed esercitare le loro funzioni mnemoniche, la loro efficienza nell&#8217;assorbire nuove informazioni e conservare la conoscenza e, soprattutto, la loro percezione di <\/span><b>auto-efficacia<\/b><span style=\"font-weight: 400;\"> e <\/span><b>consapevolezza di s\u00e9<\/b><span style=\"font-weight: 400;\">.<\/span><\/p><p><b>In breve<\/b><\/p><p><b>Preview<\/b><\/p><p><span style=\"font-weight: 400;\">Consigli e suggerimenti:\u00a0<\/span><\/p><ol><li style=\"font-weight: 400;\" aria-level=\"1\"><span style=\"font-weight: 400;\">Vai subito alla tavola dei contenuti<\/span><\/li><li style=\"font-weight: 400;\" aria-level=\"1\"><span style=\"font-weight: 400;\">Prendi nota delle intestazioni<\/span><\/li><li style=\"font-weight: 400;\" aria-level=\"1\"><span style=\"font-weight: 400;\">Passa da introduzione alle conclusioni<\/span><\/li><\/ol><p>\u00a0<\/p><p><b>Question<\/b><\/p><p><span style=\"font-weight: 400;\">Consigli e suggerimenti:\u00a0<\/span><\/p><ol><li style=\"font-weight: 400;\" aria-level=\"1\"><span style=\"font-weight: 400;\">Traduci i titoli del testo in domande, per es.: Cosa si intende per domanda nel metodo PQRST?\u00a0<\/span><\/li><li style=\"font-weight: 400;\" aria-level=\"1\"><span style=\"font-weight: 400;\">Cerca di fare collegamenti con le considerazioni in Anteprima<\/span><\/li><li style=\"font-weight: 400;\" aria-level=\"1\"><span style=\"font-weight: 400;\">\u00a0Evita le domande T\/F e prova a riformulare usando Chi\/Cosa\/Dove\/Perch\u00e9\/Come<\/span><\/li><\/ol><p>\u00a0<\/p><p><b>Reading<\/b><\/p><p><span style=\"font-weight: 400;\">Consigli e suggerimenti<\/span><\/p><ol><li style=\"font-weight: 400;\" aria-level=\"1\"><span style=\"font-weight: 400;\">Separa il testo in macro-griglie<\/span><\/li><li style=\"font-weight: 400;\" aria-level=\"1\"><span style=\"font-weight: 400;\">Sentiti libero di fare uso di strumenti esterni come adesivi ed evidenziatori<\/span><\/li><li style=\"font-weight: 400;\" aria-level=\"1\"><span style=\"font-weight: 400;\">Stabilisci degli intervalli intermedi dopo i quali autovaluti la comprensione del testo<\/span><\/li><\/ol><p>\u00a0<\/p><p><b>Summarise<\/b><\/p><p><span style=\"font-weight: 400;\">Consigli e suggerimenti\u00a0<\/span><\/p><ol><li style=\"font-weight: 400;\" aria-level=\"1\"><span style=\"font-weight: 400;\">Scrivi un breve riassunto<\/span><\/li><li style=\"font-weight: 400;\" aria-level=\"1\"><span style=\"font-weight: 400;\">Riassumi il tuo discorso in punti elencati<\/span><\/li><li style=\"font-weight: 400;\" aria-level=\"1\"><span style=\"font-weight: 400;\">Se possibile, mettiti di fronte a uno specchio &#8211; questo aumenter\u00e0 la tua fiducia e la consapevolezza di te stesso<\/span><\/li><\/ol><p>\u00a0<\/p><p><b>Testing<\/b><\/p><p><span style=\"font-weight: 400;\">Consigli e suggerimenti<\/span><\/p><ol><li style=\"font-weight: 400;\" aria-level=\"1\"><span style=\"font-weight: 400;\">Usa le domande dei passi n.2 come guida di riferimento<\/span><\/li><li style=\"font-weight: 400;\" aria-level=\"1\"><span style=\"font-weight: 400;\">Cerca di associare i concetti alle immagini<\/span><\/li><li style=\"font-weight: 400;\" aria-level=\"1\"><span style=\"font-weight: 400;\">Impostate il vostro discorso fino al punto in cui siete in grado di dare le stesse informazioni con meno parole<\/span><\/li><\/ol><\/td><\/tr><\/tbody><\/table><\/div>\n\t\t\t\t\t\t\t\t\t<div class=\"elementor-tab-title elementor-tab-mobile-title\" aria-selected=\"false\" data-tab=\"3\" role=\"tab\" tabindex=\"-1\" aria-controls=\"elementor-tab-content-1273\" aria-expanded=\"false\">Data<\/div>\n\t\t\t\t\t<div id=\"elementor-tab-content-1273\" class=\"elementor-tab-content elementor-clearfix\" data-tab=\"3\" role=\"tabpanel\" aria-labelledby=\"elementor-tab-title-1273\" tabindex=\"0\" hidden=\"hidden\"><h3>Autore<\/h3><p>IHF asbl<\/p><h3><b>Lingua<\/b><\/h3><p>ITALIANO<\/p><p><b>Nuovo glossario<\/b><\/p><p><span style=\"font-weight: 400;\">utoefficacia: originariamente proposto dallo psicologo canadese Albert Bandura, il concetto di autoefficacia si riferisce a: &#8220;quanto bene si possono eseguire i corsi di azione richiesti per affrontare situazioni prospettiche&#8221;. Un sano atteggiamento mentale di autoefficacia porta un effetto di spinta alla competenza dell&#8217;allievo ad agire con fiducia, efficacia e motivazione.<\/span><\/p><p><span style=\"font-weight: 400;\">Autoconsapevolezza: uno stato mentale che permette alle persone di confrontare e valutare i loro standard attuali con le loro aspettative interne (e personali). L&#8217;autoconsapevolezza \u00e8 un mezzo potente per la comprensione profonda delle proprie emozioni. L&#8217;autoconsapevolezza innesca la progettazione e &#8220;l&#8217;ingegnerizzazione&#8221; di una risposta coerente a uno stato di bisogno &#8211; indipendentemente dal contesto da cui proviene (famiglia, affari, ecc.).<\/span><\/p><\/div>\n\t\t\t\t\t\t\t\t\t<div class=\"elementor-tab-title elementor-tab-mobile-title\" aria-selected=\"false\" data-tab=\"4\" role=\"tab\" tabindex=\"-1\" aria-controls=\"elementor-tab-content-1274\" aria-expanded=\"false\">Bibliografia<\/div>\n\t\t\t\t\t<div id=\"elementor-tab-content-1274\" class=\"elementor-tab-content elementor-clearfix\" data-tab=\"4\" role=\"tabpanel\" aria-labelledby=\"elementor-tab-title-1274\" tabindex=\"0\" hidden=\"hidden\"><p><span style=\"font-weight: 400;\">N\/A<\/span><\/p><\/div>\n\t\t\t\t\t\t\t\t\t<div class=\"elementor-tab-title elementor-tab-mobile-title\" aria-selected=\"false\" data-tab=\"5\" role=\"tab\" tabindex=\"-1\" aria-controls=\"elementor-tab-content-1275\" aria-expanded=\"false\">Game <\/div>\n\t\t\t\t\t<div id=\"elementor-tab-content-1275\" class=\"elementor-tab-content elementor-clearfix\" data-tab=\"5\" role=\"tabpanel\" aria-labelledby=\"elementor-tab-title-1275\" tabindex=\"0\" hidden=\"hidden\"><p>Game Content<\/p><p><a href=\"https:\/\/forms.gle\/bA5FWZXXEgN5Kry78\" target=\"_blank\" rel=\"noopener\">Click here<\/a><\/p><\/div>\n\t\t\t\t\t\t\t<\/div>\n\t\t<\/div>\n\t\t\t\t<\/div>\n\t\t\t\t<\/div>\n\t\t\t\t\t<\/div>\n\t\t<\/div>\n\t\t\t\t\t\t\t<\/div>\n\t\t<\/section>\n\t\t\t\t\t\t\t<\/div>\n\t\t","protected":false},"excerpt":{"rendered":"<p>Download content: Contenuti Descrizione Data Bibliografia Game Contenuti Sviluppo del contenuto formativo Il contenuto della formazione \u00e8 diviso in cinque sezioni, una per ogni fase formale del modello. PreviewL&#8217;anteprima riguarda [&hellip;]<\/p>\n","protected":false},"author":2,"featured_media":0,"parent":0,"menu_order":0,"comment_status":"closed","ping_status":"closed","template":"","meta":[],"_links":{"self":[{"href":"https:\/\/diskproject.eu\/it\/wp-json\/wp\/v2\/pages\/4610"}],"collection":[{"href":"https:\/\/diskproject.eu\/it\/wp-json\/wp\/v2\/pages"}],"about":[{"href":"https:\/\/diskproject.eu\/it\/wp-json\/wp\/v2\/types\/page"}],"author":[{"embeddable":true,"href":"https:\/\/diskproject.eu\/it\/wp-json\/wp\/v2\/users\/2"}],"replies":[{"embeddable":true,"href":"https:\/\/diskproject.eu\/it\/wp-json\/wp\/v2\/comments?post=4610"}],"version-history":[{"count":31,"href":"https:\/\/diskproject.eu\/it\/wp-json\/wp\/v2\/pages\/4610\/revisions"}],"predecessor-version":[{"id":7008,"href":"https:\/\/diskproject.eu\/it\/wp-json\/wp\/v2\/pages\/4610\/revisions\/7008"}],"wp:attachment":[{"href":"https:\/\/diskproject.eu\/it\/wp-json\/wp\/v2\/media?parent=4610"}],"curies":[{"name":"wp","href":"https:\/\/api.w.org\/{rel}","templated":true}]}}